{"id":1113,"date":"2023-09-27T18:14:14","date_gmt":"2023-09-27T23:14:14","guid":{"rendered":"http:\/\/cehupnl.com\/?page_id=1113"},"modified":"2024-04-08T17:58:29","modified_gmt":"2024-04-08T23:58:29","slug":"ms","status":"publish","type":"page","link":"https:\/\/cehupnl.com\/en\/ms\/","title":{"rendered":"MS"},"content":{"rendered":"<p class=\"has-text-align-center has-text-color has-large-font-size\" style=\"color:#89010f\"><strong>\u00bfTienes problemas econ\u00f3micos, familiares, de salud o de relaciones y no comprendes que los provoca?<\/strong><\/p>\n\n\n\n<p class=\"has-text-align-center has-palette-color-2-color has-text-color has-large-font-size\"><strong>&nbsp;\u00a1La respuesta y soluci\u00f3n est\u00e1n en lo m\u00e1s profundo de tu mente subconsciente!<\/strong><\/p>\n\n\n\n<figure class=\"wp-block-gallery has-nested-images columns-default is-cropped wp-block-gallery-1 is-layout-flex wp-block-gallery-is-layout-flex\"><div class=\"wp-block-image\">\n<figure class=\"aligncenter size-large\"><img fetchpriority=\"high\" decoding=\"async\" width=\"950\" height=\"433\" data-id=\"1115\" src=\"http:\/\/cehupnl.com\/wp-content\/uploads\/2023\/09\/lms-950x433.jpg\" alt=\"\" class=\"wp-image-1115\" srcset=\"https:\/\/cehupnl.com\/wp-content\/uploads\/2023\/09\/lms-950x433.jpg 950w, https:\/\/cehupnl.com\/wp-content\/uploads\/2023\/09\/lms-300x137.jpg 300w, https:\/\/cehupnl.com\/wp-content\/uploads\/2023\/09\/lms-768x350.jpg 768w, https:\/\/cehupnl.com\/wp-content\/uploads\/2023\/09\/lms-1536x700.jpg 1536w, https:\/\/cehupnl.com\/wp-content\/uploads\/2023\/09\/lms-2048x934.jpg 2048w, https:\/\/cehupnl.com\/wp-content\/uploads\/2023\/09\/lms-18x8.jpg 18w, https:\/\/cehupnl.com\/wp-content\/uploads\/2023\/09\/lms-600x274.jpg 600w\" sizes=\"(max-width: 950px) 100vw, 950px\" \/><\/figure>\n<\/div><\/figure>\n\n\n\n<p class=\"has-text-color has-medium-font-size\" style=\"color:#050505\">Mis estudiantes deseosos de saber m\u00e1s, me han solicitado aclarar conceptos sobre <strong>el inconsciente y su poder.<\/strong><\/p>\n\n\n\n<p class=\"has-text-color has-medium-font-size\" style=\"color:#050505\">Nunca ha sido f\u00e1cil comprender las cosas que no se ven.<\/p>\n\n\n\n<p class=\"has-text-color has-medium-font-size\" style=\"color:#050505\">Me tarde muchos a\u00f1os en comprender el funcionamiento de los mecanismos del subconsciente y poderlos explicar claramente.<\/p>\n\n\n\n<p class=\"has-text-color has-medium-font-size\" style=\"color:#050505\">Todos tenemos un subconsciente y muy pocos sabemos c\u00f3mo utilizarlo. Tenemos que aprender a \u201c<strong>OIR<\/strong>\u201d su voz que nos gu\u00eda y saber \u201c<strong>VER<\/strong>\u201d lo que nuestros ojos no ven. Cuando lo hagamos habremos entrado en posesi\u00f3n&nbsp; de la \u00fanica fuente de inspiraci\u00f3n valedera <\/p>\n\n\n\n<p class=\"has-text-align-center has-palette-color-2-color has-text-color has-medium-font-size\"><strong>\u00a1Esa fuerza interior: nuestro propio subconsciente!<\/strong><\/p>\n\n\n\n<p class=\"has-text-color has-medium-font-size\" style=\"color:#050505\">Creo indispensable compartir estos principios universales y su aplicaci\u00f3n para la vida plena.<\/p>\n\n\n\n<p class=\"has-text-color has-medium-font-size\" style=\"color:#050505\">Nuestros estudiantes, futuros profesionistas u hombres de empresa, ser\u00e1n m\u00e1s eficaces, productivos, felices y har\u00e1n del mundo un mejor espacio para vivir.<\/p>\n\n\n\n<div class=\"wp-block-buttons is-content-justification-center is-layout-flex wp-container-core-buttons-is-layout-16018d1d wp-block-buttons-is-layout-flex\">\n<div class=\"wp-block-button has-custom-font-size has-medium-font-size\"><a class=\"wp-block-button__link has-text-align-center wp-element-button\"><strong>Quiero inscribirme<\/strong><\/a><\/div>\n<\/div>\n\n\n\n<p class=\"has-text-color has-medium-font-size\" style=\"color:#080808\"><strong>A QUIEN VA DIRIGIDO<\/strong><\/p>\n\n\n\n<p class=\"has-text-color has-medium-font-size\" style=\"color:#080808\"><em>A todas aquellas persona que quieran hacer cambios significativos en su vida a nivel familiar, profesional, econ\u00f3micos, relacionales, de salud y espirituales.<\/em><\/p>\n\n\n\n<hr class=\"wp-block-separator has-alpha-channel-opacity\"\/>\n\n\n\n<p class=\"has-text-color has-medium-font-size\" style=\"color:#050505\"><strong>DESDE HACE MAS DE 30 A\u00d1OS HE RECOPILADO ALGUNAS PREGUNTAS QUE MIS ESTUDIANTES ME HAN HECHO:<\/strong><\/p>\n\n\n<div class=\"wp-block-image\">\n<figure class=\"aligncenter size-large is-resized\"><img decoding=\"async\" width=\"950\" height=\"847\" src=\"http:\/\/cehupnl.com\/wp-content\/uploads\/2023\/09\/preg-1-950x847.jpg\" alt=\"\" class=\"wp-image-1126\" style=\"width:519px;height:463px\" srcset=\"https:\/\/cehupnl.com\/wp-content\/uploads\/2023\/09\/preg-1-950x847.jpg 950w, https:\/\/cehupnl.com\/wp-content\/uploads\/2023\/09\/preg-1-300x268.jpg 300w, https:\/\/cehupnl.com\/wp-content\/uploads\/2023\/09\/preg-1-768x685.jpg 768w, https:\/\/cehupnl.com\/wp-content\/uploads\/2023\/09\/preg-1-1536x1370.jpg 1536w, https:\/\/cehupnl.com\/wp-content\/uploads\/2023\/09\/preg-1-13x12.jpg 13w, https:\/\/cehupnl.com\/wp-content\/uploads\/2023\/09\/preg-1-600x535.jpg 600w, https:\/\/cehupnl.com\/wp-content\/uploads\/2023\/09\/preg-1.jpg 1696w\" sizes=\"(max-width: 950px) 100vw, 950px\" \/><\/figure>\n<\/div>\n\n\n<p class=\"has-text-align-center has-palette-color-7-color has-palette-color-2-background-color has-text-color has-background has-medium-font-size\"><strong>MI RESPUESTA HA SIDO LA MISMA<\/strong><\/p>\n\n\n\n<p class=\"has-text-align-center has-text-color has-large-font-size\" style=\"color:#e50b1a\"><strong>\u00a1TODO ESTA EN SU MENTE SUBCONSCIENTE!<\/strong><\/p>\n\n\n\n<p class=\"has-text-color has-medium-font-size\" style=\"color:#000000\">Algunos trabajan duro, investigan, invierten y se deciden a resolver su problema, lo superan y evolucionan.<\/p>\n\n\n\n<p class=\"has-text-color has-medium-font-size\" style=\"color:#000000\">La mayor\u00eda se conforma y no hace nada porque se trata de investigar, trabajar duro en la soluci\u00f3n, invertir tiempo, dinero y esforzarse al m\u00e1ximo.<\/p>\n\n\n\n<p class=\"has-text-color has-medium-font-size\" style=\"color:#000000\">Pero, lo peor es que, conociendo cual es la soluci\u00f3n, prefieren arrastrarse por la vida dando l\u00e1stima en medio de la&nbsp;mediocridad, pobreza, desamparo, dolor y enfermedad.<\/p>\n\n\n\n<p class=\"has-text-align-center has-text-color has-large-font-size\" style=\"color:#750202\"><strong>\u00a1AQU\u00cd TIENES LA SOLUCION<\/strong>!<\/p>\n\n\n<div class=\"wp-block-image\">\n<figure class=\"aligncenter size-large is-resized\"><img decoding=\"async\" width=\"950\" height=\"821\" src=\"http:\/\/cehupnl.com\/wp-content\/uploads\/2024\/04\/mente-sub-950x821.png\" alt=\"\" class=\"wp-image-1261\" style=\"width:535px;height:462px\" srcset=\"https:\/\/cehupnl.com\/wp-content\/uploads\/2024\/04\/mente-sub-950x821.png 950w, https:\/\/cehupnl.com\/wp-content\/uploads\/2024\/04\/mente-sub-300x259.png 300w, https:\/\/cehupnl.com\/wp-content\/uploads\/2024\/04\/mente-sub-768x664.png 768w, https:\/\/cehupnl.com\/wp-content\/uploads\/2024\/04\/mente-sub-1536x1327.png 1536w, https:\/\/cehupnl.com\/wp-content\/uploads\/2024\/04\/mente-sub-2048x1770.png 2048w, https:\/\/cehupnl.com\/wp-content\/uploads\/2024\/04\/mente-sub-14x12.png 14w, https:\/\/cehupnl.com\/wp-content\/uploads\/2024\/04\/mente-sub-600x518.png 600w\" sizes=\"(max-width: 950px) 100vw, 950px\" \/><\/figure>\n<\/div>\n\n\n<p class=\"has-text-align-center has-text-color has-medium-font-size\" style=\"color:#000000\">Si sientes un impulso de asistir o curiosidad, \u00a1Esto es para ti!<\/p>\n\n\n\n<p class=\"has-text-align-center has-text-color has-medium-font-size\" style=\"color:#000000\"><strong>\u00a1HAZLE CASO A TU SUBCONSCIENTE!<\/strong><\/p>\n\n\n\n<div class=\"wp-block-buttons is-content-justification-center is-layout-flex wp-container-core-buttons-is-layout-16018d1d wp-block-buttons-is-layout-flex\">\n<div class=\"wp-block-button has-custom-font-size has-medium-font-size\"><a class=\"wp-block-button__link has-text-align-center wp-element-button\"><strong>Quiero inscribirme<\/strong><\/a><\/div>\n<\/div>\n\n\n\n<p class=\"has-text-color has-medium-font-size\" style=\"color:#000000\">En solo d\u00eda&nbsp; y medio podr\u00e1s encontrar las respuestas que est\u00e1s buscando porque tocaremos temas como:<\/p>\n\n\n\n<figure class=\"wp-block-image size-large\"><img loading=\"lazy\" decoding=\"async\" width=\"950\" height=\"459\" src=\"http:\/\/cehupnl.com\/wp-content\/uploads\/2023\/09\/TEMARIO-2-950x459.jpg\" alt=\"\" class=\"wp-image-1128\" srcset=\"https:\/\/cehupnl.com\/wp-content\/uploads\/2023\/09\/TEMARIO-2-950x459.jpg 950w, https:\/\/cehupnl.com\/wp-content\/uploads\/2023\/09\/TEMARIO-2-300x145.jpg 300w, https:\/\/cehupnl.com\/wp-content\/uploads\/2023\/09\/TEMARIO-2-768x371.jpg 768w, https:\/\/cehupnl.com\/wp-content\/uploads\/2023\/09\/TEMARIO-2-1536x741.jpg 1536w, https:\/\/cehupnl.com\/wp-content\/uploads\/2023\/09\/TEMARIO-2-2048x989.jpg 2048w, https:\/\/cehupnl.com\/wp-content\/uploads\/2023\/09\/TEMARIO-2-18x9.jpg 18w, https:\/\/cehupnl.com\/wp-content\/uploads\/2023\/09\/TEMARIO-2-600x290.jpg 600w\" sizes=\"(max-width: 950px) 100vw, 950px\" \/><\/figure>\n\n\n\n<p class=\"has-text-color has-medium-font-size\" style=\"color:#060606\"><strong>ES MUY POSIBLE QUE EL TEMARIO NO TE DIGA MUCHO O CASI NADA PERO TAMBIEN TE GARANTIZO QUE ENCONTRAR\u00c1S MUCHISIMO MAS.<\/strong><\/p>\n\n\n\n<p class=\"has-text-color has-medium-font-size\" style=\"color:#060606\"><strong>ASI QUE, SI QUIERES:<\/strong><\/p>\n\n\n\n<figure class=\"wp-block-image size-large\"><img loading=\"lazy\" decoding=\"async\" width=\"950\" height=\"221\" src=\"http:\/\/cehupnl.com\/wp-content\/uploads\/2023\/09\/RBTX7-phq41iyysw-X7-1-950x221.jpg\" alt=\"\" class=\"wp-image-1135\" srcset=\"https:\/\/cehupnl.com\/wp-content\/uploads\/2023\/09\/RBTX7-phq41iyysw-X7-1-950x221.jpg 950w, https:\/\/cehupnl.com\/wp-content\/uploads\/2023\/09\/RBTX7-phq41iyysw-X7-1-300x70.jpg 300w, https:\/\/cehupnl.com\/wp-content\/uploads\/2023\/09\/RBTX7-phq41iyysw-X7-1-768x178.jpg 768w, https:\/\/cehupnl.com\/wp-content\/uploads\/2023\/09\/RBTX7-phq41iyysw-X7-1-1536x357.jpg 1536w, https:\/\/cehupnl.com\/wp-content\/uploads\/2023\/09\/RBTX7-phq41iyysw-X7-1-18x4.jpg 18w, https:\/\/cehupnl.com\/wp-content\/uploads\/2023\/09\/RBTX7-phq41iyysw-X7-1-600x139.jpg 600w, https:\/\/cehupnl.com\/wp-content\/uploads\/2023\/09\/RBTX7-phq41iyysw-X7-1.jpg 1594w\" sizes=\"(max-width: 950px) 100vw, 950px\" \/><\/figure>\n\n\n\n<div class=\"wp-block-buttons is-content-justification-center is-layout-flex wp-container-core-buttons-is-layout-16018d1d wp-block-buttons-is-layout-flex\">\n<div class=\"wp-block-button has-custom-font-size has-medium-font-size\"><a class=\"wp-block-button__link has-text-align-center wp-element-button\">\u00a1Inscr\u00edbete Ya!<\/a><\/div>\n<\/div>\n\n\n\n<p class=\"has-text-color has-medium-font-size\" style=\"color:#000000\"><\/p>\n\n\n<div class=\"wp-block-image\">\n<figure class=\"aligncenter size-full is-resized\"><img loading=\"lazy\" decoding=\"async\" width=\"1096\" height=\"680\" src=\"http:\/\/cehupnl.com\/wp-content\/uploads\/2024\/03\/FECHA.png\" alt=\"\" class=\"wp-image-1245\" style=\"width:463px;height:304px\" srcset=\"https:\/\/cehupnl.com\/wp-content\/uploads\/2024\/03\/FECHA.png 1096w, https:\/\/cehupnl.com\/wp-content\/uploads\/2024\/03\/FECHA-300x186.png 300w, https:\/\/cehupnl.com\/wp-content\/uploads\/2024\/03\/FECHA-950x589.png 950w, https:\/\/cehupnl.com\/wp-content\/uploads\/2024\/03\/FECHA-768x476.png 768w, https:\/\/cehupnl.com\/wp-content\/uploads\/2024\/03\/FECHA-18x12.png 18w, https:\/\/cehupnl.com\/wp-content\/uploads\/2024\/03\/FECHA-600x372.png 600w\" sizes=\"(max-width: 1096px) 100vw, 1096px\" \/><\/figure>\n<\/div>\n\n<div class=\"wp-block-image\">\n<figure class=\"aligncenter size-large is-resized\"><img loading=\"lazy\" decoding=\"async\" width=\"950\" height=\"538\" src=\"http:\/\/cehupnl.com\/wp-content\/uploads\/2024\/03\/DESC-3-950x538.png\" alt=\"\" class=\"wp-image-1247\" style=\"width:622px;height:auto\" srcset=\"https:\/\/cehupnl.com\/wp-content\/uploads\/2024\/03\/DESC-3-950x538.png 950w, https:\/\/cehupnl.com\/wp-content\/uploads\/2024\/03\/DESC-3-300x170.png 300w, https:\/\/cehupnl.com\/wp-content\/uploads\/2024\/03\/DESC-3-768x435.png 768w, https:\/\/cehupnl.com\/wp-content\/uploads\/2024\/03\/DESC-3-18x10.png 18w, https:\/\/cehupnl.com\/wp-content\/uploads\/2024\/03\/DESC-3-600x340.png 600w, https:\/\/cehupnl.com\/wp-content\/uploads\/2024\/03\/DESC-3.png 1491w\" sizes=\"(max-width: 950px) 100vw, 950px\" \/><\/figure>\n<\/div>\n\n\n<p class=\"has-text-color has-medium-font-size\" style=\"color:#000000\"><\/p>\n\n\n\n<div class=\"wp-block-countdown-block-countdown\"><div class=\"eb-parent-wrapper eb-parent-eb-countdown-i6skz9u\"><div class=\"eb-countdown-i6skz9u eb-cd-wrapper preset3\"><div class=\"eb-cd-inner\" blockid=\"eb-countdown-i6skz9u\" data-deadline-time=\"1714197540000\" data-is-evergreen-time=\"false\" data-evergreen-time-hours=\"11\" data-evergreen-time-minutes=\"59\" data-evergreen-recurring=\"false\" data-evergreen-restart-time=\"0\" data-evergreen-deadline-time=\"1696463083965\"><div class=\"box cd-box-day\"><span class=\"eb-cd-digit\">00<\/span><span class=\"eb-cd-label\">D\u00edas<\/span><\/div><div class=\"box cd-box-hour\"><span class=\"eb-cd-digit\">00<\/span><span class=\"eb-cd-label\">Horas<\/span><\/div><div class=\"box cd-box-minute\"><span class=\"eb-cd-digit\">00<\/span><span class=\"eb-cd-label\">Minutos<\/span><\/div><div class=\"box cd-box-second\"><span class=\"eb-cd-digit\">00<\/span><span class=\"eb-cd-label\">Segundos<\/span><\/div><\/div><\/div><\/div><\/div>\n\n\n<div class=\"wp-block-image\">\n<figure class=\"aligncenter size-full is-resized\"><img loading=\"lazy\" decoding=\"async\" width=\"806\" height=\"171\" src=\"http:\/\/cehupnl.com\/wp-content\/uploads\/2023\/09\/inscr.jpg\" alt=\"\" class=\"wp-image-1121\" style=\"width:423px;height:90px\" srcset=\"https:\/\/cehupnl.com\/wp-content\/uploads\/2023\/09\/inscr.jpg 806w, https:\/\/cehupnl.com\/wp-content\/uploads\/2023\/09\/inscr-300x64.jpg 300w, https:\/\/cehupnl.com\/wp-content\/uploads\/2023\/09\/inscr-768x163.jpg 768w, https:\/\/cehupnl.com\/wp-content\/uploads\/2023\/09\/inscr-18x4.jpg 18w, https:\/\/cehupnl.com\/wp-content\/uploads\/2023\/09\/inscr-600x127.jpg 600w\" sizes=\"(max-width: 806px) 100vw, 806px\" \/><\/figure>\n<\/div>\n\n\n<div class=\"wp-block-buttons is-content-justification-center is-layout-flex wp-container-core-buttons-is-layout-16018d1d wp-block-buttons-is-layout-flex\">\n<div class=\"wp-block-button has-custom-width wp-block-button__width-50 has-custom-font-size has-medium-font-size\"><a class=\"wp-block-button__link has-text-align-right wp-element-button\">\u00a1Quiero inscribirme!<\/a><\/div>\n<\/div>\n\n\n\n<p class=\"has-text-color has-medium-font-size\" style=\"color:#000000\"><\/p>\n\n\n\n<p class=\"has-text-align-center has-text-color has-medium-font-size\" style=\"color:#000000\"><strong>ADEMAS, RECIBIR\u00c1S UNA CARPETA DE TRABAJO, MATERIAL DID\u00c1CTICO Y SERVICIO DE CAFETER\u00cdA.<\/strong><\/p>\n\n\n\n<p class=\"has-text-color has-medium-font-size\" style=\"color:#000000\">S\u00e9 que pagar 3.250 puede ser muy caro para quienes no est\u00e1n acostumbrados a invertir en su crecimiento personal. Para otros, pudiera ser muy barato o de dudosa calidad por el costo. Pero, quienes conocen mi trabajo saben bien que vale much\u00edsimo m\u00e1s.<\/p>\n\n\n\n<p class=\"has-text-align-center has-text-color has-large-font-size\" style=\"color:#890101\"><strong><em>\u00bfQu\u00e9 precio le pones a encontrar la soluci\u00f3n que est\u00e1s buscando?<\/em><\/strong><\/p>\n\n\n\n<p class=\"has-text-align-center has-text-color has-large-font-size\" style=\"color:#890101\"><strong><em>\u00bfO prefieres andar sufriendo t\u00fa y tus seres queridos?<\/em><\/strong><\/p>\n\n\n\n<p class=\"has-text-align-center has-text-color has-medium-font-size\" style=\"color:#000000\"><strong>\u00bfQU\u00c9 ESPERAS PARA REGISTRATE?<\/strong><\/p>\n\n\n\n<div class=\"wp-block-buttons is-content-justification-center is-layout-flex wp-container-core-buttons-is-layout-16018d1d wp-block-buttons-is-layout-flex\">\n<div class=\"wp-block-button has-custom-width wp-block-button__width-25 has-custom-font-size has-medium-font-size\"><a class=\"wp-block-button__link wp-element-button\">\u00a1Inscr\u00edbete Ya!<\/a><\/div>\n<\/div>\n\n\n\n<p class=\"has-text-align-center has-palette-color-7-color has-text-color has-background has-large-font-size\" style=\"background-color:#7d0808\">\u00a1<strong>SOLO SON 20 LUGARES<\/strong>!<\/p>\n\n\n\n<p class=\"has-text-color has-medium-font-size\" style=\"color:#000000\"><\/p>\n\n\n\n<p class=\"has-text-align-center has-palette-color-2-background-color has-text-color has-background has-medium-font-size\" style=\"color:#ffffff\"><strong>HA LLEGADO EL MOMENTO DE DAR EL PROXIMO PASO PARA DARLE SOLUCION A TUS PROBLEMAS.<\/strong><\/p>\n\n\n\n<p class=\"has-text-align-center has-text-color has-medium-font-size\" style=\"color:#000000\"><strong>DA EL SALTO AHORA!!!<\/strong><\/p>\n\n\n<div class=\"wp-block-image\">\n<figure class=\"aligncenter size-full is-resized\"><img loading=\"lazy\" decoding=\"async\" width=\"578\" height=\"677\" src=\"http:\/\/cehupnl.com\/wp-content\/uploads\/2023\/09\/salto.png\" alt=\"\" class=\"wp-image-1122\" style=\"width:351px;height:411px\" srcset=\"https:\/\/cehupnl.com\/wp-content\/uploads\/2023\/09\/salto.png 578w, https:\/\/cehupnl.com\/wp-content\/uploads\/2023\/09\/salto-256x300.png 256w, https:\/\/cehupnl.com\/wp-content\/uploads\/2023\/09\/salto-10x12.png 10w\" sizes=\"(max-width: 578px) 100vw, 578px\" \/><\/figure>\n<\/div><div class='cb-post-url-qr-code'><br><img src='https:\/\/api.qrserver.com\/v1\/create-qr-code\/?size=185x185&ecc=L&qzone=1&data=https%3A%2F%2Fcehupnl.com%2Fen%2Fms%2F' alt='MS'\/><\/div><div style=\"margin: 20px 0;\"><div class=\"qrcswholewtapper\" style=\"text-align:left;\"><div class=\"qrcprowrapper\"  id=\"qrcwraa2leds\"><div class=\"qrc_canvass\" id=\"qrc_cuttenpages_2\" style=\"display:inline-block\" data-text=\"https:\/\/cehupnl.com\/en\/ms\/\"><\/div><div><a download=\"MS.png\" class=\"qrcdownloads\" id=\"worign\">\r\n           <button type=\"button\" style=\"min-width:200px;background:#44d813;color:#000;font-weight: 600;border: 1px solid #44d813;border-radius:20px;font-size:12px;padding: 6px 0;\" class=\"uqr_code_btn\">Download QR<\/button>\r\n           <\/a><\/div><\/div><\/div><\/div>","protected":false},"excerpt":{"rendered":"<p>\u00bfTienes problemas econ\u00f3micos, familiares, de salud o de relaciones y no comprendes que los provoca? &nbsp;\u00a1La respuesta y soluci\u00f3n est\u00e1n\u2026<\/p>","protected":false},"author":1,"featured_media":0,"parent":0,"menu_order":0,"comment_status":"closed","ping_status":"closed","template":"","meta":{"_eb_attr":"","_joinchat":[],"footnotes":""},"class_list":["post-1113","page","type-page","status-publish","hentry"],"blocksy_meta":{"styles_descriptor":{"styles":{"desktop":"","tablet":"","mobile":""},"google_fonts":[],"version":5}},"_links":{"self":[{"href":"https:\/\/cehupnl.com\/en\/wp-json\/wp\/v2\/pages\/1113","targetHints":{"allow":["GET"]}}],"collection":[{"href":"https:\/\/cehupnl.com\/en\/wp-json\/wp\/v2\/pages"}],"about":[{"href":"https:\/\/cehupnl.com\/en\/wp-json\/wp\/v2\/types\/page"}],"author":[{"embeddable":true,"href":"https:\/\/cehupnl.com\/en\/wp-json\/wp\/v2\/users\/1"}],"replies":[{"embeddable":true,"href":"https:\/\/cehupnl.com\/en\/wp-json\/wp\/v2\/comments?post=1113"}],"version-history":[{"count":12,"href":"https:\/\/cehupnl.com\/en\/wp-json\/wp\/v2\/pages\/1113\/revisions"}],"predecessor-version":[{"id":1262,"href":"https:\/\/cehupnl.com\/en\/wp-json\/wp\/v2\/pages\/1113\/revisions\/1262"}],"wp:attachment":[{"href":"https:\/\/cehupnl.com\/en\/wp-json\/wp\/v2\/media?parent=1113"}],"curies":[{"name":"wp","href":"https:\/\/api.w.org\/{rel}","templated":true}]}}