{"id":1193,"date":"2024-01-22T11:40:07","date_gmt":"2024-01-22T17:40:07","guid":{"rendered":"http:\/\/cehupnl.com\/?page_id=1193"},"modified":"2024-10-22T18:12:10","modified_gmt":"2024-10-23T00:12:10","slug":"pep","status":"publish","type":"page","link":"https:\/\/cehupnl.com\/en\/pep\/","title":{"rendered":"Planeaci\u00f3n Estrat\u00e9gica Personal"},"content":{"rendered":"<p class=\"has-text-align-center has-text-color has-link-color has-medium-font-size wp-elements-34f7a3f91c89190d73b3ff310e7d5220\" style=\"color:#000000\"><strong>Sabes por qu\u00e9, a pesar de tus esfuerzos, no has alcanzado el nivel de vida que has deseado?<\/strong><\/p>\n\n\n\n<p class=\"has-text-align-center has-text-color has-link-color has-medium-font-size wp-elements-001913a4181fffc9e0678fe8b3a3577c\" style=\"color:#000000\"><strong>Descubre c\u00f3mo puedes alcanzar ese objetivo en tan solo 5 tardes de preparaci\u00f3n.<\/strong><\/p>\n\n\n<div class=\"wp-block-image\">\n<figure class=\"aligncenter size-large is-resized\"><img fetchpriority=\"high\" decoding=\"async\" width=\"902\" height=\"950\" src=\"http:\/\/cehupnl.com\/wp-content\/uploads\/2024\/10\/Sin-titulo-1-1-902x950.jpg\" alt=\"\" class=\"wp-image-1349\" style=\"width:415px;height:auto\" srcset=\"https:\/\/cehupnl.com\/wp-content\/uploads\/2024\/10\/Sin-titulo-1-1-902x950.jpg 902w, https:\/\/cehupnl.com\/wp-content\/uploads\/2024\/10\/Sin-titulo-1-1-285x300.jpg 285w, https:\/\/cehupnl.com\/wp-content\/uploads\/2024\/10\/Sin-titulo-1-1-768x809.jpg 768w, https:\/\/cehupnl.com\/wp-content\/uploads\/2024\/10\/Sin-titulo-1-1-1459x1536.jpg 1459w, https:\/\/cehupnl.com\/wp-content\/uploads\/2024\/10\/Sin-titulo-1-1-11x12.jpg 11w, https:\/\/cehupnl.com\/wp-content\/uploads\/2024\/10\/Sin-titulo-1-1-600x632.jpg 600w, https:\/\/cehupnl.com\/wp-content\/uploads\/2024\/10\/Sin-titulo-1-1.jpg 1586w\" sizes=\"(max-width: 902px) 100vw, 902px\" \/><\/figure>\n<\/div>\n\n\n<p class=\"has-text-align-center has-palette-color-8-color has-palette-color-2-background-color has-text-color has-background has-link-color has-medium-font-size wp-elements-90de9e7c9f3a6c68790c24750a6ba970\"><strong><em>\u201cCUANDO A UN HOMBRE NO SABE HACIA DONDE NAVEGA, NINGUN VIENTO LE FAVORECE\u201d\u00a0&#8211; S\u00e9neca<\/em><\/strong><\/p>\n\n\n\n<p class=\"has-text-color has-link-color has-medium-font-size wp-elements-f20b19efb5ea65765f32eac1d2406e64\" style=\"color:#000000\">S\u00e9 que est\u00e1s leyendo esto porque <strong>quieres un cambio profundo de vida <\/strong>que sea duradero pero, no sabes c\u00f3mo lograrlo.<\/p>\n\n\n\n<p class=\"has-text-color has-link-color has-medium-font-size wp-elements-2b64cab9d51f33df61b66a41d548884d\" style=\"color:#000000\">Por eso, si decides leer toda esta p\u00e1gina, te mostrar\u00e9 c\u00f3mo <em><strong>puedes tener una vida bien planeada, ordenada, altamente productiva, abundante, sana y feliz.<\/strong><\/em><\/p>\n\n\n\n<p class=\"has-text-color has-link-color has-medium-font-size wp-elements-c6c5b054636fd3221158ab3d10726d25\" style=\"color:#000000\">Es muy probable que, a veces, no le encuentres sentido ni direcci\u00f3n&nbsp; a tu vida y que te sientas insatisfecho con lo que haces o, como perdido y sin saber qu\u00e9 hacer, porque tus ideas no tienen claridad ni direcci\u00f3n debido a que no tienes planes u objetivos bien estructurados y as\u00ed pasa el tiempo y los a\u00f1os y cuando acuerdas, te encuentras sobreviviendo y apenas con lo elemental para pasar tus \u00faltimos d\u00edas.<\/p>\n\n\n\n<p class=\"has-text-color has-link-color has-medium-font-size wp-elements-e3e72d14e3cfd6edc87e7c101f654926\" style=\"color:#000000\">La mayor\u00eda de la gente no alcanza un nivel de vida excelente porque no est\u00e1n dispuestos a cambiar sus h\u00e1bitos, comportamientos y creencias que los hunden en la mediocridad y el conformismo. Lo peor es, que no quieren invertir en lo m\u00e1s grandioso, que son, ellos mismos. Quisieran que todo les cayera del cielo, gratis y sin ning\u00fan esfuerzo. Este es el m\u00e1s miserable de los autoenga\u00f1os. Est\u00e1 comprobado que los triunfadores del mundo son aquellos que est\u00e1n dispuestos a&nbsp; pagarle el precio a la vida por conseguir sus sue\u00f1os.<\/p>\n\n\n\n<p class=\"has-text-color has-link-color has-medium-font-size wp-elements-0c85aee893d9bfc6ecf694ce3901904b\" style=\"color:#000000\">Si de verdad quieres progresar y tener una vida de excelencia, convertirte en una persona m\u00e1s, humana, rica y feliz, aqu\u00ed tienes la oportunidad.<\/p>\n\n\n\n<p class=\"has-text-color has-link-color has-medium-font-size wp-elements-bb4a6c957b996cf9cb81ccdd5cfb9bfa\" style=\"color:#000000\">Es indudable que un plan es en prerrequisito y primer paso hacia el \u00e9xito. La raz\u00f3n es simple, la persona que formula planes sabe qui\u00e9n es, hacia donde va y para qu\u00e9.<\/p>\n\n\n\n<div class=\"wp-block-buttons is-content-justification-center is-layout-flex wp-container-core-buttons-is-layout-16018d1d wp-block-buttons-is-layout-flex\">\n<div class=\"wp-block-button has-custom-font-size has-medium-font-size\"><a class=\"wp-block-button__link has-background has-text-align-center wp-element-button\" href=\"https:\/\/acortar.link\/mENTJC\" style=\"background-color:#850404\" target=\"_blank\" rel=\"noreferrer noopener\"><strong>Quiero inscribirme<\/strong><\/a><\/div>\n<\/div>\n\n\n\n<p class=\"has-text-align-center has-palette-color-7-color has-palette-color-2-background-color has-text-color has-background has-link-color has-medium-font-size wp-elements-bc07eb47b80f7a4dd02926aa7e3fdb6c\"><strong>Una vida sin un plan es como un barco sin tim\u00f3n.<\/strong><\/p>\n\n\n\n<p><\/p>\n\n\n\n<p class=\"has-text-align-center has-palette-color-8-color has-text-color has-background has-link-color has-large-font-size wp-elements-b723136f173b68be509aa8d33f435d50\" style=\"background-color:#620f0f\"><strong>Hoy tienes a tu alcance PLANEACION ESTRAT\u00c9GICA PERSONAL hacia el 2025<\/strong><\/p>\n\n\n\n<p class=\"has-text-color has-link-color has-medium-font-size wp-elements-d1a6b1e2b71e6ba615b387c1b0885f9f\" style=\"color:#000000\">La planeaci\u00f3n estrat\u00e9gica personal, es un instrumento de reflexi\u00f3n, decisi\u00f3n y acci\u00f3n que ayuda a explorar el futuro, definir objetivos, determinar acciones e identificar oportunidades para alcanzar el \u00e9xito integral. Esa clase de \u00e9xito que desarrolle al m\u00e1ximo nuestro potencial dentro de las dimensiones&nbsp; f\u00edsicas, emocionales, mentales, sociales y espirituales para llegar a ser lo que queremos, podemos y debemos&nbsp; ser.<\/p>\n\n\n<div class=\"wp-block-image\">\n<figure class=\"aligncenter size-large is-resized\"><img decoding=\"async\" width=\"950\" height=\"742\" src=\"http:\/\/cehupnl.com\/wp-content\/uploads\/2024\/10\/1-950x742.jpg\" alt=\"\" class=\"wp-image-1350\" style=\"width:618px;height:auto\" srcset=\"https:\/\/cehupnl.com\/wp-content\/uploads\/2024\/10\/1-950x742.jpg 950w, https:\/\/cehupnl.com\/wp-content\/uploads\/2024\/10\/1-300x234.jpg 300w, https:\/\/cehupnl.com\/wp-content\/uploads\/2024\/10\/1-768x600.jpg 768w, https:\/\/cehupnl.com\/wp-content\/uploads\/2024\/10\/1-1536x1200.jpg 1536w, https:\/\/cehupnl.com\/wp-content\/uploads\/2024\/10\/1-2048x1600.jpg 2048w, https:\/\/cehupnl.com\/wp-content\/uploads\/2024\/10\/1-15x12.jpg 15w, https:\/\/cehupnl.com\/wp-content\/uploads\/2024\/10\/1-600x469.jpg 600w\" sizes=\"(max-width: 950px) 100vw, 950px\" \/><\/figure>\n<\/div>\n\n\n<div class=\"wp-block-buttons is-content-justification-center is-layout-flex wp-container-core-buttons-is-layout-16018d1d wp-block-buttons-is-layout-flex\">\n<div class=\"wp-block-button has-custom-font-size has-medium-font-size\"><a class=\"wp-block-button__link has-background has-text-align-center wp-element-button\" href=\"https:\/\/acortar.link\/mENTJC\" style=\"background-color:#850404\" target=\"_blank\" rel=\"noreferrer noopener\">Lo <strong>Quiero Y<\/strong>a <\/a><\/div>\n<\/div>\n\n\n\n<p class=\"has-text-color has-link-color has-medium-font-size wp-elements-7c8993d901dee583536aeeea4ed97494\" style=\"color:#000000\"><strong>\u00bfQu\u00e9 encontrar\u00e1s en la Curso-Taller?<\/strong><\/p>\n\n\n\n<ul style=\"color:#000000\" class=\"wp-block-list has-text-color has-link-color has-medium-font-size wp-elements-2a0265bb5416809f499cbefbdc9b3f89\">\n<li>Planes estrat\u00e9gicos para llegar a tus metas.<\/li>\n\n\n\n<li>Formatos y cuestionarios de evaluaci\u00f3n para reconocer c\u00f3mo te encuentras en cada \u00e1rea de tu vida.<\/li>\n\n\n\n<li>Plantillas para el dise\u00f1o de tus objetivos en cada \u00e1rea de tu vida.\u00a0<\/li>\n\n\n\n<li>Sugerencias o lineamientos para el buen manejo de cada una de tus \u00e1reas vitales.\u00a0<\/li>\n\n\n\n<li>Una carpeta de trabajo con todo el material did\u00e1ctico necesario.<\/li>\n\n\n\n<li>Material did\u00e1ctico necesario para cada m\u00f3dulo.\u00a0<\/li>\n\n\n\n<li>Servicio de cafeter\u00eda.\u00a0<\/li>\n\n\n\n<li>Constancia de asistencia.<\/li>\n<\/ul>\n\n\n\n<p class=\"has-text-color has-link-color has-medium-font-size wp-elements-828ce46da4b848730823f0619e9748fa\" style=\"color:#000000\"><strong>&nbsp;Los beneficios que obtendr\u00e1s:<\/strong><\/p>\n\n\n\n<ul style=\"color:#000000\" class=\"wp-block-list has-text-color has-link-color has-medium-font-size wp-elements-75887dab3dff4e30b21b8f6318e89da0\">\n<li><em>Construir\u00e1s relaciones personales de calidad.<\/em><em><\/em><\/li>\n\n\n\n<li><em>Precisar\u00e1s objetivos a corto, mediano y largo plazo como persona multidimensional.<\/em><em><\/em><\/li>\n\n\n\n<li><em>Har\u00e1s y tendr\u00e1s planes por escrito para cada \u00e1rea de tu vida real: econ\u00f3mica, familiar, ocupacional, social, espiritual y de salud.<\/em><em><\/em><\/li>\n\n\n\n<li><em>Descubrir\u00e1s los elementos de la planeaci\u00f3n estrat\u00e9gica que los exitosos del mundo manejan: perseverancia, entusiasmo, imaginaci\u00f3n creativa, gesti\u00f3n y utilizaci\u00f3n del tiempo, manejo de objetivos, actitud mental positiva.<\/em><em><\/em><\/li>\n\n\n\n<li><em>Alinear\u00e1s tus valores y creencias con los que quieres alcanzar.<\/em><em><\/em><\/li>\n\n\n\n<li><em>Clarificar\u00e1s tus metas y canalizar toda tu energ\u00eda para alcanzarlas. <\/em><em><\/em><\/li>\n\n\n\n<li><em>Aumentar\u00e1s tu sentido de prop\u00f3sito en la vida y gozarla plenamente.<\/em><em><\/em><\/li>\n\n\n\n<li><em>Incrementar\u00e1s tu eficacia personal en todos los roles de tu vida.<\/em><em><\/em><\/li>\n\n\n\n<li><em>Aumentar\u00e1s tu &nbsp;autoestima.<\/em><em><\/em><\/li>\n\n\n\n<li><em>Generar\u00e1s cambios permanentes a corto plazo.<\/em><\/li>\n\n\n\n<li><em>Desarrollar\u00e1s habilidades para identificar y aprovechar oportunidades.<\/em><\/li>\n\n\n\n<li><em>Utilizar\u00e1s mejor tu tiempo, dinero y salud.<\/em><\/li>\n\n\n\n<li><em>Te conocer\u00e1s mejor a ti mismo.<\/em><\/li>\n\n\n\n<li><em>Evaluar\u00e1s mejor tus realizaciones.<\/em><\/li>\n\n\n\n<li><em>Planificar\u00e1s tu futuro.<\/em><\/li>\n<\/ul>\n\n\n\n<p class=\"has-text-color has-link-color has-medium-font-size wp-elements-e5366d863b2bae25948f889680860639\" style=\"color:#050505\">Pareciera que pagar <strong>$5,250.00<\/strong> es una locura, sin embargo no lo es. Solo piensa en<\/p>\n\n\n\n<p class=\"has-text-align-center has-text-color has-link-color has-medium-font-size wp-elements-1e414631bd1d397ad90ade8cdda7be2c\" style=\"color:#050505\"><strong>\u00bfQu\u00e9 te puede salir m\u00e1s caro de seguir como vas hasta el d\u00eda de hoy?<\/strong> <\/p>\n\n\n\n<p class=\"has-text-color has-link-color has-medium-font-size wp-elements-38c4ecfadb85e7687b43fd228de5cc6a\" style=\"color:#050505\"><strong><mark style=\"background-color:rgba(0, 0, 0, 0);color:#78030f\" class=\"has-inline-color\">Puedes ahorrarte mucho sufrimiento, enfermedades, pobreza, relaciones truncas, tiempo, etc., o darte la oportunidad que tienes a la vista.<\/mark><\/strong><\/p>\n\n\n\n<ul style=\"color:#010101\" class=\"wp-block-list has-text-color has-link-color has-medium-font-size wp-elements-b1a487a884c9bce327ab81cd8e99ebae\">\n<li><strong>Si te inscribes hasta el 1 de Noviembre<\/strong> recibir\u00e1s un fabuloso descuento y solo pagaras $<strong>3,950.00<\/strong><\/li>\n\n\n\n<li>Obtendr\u00e1s los links de los videos de los m\u00f3dulos que estar\u00e1n 6 meses a tu disposici\u00f3n para que hagas un repaso si lo crees prudente.<\/li>\n\n\n\n<li>Y no termina aqu\u00ed, recibir\u00e1s totalmente gratis mi libro digital de <strong>\u201cLos resultados son inevitables\u201d<\/strong> valorado en <strong>240.00<\/strong>&nbsp; <\/li>\n<\/ul>\n\n\n<div class=\"wp-block-image\">\n<figure class=\"aligncenter size-large is-resized\"><img decoding=\"async\" width=\"705\" height=\"950\" src=\"http:\/\/cehupnl.com\/wp-content\/uploads\/2023\/03\/Libro-Resultados-705x950.jpg\" alt=\"\" class=\"wp-image-1015\" style=\"width:207px;height:auto\" srcset=\"https:\/\/cehupnl.com\/wp-content\/uploads\/2023\/03\/Libro-Resultados-705x950.jpg 705w, https:\/\/cehupnl.com\/wp-content\/uploads\/2023\/03\/Libro-Resultados-223x300.jpg 223w, https:\/\/cehupnl.com\/wp-content\/uploads\/2023\/03\/Libro-Resultados-768x1034.jpg 768w, https:\/\/cehupnl.com\/wp-content\/uploads\/2023\/03\/Libro-Resultados-1140x1536.jpg 1140w, https:\/\/cehupnl.com\/wp-content\/uploads\/2023\/03\/Libro-Resultados-1521x2048.jpg 1521w, https:\/\/cehupnl.com\/wp-content\/uploads\/2023\/03\/Libro-Resultados-9x12.jpg 9w, https:\/\/cehupnl.com\/wp-content\/uploads\/2023\/03\/Libro-Resultados-600x808.jpg 600w, https:\/\/cehupnl.com\/wp-content\/uploads\/2023\/03\/Libro-Resultados.jpg 1684w\" sizes=\"(max-width: 705px) 100vw, 705px\" \/><\/figure>\n<\/div>\n\n\n<div class=\"wp-block-buttons is-content-justification-center is-layout-flex wp-container-core-buttons-is-layout-16018d1d wp-block-buttons-is-layout-flex\">\n<div class=\"wp-block-button has-custom-font-size has-medium-font-size\"><a class=\"wp-block-button__link has-background has-text-align-center wp-element-button\" href=\"https:\/\/acortar.link\/mENTJC\" style=\"background-color:#850404\" target=\"_blank\" rel=\"noreferrer noopener\"><strong style=\"font-family: var(--buttonFontFamily, var(--fontFamily)); font-size: inherit; font-style: var(--buttonFontStyle); letter-spacing: var(--buttonLetterSpacing); text-transform: var(--buttonTextTransform); display: inline !important;\">Quiero <\/strong>el descuento <\/a><\/div>\n<\/div>\n\n\n<div class=\"wp-block-image\">\n<figure class=\"aligncenter size-large is-resized\"><img loading=\"lazy\" decoding=\"async\" width=\"950\" height=\"469\" src=\"http:\/\/cehupnl.com\/wp-content\/uploads\/2024\/10\/desc-950x469.jpg\" alt=\"\" class=\"wp-image-1351\" style=\"width:707px;height:auto\" srcset=\"https:\/\/cehupnl.com\/wp-content\/uploads\/2024\/10\/desc-950x469.jpg 950w, https:\/\/cehupnl.com\/wp-content\/uploads\/2024\/10\/desc-300x148.jpg 300w, https:\/\/cehupnl.com\/wp-content\/uploads\/2024\/10\/desc-768x379.jpg 768w, https:\/\/cehupnl.com\/wp-content\/uploads\/2024\/10\/desc-1536x758.jpg 1536w, https:\/\/cehupnl.com\/wp-content\/uploads\/2024\/10\/desc-18x9.jpg 18w, https:\/\/cehupnl.com\/wp-content\/uploads\/2024\/10\/desc-600x296.jpg 600w, https:\/\/cehupnl.com\/wp-content\/uploads\/2024\/10\/desc.jpg 1573w\" sizes=\"(max-width: 950px) 100vw, 950px\" \/><\/figure>\n<\/div>\n\n\n<div class=\"wp-block-countdown-block-countdown\"><div class=\"eb-parent-wrapper eb-parent-eb-countdown-5czqcch\"><div class=\"eb-countdown-5czqcch eb-cd-wrapper preset3\"><div class=\"eb-cd-inner\" blockid=\"eb-countdown-5czqcch\" data-deadline-time=\"1730527140000\" data-is-evergreen-time=\"false\" data-evergreen-time-hours=\"11\" data-evergreen-time-minutes=\"59\" data-evergreen-recurring=\"true\" data-evergreen-restart-time=\"0\" data-evergreen-deadline-time=\"1730525940000\"><div class=\"box cd-box-day\"><span class=\"eb-cd-digit\">00<\/span><span class=\"eb-cd-label\">D\u00edas<\/span><\/div><div class=\"box cd-box-hour\"><span class=\"eb-cd-digit\">00<\/span><span class=\"eb-cd-label\">Horas<\/span><\/div><div class=\"box cd-box-minute\"><span class=\"eb-cd-digit\">00<\/span><span class=\"eb-cd-label\">Minutos<\/span><\/div><div class=\"box cd-box-second\"><span class=\"eb-cd-digit\">00<\/span><span class=\"eb-cd-label\">Segundos<\/span><\/div><\/div><\/div><\/div><\/div>\n\n\n\n<ul class=\"wp-block-list\">\n<li><\/li>\n<\/ul>\n\n\n\n<p class=\"has-text-color has-link-color has-medium-font-size wp-elements-ab04f7e75bbf6b33f30badbcdb2688ef\" style=\"color:#000000\">Ahora, t\u00fa decides si contin\u00faas viviendo a medias y correr los riesgos arriba mencionados&nbsp; o quieres forjarte una vida con direcci\u00f3n: objetivos y planes escritos, claros y bien estructurados, en&nbsp; las diferentes \u00e1reas de tu vida real: econ\u00f3micas, de trabajo o profesionales, de salud perfecta, sociales, planes maravillosa, abundante, con salud perfecta y relaciones s\u00f3lidas.<\/p>\n\n\n\n<div class=\"wp-block-buttons is-content-justification-center is-layout-flex wp-container-core-buttons-is-layout-16018d1d wp-block-buttons-is-layout-flex\">\n<div class=\"wp-block-button has-custom-font-size has-medium-font-size\"><a class=\"wp-block-button__link has-background has-text-align-center wp-element-button\" href=\"https:\/\/acortar.link\/mENTJC\" style=\"background-color:#850404\" target=\"_blank\" rel=\"noreferrer noopener\"><strong style=\"font-family: var(--buttonFontFamily, var(--fontFamily)); font-size: inherit; font-style: var(--buttonFontStyle); letter-spacing: var(--buttonLetterSpacing); text-transform: var(--buttonTextTransform); display: inline !important;\">Quiero <\/strong>inscribirme ahora<\/a><\/div>\n<\/div>\n\n\n<div class=\"wp-block-image\">\n<figure class=\"aligncenter size-large is-resized\"><img loading=\"lazy\" decoding=\"async\" width=\"950\" height=\"746\" src=\"http:\/\/cehupnl.com\/wp-content\/uploads\/2024\/10\/temario-950x746.jpg\" alt=\"\" class=\"wp-image-1352\" style=\"width:624px;height:auto\" srcset=\"https:\/\/cehupnl.com\/wp-content\/uploads\/2024\/10\/temario-950x746.jpg 950w, https:\/\/cehupnl.com\/wp-content\/uploads\/2024\/10\/temario-300x235.jpg 300w, https:\/\/cehupnl.com\/wp-content\/uploads\/2024\/10\/temario-768x603.jpg 768w, https:\/\/cehupnl.com\/wp-content\/uploads\/2024\/10\/temario-1536x1205.jpg 1536w, https:\/\/cehupnl.com\/wp-content\/uploads\/2024\/10\/temario-15x12.jpg 15w, https:\/\/cehupnl.com\/wp-content\/uploads\/2024\/10\/temario-600x471.jpg 600w, https:\/\/cehupnl.com\/wp-content\/uploads\/2024\/10\/temario.jpg 1561w\" sizes=\"(max-width: 950px) 100vw, 950px\" \/><\/figure>\n<\/div>\n\n\n<p class=\"has-text-align-center has-palette-color-2-color has-palette-color-5-background-color has-text-color has-background has-link-color has-large-font-size wp-elements-feb656b9996e40296ce03d7450f65bb4\"><strong>INCRIBETE AHORA Y GOZA DE TODOS LOS BENEFICIOS.<\/strong><\/p>\n\n\n\n<p class=\"has-text-color has-link-color has-medium-font-size wp-elements-20d9f38b8df6a9fc5d53956051c7063b\" style=\"color:#000000\"><strong>T\u00fa y yo sabemos que est\u00e1s muy interesado en mejorar tu vida y pasar al mundo de los extraordinarios. Entonces ha llegado el momento de dar el pr\u00f3ximo paso para iniciar la traves\u00eda y lograr tus metas.<\/strong><\/p>\n\n\n\n<p><\/p>\n\n\n\n<p class=\"has-text-align-center has-palette-color-5-color has-palette-color-2-background-color has-text-color has-background has-link-color has-large-font-size wp-elements-92cdd6011169ee528380980c7b11907b\"><strong>INSCRIBETE YA!<\/strong><\/p>\n\n\n\n<div class=\"wp-block-buttons is-content-justification-center is-layout-flex wp-container-core-buttons-is-layout-16018d1d wp-block-buttons-is-layout-flex\">\n<div class=\"wp-block-button has-custom-font-size has-medium-font-size\"><a class=\"wp-block-button__link has-background has-text-align-center wp-element-button\" href=\"https:\/\/acortar.link\/mENTJC\" style=\"background-color:#850404\" target=\"_blank\" rel=\"noreferrer noopener\"><strong style=\"font-family: var(--buttonFontFamily, var(--fontFamily)); font-size: inherit; font-style: var(--buttonFontStyle); letter-spacing: var(--buttonLetterSpacing); text-transform: var(--buttonTextTransform); display: inline !important;\">Quiero <\/strong>inscribirme Ya<\/a><\/div>\n<\/div>\n<div class='cb-post-url-qr-code'><br><img src='https:\/\/api.qrserver.com\/v1\/create-qr-code\/?size=185x185&ecc=L&qzone=1&data=https%3A%2F%2Fcehupnl.com%2Fen%2Fpep%2F' alt='Planeaci\u00f3n Estrat\u00e9gica Personal'\/><\/div><div style=\"margin: 20px 0;\"><div class=\"qrcswholewtapper\" style=\"text-align:left;\"><div class=\"qrcprowrapper\"  id=\"qrcwraa2leds\"><div class=\"qrc_canvass\" id=\"qrc_cuttenpages_2\" style=\"display:inline-block\" data-text=\"https:\/\/cehupnl.com\/en\/pep\/\"><\/div><div><a download=\"Planeaci\u00f3n Estrat\u00e9gica Personal.png\" class=\"qrcdownloads\" id=\"worign\">\r\n           <button type=\"button\" style=\"min-width:200px;background:#44d813;color:#000;font-weight: 600;border: 1px solid #44d813;border-radius:20px;font-size:12px;padding: 6px 0;\" class=\"uqr_code_btn\">Download QR<\/button>\r\n           <\/a><\/div><\/div><\/div><\/div>","protected":false},"excerpt":{"rendered":"<p>Sabes por qu\u00e9, a pesar de tus esfuerzos, no has alcanzado el nivel de vida que has deseado? Descubre c\u00f3mo\u2026<\/p>","protected":false},"author":1,"featured_media":0,"parent":0,"menu_order":0,"comment_status":"closed","ping_status":"closed","template":"","meta":{"_eb_attr":"","_joinchat":[],"footnotes":""},"class_list":["post-1193","page","type-page","status-publish","hentry"],"blocksy_meta":{"styles_descriptor":{"styles":{"desktop":"","tablet":"","mobile":""},"google_fonts":[],"version":5}},"_links":{"self":[{"href":"https:\/\/cehupnl.com\/en\/wp-json\/wp\/v2\/pages\/1193","targetHints":{"allow":["GET"]}}],"collection":[{"href":"https:\/\/cehupnl.com\/en\/wp-json\/wp\/v2\/pages"}],"about":[{"href":"https:\/\/cehupnl.com\/en\/wp-json\/wp\/v2\/types\/page"}],"author":[{"embeddable":true,"href":"https:\/\/cehupnl.com\/en\/wp-json\/wp\/v2\/users\/1"}],"replies":[{"embeddable":true,"href":"https:\/\/cehupnl.com\/en\/wp-json\/wp\/v2\/comments?post=1193"}],"version-history":[{"count":8,"href":"https:\/\/cehupnl.com\/en\/wp-json\/wp\/v2\/pages\/1193\/revisions"}],"predecessor-version":[{"id":1347,"href":"https:\/\/cehupnl.com\/en\/wp-json\/wp\/v2\/pages\/1193\/revisions\/1347"}],"wp:attachment":[{"href":"https:\/\/cehupnl.com\/en\/wp-json\/wp\/v2\/media?parent=1193"}],"curies":[{"name":"wp","href":"https:\/\/api.w.org\/{rel}","templated":true}]}}