{"id":1380,"date":"2025-03-03T11:51:14","date_gmt":"2025-03-03T17:51:14","guid":{"rendered":"http:\/\/cehupnl.com\/?page_id=1380"},"modified":"2025-03-03T11:54:09","modified_gmt":"2025-03-03T17:54:09","slug":"certificacion-masterpnl","status":"publish","type":"page","link":"https:\/\/cehupnl.com\/en\/certificacion-masterpnl\/","title":{"rendered":"Certificaci\u00f3n MASTER en PNL"},"content":{"rendered":"<div class=\"wp-block-image\">\n<figure class=\"aligncenter size-large is-resized\"><img fetchpriority=\"high\" decoding=\"async\" width=\"950\" height=\"817\" src=\"http:\/\/cehupnl.com\/wp-content\/uploads\/2025\/03\/Brochure-Master-2025-doble-950x817.png\" alt=\"\" class=\"wp-image-1381\" style=\"width:473px;height:auto\" srcset=\"https:\/\/cehupnl.com\/wp-content\/uploads\/2025\/03\/Brochure-Master-2025-doble-950x817.png 950w, https:\/\/cehupnl.com\/wp-content\/uploads\/2025\/03\/Brochure-Master-2025-doble-300x258.png 300w, https:\/\/cehupnl.com\/wp-content\/uploads\/2025\/03\/Brochure-Master-2025-doble-768x661.png 768w, https:\/\/cehupnl.com\/wp-content\/uploads\/2025\/03\/Brochure-Master-2025-doble-1536x1322.png 1536w, https:\/\/cehupnl.com\/wp-content\/uploads\/2025\/03\/Brochure-Master-2025-doble-14x12.png 14w, https:\/\/cehupnl.com\/wp-content\/uploads\/2025\/03\/Brochure-Master-2025-doble-600x516.png 600w, https:\/\/cehupnl.com\/wp-content\/uploads\/2025\/03\/Brochure-Master-2025-doble.png 1656w\" sizes=\"(max-width: 950px) 100vw, 950px\" \/><\/figure>\n<\/div>\n\n\n<p class=\"has-text-color has-link-color has-medium-font-size wp-elements-2ea569daeafd0199e55a6b888c2f0e41\" style=\"color:#020275\"><strong>El objetivo central de Master es facilitar a cada uno de los participantes el manejo personal en forma sostenida y consistente de la MAESTR\u00cdA de la congruencia en la pr\u00e1ctica de los modelos, las herramientas y estrategias de la PNL. Buscamos generar la autoexploraci\u00f3n intensa y profunda de nosotros mismos para potenciar nuestros infinitos recursos humanos profesionales.<br>El prop\u00f3sito es que cada uno de los practicantes interioricen descubriendo en su piel, m\u00fasculos, neuronas, en todo su ser, estos procedimientos, esta manera cient\u00edfica y hol\u00edstica de construirse excelentemente as\u00ed mismo en todo lo que hace para que vaya creando sus propios contextos, actitudes,; habilidades, creencias y visi\u00f3n de su identidad en el universo.<\/strong><\/p>\n\n\n<div class=\"wp-block-image\">\n<figure class=\"aligncenter size-full is-resized\"><img decoding=\"async\" width=\"854\" height=\"931\" src=\"http:\/\/cehupnl.com\/wp-content\/uploads\/2025\/03\/logo.png\" alt=\"\" class=\"wp-image-1384\" style=\"width:358px;height:auto\" srcset=\"https:\/\/cehupnl.com\/wp-content\/uploads\/2025\/03\/logo.png 854w, https:\/\/cehupnl.com\/wp-content\/uploads\/2025\/03\/logo-275x300.png 275w, https:\/\/cehupnl.com\/wp-content\/uploads\/2025\/03\/logo-768x837.png 768w, https:\/\/cehupnl.com\/wp-content\/uploads\/2025\/03\/logo-11x12.png 11w, https:\/\/cehupnl.com\/wp-content\/uploads\/2025\/03\/logo-600x654.png 600w\" sizes=\"(max-width: 854px) 100vw, 854px\" \/><\/figure>\n<\/div>\n\n\n<p class=\"has-text-color has-link-color has-medium-font-size wp-elements-8fa9249787a3825781cfcc7dc6961695\" style=\"color:#020275\"><strong><br>The <mark>MASTER <\/mark>Es una especializaci\u00f3n en el manejo de las herramientas, m\u00f3dulos, as\u00ed como el conocimiento y el aprendizaje ya interiorizado de la PNL en 8 \u00e1reas fundamentales:<\/strong><\/p>\n\n\n\n<ul class=\"wp-block-list\">\n<li class=\"has-text-color has-link-color has-medium-font-size wp-elements-57aed63eb7800abf125f0f6dd6208b6c\" style=\"color:#020275\"><strong>Salud Integral<\/strong><\/li>\n<\/ul>\n\n\n\n<ul class=\"wp-block-list\">\n<li class=\"has-text-color has-link-color has-medium-font-size wp-elements-eef4dcbdb1cb9d61a3b895ca85b8febc\" style=\"color:#020275\"><strong>Hipnosis Ericksoniana <\/strong><\/li>\n<\/ul>\n\n\n\n<ul class=\"wp-block-list\">\n<li class=\"has-text-color has-link-color has-medium-font-size wp-elements-90ab8779bf306a5a97e52787fe467673\" style=\"color:#020275\"><strong>Negociaci\u00f3n y Modelado<\/strong> <\/li>\n<\/ul>\n\n\n\n<ul class=\"wp-block-list\">\n<li class=\"has-text-color has-link-color has-medium-font-size wp-elements-014f0c60060863e7333ca8afccf7e048\" style=\"color:#020275\"><strong>Comunicaci\u00f3n Efectiva<\/strong> <\/li>\n<\/ul>\n\n\n\n<ul class=\"wp-block-list\">\n<li class=\"has-text-color has-link-color has-medium-font-size wp-elements-249bccae2ffd54a83bd759383bf44bf8\" style=\"color:#020275\"><strong>Filosof\u00eda para el \u00c9xito <\/strong><\/li>\n<\/ul>\n\n\n\n<ul class=\"wp-block-list\">\n<li class=\"has-text-color has-link-color has-medium-font-size wp-elements-fd279e09c7fb6e53a456f8f82e259272\" style=\"color:#020275\"><strong>Inteligencia Emocional Aplicada<\/strong> <\/li>\n<\/ul>\n\n\n\n<ul class=\"wp-block-list\">\n<li class=\"has-text-color has-link-color has-medium-font-size wp-elements-fdcbe9db68a621a5744a3cdd5f7e4a49\" style=\"color:#020275\"><strong>Liderazgo Transformador <\/strong><\/li>\n<\/ul>\n\n\n\n<ul class=\"wp-block-list\">\n<li class=\"has-text-color has-link-color has-medium-font-size wp-elements-9920714eb0a60c40e8f049ba959ad93b\" style=\"color:#020275\"><strong>Misi\u00f3n-Visi\u00f3n.<\/strong><\/li>\n<\/ul>\n\n\n\n<figure class=\"wp-block-image size-large\"><img decoding=\"async\" width=\"950\" height=\"518\" src=\"http:\/\/cehupnl.com\/wp-content\/uploads\/2025\/03\/entrena-950x518.png\" alt=\"\" class=\"wp-image-1383\" srcset=\"https:\/\/cehupnl.com\/wp-content\/uploads\/2025\/03\/entrena-950x518.png 950w, https:\/\/cehupnl.com\/wp-content\/uploads\/2025\/03\/entrena-300x163.png 300w, https:\/\/cehupnl.com\/wp-content\/uploads\/2025\/03\/entrena-768x418.png 768w, https:\/\/cehupnl.com\/wp-content\/uploads\/2025\/03\/entrena-1536x837.png 1536w, https:\/\/cehupnl.com\/wp-content\/uploads\/2025\/03\/entrena-18x10.png 18w, https:\/\/cehupnl.com\/wp-content\/uploads\/2025\/03\/entrena-600x327.png 600w, https:\/\/cehupnl.com\/wp-content\/uploads\/2025\/03\/entrena.png 1639w\" sizes=\"(max-width: 950px) 100vw, 950px\" \/><\/figure>\n\n\n\n<div class=\"wp-block-buttons is-horizontal is-content-justification-center is-layout-flex wp-container-core-buttons-is-layout-499968f5 wp-block-buttons-is-layout-flex\">\n<div class=\"wp-block-button has-custom-width wp-block-button__width-25\"><a class=\"wp-block-button__link wp-element-button\" href=\"https:\/\/api.whatsapp.com\/send?phone=524151539079&amp;text=Quiero%20inscribirme%20al%20MASTER\">Sign me up<\/a><\/div>\n<\/div>\n\n\n\n<p class=\"has-palette-color-8-color has-text-color has-background has-link-color has-medium-font-size wp-elements-a05cb29e14227e90f65f2a740f53c6fc\" style=\"background-color:#780202\"><strong>PROYECTO PERSONAL DE MODELATE Y CAMBIO PERSONAL<\/strong><\/p>\n\n\n\n<p class=\"has-text-color has-link-color has-medium-font-size wp-elements-83c951b1f6a75040f8e8cee5ab361380\" style=\"color:#020275\"><strong><br>Realizar\u00e1n un proyecto personal de Investigaci\u00f3n pr\u00e1ctica de aplicaci\u00f3n del conocimiento -herramientas y aprendizaje de PNL en su \u00e1rea respectiva presentando al final del Master (oral y escrito) los resultados concretos de su investigaci\u00f3n y desempe\u00f1o.<br>Presentar\u00e1n sus propio retos de aprendizaje en PNL y usar\u00e1n estos modelos y herramientas para automodelar sus necesidades en los distintos Niveles Neurol\u00f3gicos. \u00bfQu\u00e9 estrat\u00e9gias van a ir desarrollando? Ya sea de forma intuitiva, anal\u00edtica o ambas.<br>Al final del MASTER cada uno dejar\u00e1 ver la riqueza de su experiencia mediante la presentaci\u00f3n de sus modelamientos en vivo\u2026 (Personas, mentores, etc.)<\/strong><\/p>\n\n\n\n<p class=\"has-text-color has-link-color has-medium-font-size wp-elements-b9bae808ca28524c91f74b6dbabde007\" style=\"color:#020275\"><strong>El arte de la MAESTR\u00cdA en PNL, pretende que los practicantes desarrollen una serie de habilidades, potencien y amplifiquen sus propios dones e integren ciertas estrategias que Ir\u00e1n poco a poco permitiendo que cada quien desarrolle capacidades especiales y expandan la consciencia, consecuencia de una nueva Identidad: La de MASTER.<br>El practicante que aprende a vivir su vida con MAESTR\u00cdA desde su propia experiencia, haciendo con ello un entorno m\u00e1s ecol\u00f3gico, pr\u00f3spero y amaroso donde su presencia lo anuncie con el simple hecho de SER quien ES.<br>Algunas habilidades que desarrollar\u00e1n con MAESTR\u00cdA ser\u00e1n:<br>\u2022 Dominio y filigrana de las t\u00e9cnicas de PNL<br>\u2022 Control de las situaciones del diario vivir.<br>\u2022 Flexibilidad y congruencia.<br>\u2022 Impecabilidad, transparencia y sobriedad.<br>\u2022 Disciplina de pensamiento y acci\u00f3n.<br>\u2022 Humildad y sencillez.<br>\u2022 Atenci\u00f3n y escucha poderosa.<br>\u2022 Precisi\u00f3n y asertividad.<br>\u2022 Mantenimiento de la salud espiritual, f\u00edsica y mental.<br>\u2022 Maestr\u00eda en la comunicaci\u00f3n.<br>\u2022 y muchas m\u00e1s\u2026<\/strong><\/p>\n\n\n\n<div class=\"wp-block-buttons is-horizontal is-content-justification-center is-layout-flex wp-container-core-buttons-is-layout-499968f5 wp-block-buttons-is-layout-flex\">\n<div class=\"wp-block-button has-custom-width wp-block-button__width-25\"><a class=\"wp-block-button__link wp-element-button\" href=\"https:\/\/api.whatsapp.com\/send?phone=524151539079&amp;text=Quiero%20inscribirme%20al%20MASTER\">Sign me up<\/a><\/div>\n<\/div>\n\n\n\n<p><\/p>\n\n\n<div class=\"wp-block-image\">\n<figure class=\"aligncenter size-large is-resized\"><img loading=\"lazy\" decoding=\"async\" width=\"358\" height=\"950\" src=\"http:\/\/cehupnl.com\/wp-content\/uploads\/2025\/03\/te-358x950.png\" alt=\"\" class=\"wp-image-1382\" style=\"width:306px;height:auto\" srcset=\"https:\/\/cehupnl.com\/wp-content\/uploads\/2025\/03\/te-358x950.png 358w, https:\/\/cehupnl.com\/wp-content\/uploads\/2025\/03\/te-113x300.png 113w, https:\/\/cehupnl.com\/wp-content\/uploads\/2025\/03\/te-578x1536.png 578w, https:\/\/cehupnl.com\/wp-content\/uploads\/2025\/03\/te-5x12.png 5w, https:\/\/cehupnl.com\/wp-content\/uploads\/2025\/03\/te-600x1594.png 600w, https:\/\/cehupnl.com\/wp-content\/uploads\/2025\/03\/te.png 726w\" sizes=\"(max-width: 358px) 100vw, 358px\" \/><\/figure>\n<\/div>\n\n<div class=\"wp-block-image\">\n<figure class=\"aligncenter size-large is-resized\"><img loading=\"lazy\" decoding=\"async\" width=\"950\" height=\"718\" src=\"http:\/\/cehupnl.com\/wp-content\/uploads\/2025\/03\/inf-950x718.png\" alt=\"\" class=\"wp-image-1388\" style=\"width:574px;height:auto\" srcset=\"https:\/\/cehupnl.com\/wp-content\/uploads\/2025\/03\/inf-950x718.png 950w, https:\/\/cehupnl.com\/wp-content\/uploads\/2025\/03\/inf-300x227.png 300w, https:\/\/cehupnl.com\/wp-content\/uploads\/2025\/03\/inf-768x581.png 768w, https:\/\/cehupnl.com\/wp-content\/uploads\/2025\/03\/inf-16x12.png 16w, https:\/\/cehupnl.com\/wp-content\/uploads\/2025\/03\/inf-600x454.png 600w, https:\/\/cehupnl.com\/wp-content\/uploads\/2025\/03\/inf.png 1419w\" sizes=\"(max-width: 950px) 100vw, 950px\" \/><\/figure>\n<\/div>\n\n\n<div class=\"wp-block-buttons is-horizontal is-content-justification-center is-layout-flex wp-container-core-buttons-is-layout-499968f5 wp-block-buttons-is-layout-flex\">\n<div class=\"wp-block-button has-custom-width wp-block-button__width-25\"><a class=\"wp-block-button__link wp-element-button\" href=\"https:\/\/api.whatsapp.com\/send?phone=524151539079&amp;text=Quiero%20inscribirme%20al%20MASTER\">Sign me up<\/a><\/div>\n<\/div>\n<div class='cb-post-url-qr-code'><br><img src='https:\/\/api.qrserver.com\/v1\/create-qr-code\/?size=185x185&ecc=L&qzone=1&data=https%3A%2F%2Fcehupnl.com%2Fen%2Fcertificacion-masterpnl%2F' alt='Certificaci\u00f3n MASTER en PNL'\/><\/div><div style=\"margin: 20px 0;\"><div class=\"qrcswholewtapper\" style=\"text-align:left;\"><div class=\"qrcprowrapper\"  id=\"qrcwraa2leds\"><div class=\"qrc_canvass\" id=\"qrc_cuttenpages_2\" style=\"display:inline-block\" data-text=\"https:\/\/cehupnl.com\/en\/certificacion-masterpnl\/\"><\/div><div><a download=\"Certificaci\u00f3n MASTER en PNL.png\" class=\"qrcdownloads\" id=\"worign\">\r\n           <button type=\"button\" style=\"min-width:200px;background:#44d813;color:#000;font-weight: 600;border: 1px solid #44d813;border-radius:20px;font-size:12px;padding: 6px 0;\" class=\"uqr_code_btn\">Download QR<\/button>\r\n           <\/a><\/div><\/div><\/div><\/div>","protected":false},"excerpt":{"rendered":"<p>El objetivo central de Master es facilitar a cada uno de los participantes el manejo personal en forma sostenida y\u2026<\/p>","protected":false},"author":1,"featured_media":0,"parent":0,"menu_order":0,"comment_status":"closed","ping_status":"closed","template":"","meta":{"_eb_attr":"","_joinchat":[],"footnotes":""},"class_list":["post-1380","page","type-page","status-publish","hentry"],"blocksy_meta":{"styles_descriptor":{"styles":{"desktop":"","tablet":"","mobile":""},"google_fonts":[],"version":5}},"_links":{"self":[{"href":"https:\/\/cehupnl.com\/en\/wp-json\/wp\/v2\/pages\/1380","targetHints":{"allow":["GET"]}}],"collection":[{"href":"https:\/\/cehupnl.com\/en\/wp-json\/wp\/v2\/pages"}],"about":[{"href":"https:\/\/cehupnl.com\/en\/wp-json\/wp\/v2\/types\/page"}],"author":[{"embeddable":true,"href":"https:\/\/cehupnl.com\/en\/wp-json\/wp\/v2\/users\/1"}],"replies":[{"embeddable":true,"href":"https:\/\/cehupnl.com\/en\/wp-json\/wp\/v2\/comments?post=1380"}],"version-history":[{"count":4,"href":"https:\/\/cehupnl.com\/en\/wp-json\/wp\/v2\/pages\/1380\/revisions"}],"predecessor-version":[{"id":1389,"href":"https:\/\/cehupnl.com\/en\/wp-json\/wp\/v2\/pages\/1380\/revisions\/1389"}],"wp:attachment":[{"href":"https:\/\/cehupnl.com\/en\/wp-json\/wp\/v2\/media?parent=1380"}],"curies":[{"name":"wp","href":"https:\/\/api.w.org\/{rel}","templated":true}]}}