{"id":2,"date":"2022-06-21T00:15:00","date_gmt":"2022-06-21T00:15:00","guid":{"rendered":"http:\/\/s914011192.onlinehome.mx\/?page_id=2"},"modified":"2024-04-24T11:05:37","modified_gmt":"2024-04-24T17:05:37","slug":"inicio","status":"publish","type":"page","link":"https:\/\/cehupnl.com\/en\/","title":{"rendered":"Certificaci\u00f3n Practitioner en PNL"},"content":{"rendered":"\n<div class=\"wp-block-cover alignfull has-parallax is-repeated\" style=\"min-height:80vh;aspect-ratio:unset;\"><span aria-hidden=\"true\" class=\"wp-block-cover__background has-background-dim-40 has-background-dim\" style=\"background-color:#000000\"><\/span><div class=\"wp-block-cover__image-background wp-image-994 has-parallax is-repeated\" style=\"background-position:6% 27%;background-image:url(http:\/\/cehupnl.com\/wp-content\/uploads\/2023\/03\/DSC_0071-scaled-e1685215686371.jpg)\"><\/div><div class=\"wp-block-cover__inner-container is-layout-flow wp-block-cover-is-layout-flow\">\n<h2 class=\"wp-block-heading has-text-align-center alignwide has-white-color has-text-color\" style=\"font-size:49px;line-height:1.2\"><strong><em>Centro Humanista de PNL<\/em><\/strong><br>Desde 1994<\/h2>\n\n\n\n<p class=\"has-text-align-center has-palette-color-8-color has-text-color has-large-font-size\"><strong>Programa tu mente para resolver tus problemas econ\u00f3micos, de salud y de relaciones.<\/strong><\/p>\n\n\n\n<div class=\"wp-block-buttons alignwide is-content-justification-center is-layout-flex wp-container-core-buttons-is-layout-16018d1d wp-block-buttons-is-layout-flex\">\n<div class=\"wp-block-button has-custom-width wp-block-button__width-25\"><a class=\"wp-block-button__link has-text-align-center wp-element-button\" href=\"https:\/\/api.whatsapp.com\/send?phone=524151539079&amp;text=Quiero%20informaci%C3%B3n%20de%20PNL\"><strong>M\u00e1s Informaci\u00f3n<\/strong><\/a><\/div>\n<\/div>\n<\/div><\/div>\n\n\n\n<div class=\"wp-block-group alignfull has-palette-color-8-background-color has-background\"><div class=\"wp-block-group__inner-container is-layout-flow wp-block-group-is-layout-flow\">\n<div class=\"wp-block-columns alignwide is-layout-flex wp-container-core-columns-is-layout-9d6595d7 wp-block-columns-is-layout-flex\">\n<div class=\"wp-block-column is-layout-flow wp-block-column-is-layout-flow\">\n<div style=\"height:68px\" aria-hidden=\"true\" class=\"wp-block-spacer\"><\/div>\n\n\n\n<p class=\"has-text-color\" style=\"color:#000000;font-size:96px;font-style:normal;font-weight:700;line-height:1.1\"><strong>\u00bfQu\u00e9 es la PNL?<\/strong><\/p>\n\n\n\n<h6 class=\"wp-block-heading has-text-color has-large-font-size\" id=\"ecosystem\" style=\"color:#890e0e\">PROGRAMACI\u00d3N NEUROLING\u00dc\u00cdSTICA<\/h6>\n\n\n\n<div class=\"wp-block-columns is-layout-flex wp-container-core-columns-is-layout-9d6595d7 wp-block-columns-is-layout-flex\">\n<div class=\"wp-block-column is-layout-flow wp-block-column-is-layout-flow\">\n<p class=\"has-palette-color-4-color has-text-color has-medium-font-size\"><strong>Es una herramienta para comunicarte m\u00e1s eficazmente con los dem\u00e1s y contigo mismo, lo cual te dar\u00e1 m\u00e1s salud f\u00edsica, mental, emocional y espiritual.<\/strong><\/p>\n\n\n\n<p class=\"has-palette-color-4-color has-text-color has-medium-font-size\"><strong>Rompe tu paradigmas y limitaciones que no te ayudan a lograr tus metas y superar ese vac\u00edo existencia que te mantiene improductivo y en la pobreza.<\/strong><\/p>\n<\/div>\n\n\n\n<div class=\"wp-block-column is-layout-flow wp-block-column-is-layout-flow\">\n<figure class=\"wp-block-image alignfull size-large\"><img fetchpriority=\"high\" decoding=\"async\" width=\"1024\" height=\"685\" src=\"http:\/\/cehupnl.com\/wp-content\/uploads\/2022\/07\/coach05-1024x685.jpg\" alt=\"\" class=\"wp-image-535\" srcset=\"https:\/\/cehupnl.com\/wp-content\/uploads\/2022\/07\/coach05-1024x685.jpg 1024w, https:\/\/cehupnl.com\/wp-content\/uploads\/2022\/07\/coach05-300x201.jpg 300w, https:\/\/cehupnl.com\/wp-content\/uploads\/2022\/07\/coach05-768x514.jpg 768w, https:\/\/cehupnl.com\/wp-content\/uploads\/2022\/07\/coach05-1536x1028.jpg 1536w, https:\/\/cehupnl.com\/wp-content\/uploads\/2022\/07\/coach05-600x402.jpg 600w, https:\/\/cehupnl.com\/wp-content\/uploads\/2022\/07\/coach05.jpg 1936w\" sizes=\"(max-width: 1024px) 100vw, 1024px\" \/><\/figure>\n<\/div>\n<\/div>\n<\/div>\n<\/div>\n\n\n\n<div class=\"wp-block-columns alignwide is-layout-flex wp-container-core-columns-is-layout-9d6595d7 wp-block-columns-is-layout-flex\">\n<div class=\"wp-block-column is-vertically-aligned-center is-layout-flow wp-block-column-is-layout-flow\" style=\"flex-basis:67%\">\n<div class=\"wp-block-cover aligncenter is-light\"><span aria-hidden=\"true\" class=\"wp-block-cover__background has-background-dim\"><\/span><img decoding=\"async\" width=\"1024\" height=\"768\" class=\"wp-block-cover__image-background wp-image-916\" alt=\"\" src=\"http:\/\/cehupnl.com\/wp-content\/uploads\/2022\/10\/291961429_5470633832986851_5857070705189757534_n-1-1024x768.jpg\" style=\"object-position:50% 15%\" data-object-fit=\"cover\" data-object-position=\"50% 15%\" srcset=\"https:\/\/cehupnl.com\/wp-content\/uploads\/2022\/10\/291961429_5470633832986851_5857070705189757534_n-1-1024x768.jpg 1024w, https:\/\/cehupnl.com\/wp-content\/uploads\/2022\/10\/291961429_5470633832986851_5857070705189757534_n-1-300x225.jpg 300w, https:\/\/cehupnl.com\/wp-content\/uploads\/2022\/10\/291961429_5470633832986851_5857070705189757534_n-1-768x576.jpg 768w, https:\/\/cehupnl.com\/wp-content\/uploads\/2022\/10\/291961429_5470633832986851_5857070705189757534_n-1-16x12.jpg 16w, https:\/\/cehupnl.com\/wp-content\/uploads\/2022\/10\/291961429_5470633832986851_5857070705189757534_n-1-600x450.jpg 600w, https:\/\/cehupnl.com\/wp-content\/uploads\/2022\/10\/291961429_5470633832986851_5857070705189757534_n-1.jpg 1440w\" sizes=\"(max-width: 1024px) 100vw, 1024px\" \/><div class=\"wp-block-cover__inner-container is-layout-flow wp-block-cover-is-layout-flow\">\n<p class=\"has-text-align-right has-palette-color-8-color has-text-color has-large-font-size\"><strong>Centro Humanista de Programaci\u00f3n Neuroling\u00fc\u00edstica<\/strong><\/p>\n<\/div><\/div>\n<\/div>\n\n\n\n<div class=\"wp-block-column is-vertically-aligned-center is-layout-flow wp-block-column-is-layout-flow\" style=\"flex-basis:33%\">\n<p class=\"has-palette-color-4-color has-text-color\" style=\"font-size:22px\"><strong>Nuestra empresa, tiene como \u00e1rea primordial de trabajo, la superaci\u00f3n personal para estudiantes, padres de familia, profesionistas, empresarios, etc. as\u00ed como la capacitaci\u00f3n a empresas en los niveles ejecutivos, al personal tanto comercial como operativo y administrativo, logrando la eficacia y el alto desempe\u00f1o de sus objetivos y tareas.<\/strong><\/p>\n<\/div>\n<\/div>\n<\/div><\/div>\n\n\n\n<div class=\"wp-block-media-text alignwide has-media-on-the-right is-stacked-on-mobile has-palette-color-7-background-color has-background\" style=\"grid-template-columns:auto 29%\"><div class=\"wp-block-media-text__content\">\n<h3 class=\"wp-block-heading has-text-align-center has-text-color\" style=\"color:#000000\">Pr\u00f3ximos eventos<\/h3>\n\n\n\n<div class=\"wp-block-columns is-layout-flex wp-container-core-columns-is-layout-9d6595d7 wp-block-columns-is-layout-flex\">\n<div class=\"wp-block-column is-layout-flow wp-block-column-is-layout-flow\"><div class=\"wp-block-image\">\n<figure class=\"aligncenter size-full is-resized\"><img decoding=\"async\" width=\"581\" height=\"582\" src=\"http:\/\/cehupnl.com\/wp-content\/uploads\/2024\/04\/4m.png\" alt=\"\" class=\"wp-image-1267\" style=\"aspect-ratio:1;width:148px;height:auto\" srcset=\"https:\/\/cehupnl.com\/wp-content\/uploads\/2024\/04\/4m.png 581w, https:\/\/cehupnl.com\/wp-content\/uploads\/2024\/04\/4m-300x300.png 300w, https:\/\/cehupnl.com\/wp-content\/uploads\/2024\/04\/4m-150x150.png 150w, https:\/\/cehupnl.com\/wp-content\/uploads\/2024\/04\/4m-12x12.png 12w, https:\/\/cehupnl.com\/wp-content\/uploads\/2024\/04\/4m-100x100.png 100w\" sizes=\"(max-width: 581px) 100vw, 581px\" \/><\/figure>\n<\/div>\n\n\n<h4 class=\"wp-block-heading has-text-align-center\">Diplomado Constelaciones Familiares<\/h4>\n\n\n\n<div class=\"wp-block-buttons alignwide is-content-justification-center is-layout-flex wp-container-core-buttons-is-layout-16018d1d wp-block-buttons-is-layout-flex\">\n<div class=\"wp-block-button\"><a class=\"wp-block-button__link has-text-align-center wp-element-button\" href=\"https:\/\/grisbravo.cehupnl.com\/dcf\" target=\"_blank\" rel=\"noreferrer noopener\">M\u00e1s informaci\u00f3n<\/a><\/div>\n<\/div>\n<\/div>\n\n\n\n<div class=\"wp-block-column is-layout-flow wp-block-column-is-layout-flow\"><div class=\"wp-block-image is-resized\">\n<figure class=\"aligncenter size-full\"><img loading=\"lazy\" decoding=\"async\" width=\"581\" height=\"582\" src=\"http:\/\/cehupnl.com\/wp-content\/uploads\/2024\/04\/4Y5.png\" alt=\"\" class=\"wp-image-1268\" style=\"width:149px;height:auto\" srcset=\"https:\/\/cehupnl.com\/wp-content\/uploads\/2024\/04\/4Y5.png 581w, https:\/\/cehupnl.com\/wp-content\/uploads\/2024\/04\/4Y5-300x300.png 300w, https:\/\/cehupnl.com\/wp-content\/uploads\/2024\/04\/4Y5-150x150.png 150w, https:\/\/cehupnl.com\/wp-content\/uploads\/2024\/04\/4Y5-12x12.png 12w, https:\/\/cehupnl.com\/wp-content\/uploads\/2024\/04\/4Y5-100x100.png 100w\" sizes=\"(max-width: 581px) 100vw, 581px\" \/><\/figure>\n<\/div>\n\n\n<h4 class=\"wp-block-heading has-text-align-center\">Taller         Mente subconsciente<\/h4>\n\n\n\n<div class=\"wp-block-buttons is-content-justification-center is-layout-flex wp-container-core-buttons-is-layout-16018d1d wp-block-buttons-is-layout-flex\">\n<div class=\"wp-block-button\"><a class=\"wp-block-button__link has-text-align-center wp-element-button\" href=\"http:\/\/cehupnl.com\/ms\/\" target=\"_blank\" rel=\"noreferrer noopener\">M\u00e1s informes&#8230;<\/a><\/div>\n<\/div>\n<\/div>\n\n\n\n<div class=\"wp-block-column is-layout-flow wp-block-column-is-layout-flow\"><div class=\"wp-block-image\">\n<figure class=\"aligncenter size-full is-resized\"><img loading=\"lazy\" decoding=\"async\" width=\"581\" height=\"582\" src=\"http:\/\/cehupnl.com\/wp-content\/uploads\/2024\/04\/11M.png\" alt=\"\" class=\"wp-image-1269\" style=\"width:136px;height:auto\" srcset=\"https:\/\/cehupnl.com\/wp-content\/uploads\/2024\/04\/11M.png 581w, https:\/\/cehupnl.com\/wp-content\/uploads\/2024\/04\/11M-300x300.png 300w, https:\/\/cehupnl.com\/wp-content\/uploads\/2024\/04\/11M-150x150.png 150w, https:\/\/cehupnl.com\/wp-content\/uploads\/2024\/04\/11M-12x12.png 12w, https:\/\/cehupnl.com\/wp-content\/uploads\/2024\/04\/11M-100x100.png 100w\" sizes=\"(max-width: 581px) 100vw, 581px\" \/><\/figure>\n<\/div>\n\n<h4 class=\"has-text-align-center alignwide wp-block-post-title\">Certificaci\u00f3n Practitioner en PNL<\/h4>\n\n\n<div class=\"wp-block-buttons is-content-justification-center is-layout-flex wp-container-core-buttons-is-layout-16018d1d wp-block-buttons-is-layout-flex\">\n<div class=\"wp-block-button\"><a class=\"wp-block-button__link has-text-align-center wp-element-button\" href=\"http:\/\/cehupnl.com\/practitioner\/\" target=\"_blank\" rel=\"noreferrer noopener\">M\u00e1s informaci\u00f3n<\/a><\/div>\n<\/div>\n<\/div>\n<\/div>\n<\/div><figure class=\"wp-block-media-text__media\"><img loading=\"lazy\" decoding=\"async\" width=\"950\" height=\"633\" src=\"http:\/\/cehupnl.com\/wp-content\/uploads\/2024\/04\/female-muslim-speaker-giving-presentation-hall-workshop-audience-conference-hall-close-up-pointing-hand-with-marker-conference-event-training-education-diversity-inclusive-concept-950x633.jpg\" alt=\"\" class=\"wp-image-1270 size-full\" srcset=\"https:\/\/cehupnl.com\/wp-content\/uploads\/2024\/04\/female-muslim-speaker-giving-presentation-hall-workshop-audience-conference-hall-close-up-pointing-hand-with-marker-conference-event-training-education-diversity-inclusive-concept-950x633.jpg 950w, https:\/\/cehupnl.com\/wp-content\/uploads\/2024\/04\/female-muslim-speaker-giving-presentation-hall-workshop-audience-conference-hall-close-up-pointing-hand-with-marker-conference-event-training-education-diversity-inclusive-concept-300x200.jpg 300w, https:\/\/cehupnl.com\/wp-content\/uploads\/2024\/04\/female-muslim-speaker-giving-presentation-hall-workshop-audience-conference-hall-close-up-pointing-hand-with-marker-conference-event-training-education-diversity-inclusive-concept-768x512.jpg 768w, https:\/\/cehupnl.com\/wp-content\/uploads\/2024\/04\/female-muslim-speaker-giving-presentation-hall-workshop-audience-conference-hall-close-up-pointing-hand-with-marker-conference-event-training-education-diversity-inclusive-concept-1536x1024.jpg 1536w, https:\/\/cehupnl.com\/wp-content\/uploads\/2024\/04\/female-muslim-speaker-giving-presentation-hall-workshop-audience-conference-hall-close-up-pointing-hand-with-marker-conference-event-training-education-diversity-inclusive-concept-2048x1365.jpg 2048w, https:\/\/cehupnl.com\/wp-content\/uploads\/2024\/04\/female-muslim-speaker-giving-presentation-hall-workshop-audience-conference-hall-close-up-pointing-hand-with-marker-conference-event-training-education-diversity-inclusive-concept-18x12.jpg 18w, https:\/\/cehupnl.com\/wp-content\/uploads\/2024\/04\/female-muslim-speaker-giving-presentation-hall-workshop-audience-conference-hall-close-up-pointing-hand-with-marker-conference-event-training-education-diversity-inclusive-concept-600x400.jpg 600w\" sizes=\"(max-width: 950px) 100vw, 950px\" \/><\/figure><\/div>\n\n\n\n<div class=\"wp-block-group alignfull has-palette-color-8-background-color has-background\"><div class=\"wp-block-group__inner-container is-layout-flow wp-block-group-is-layout-flow\">\n<div class=\"wp-block-group alignfull has-palette-color-8-background-color has-background\"><div class=\"wp-block-group__inner-container is-layout-flow wp-block-group-is-layout-flow\">\n<h2 class=\"wp-block-heading has-text-align-center\">Testimonios<\/h2>\n\n\n\n<div class=\"wp-block-columns alignwide is-layout-flex wp-container-core-columns-is-layout-9d6595d7 wp-block-columns-is-layout-flex\">\n<div class=\"wp-block-column is-layout-flow wp-block-column-is-layout-flow\">\n<blockquote class=\"wp-block-quote is-layout-flow wp-block-quote-is-layout-flow\">\n<p>&#8220;Mi experiencia en el Centro Humanista ha sido gratificante de inicio a fin, todo un encuentro lleno de Amor y comprensi\u00f3n con todas las personas que participan en las actividades. <\/p>\n\n\n\n<p>La forma en que te reciben y tratan te genera confianza lo cual es muy importante para un desarrollo de calidad. &#8220;<\/p>\n<cite>Marlene Rodr\u00edguez<br>ESTUDIANTE DEL CEHUPNL, SAN MIGUEL DE ALLENDE, GTO.<\/cite><\/blockquote>\n\n\n\n<p><\/p>\n<\/div>\n\n\n\n<div class=\"wp-block-column is-vertically-aligned-center is-layout-flow wp-block-column-is-layout-flow\">\n<div class=\"wp-block-buttons is-content-justification-center is-layout-flex wp-container-core-buttons-is-layout-16018d1d wp-block-buttons-is-layout-flex\">\n<div class=\"wp-block-button\"><a class=\"wp-block-button__link wp-element-button\" href=\"https:\/\/www.youtube.com\/playlist?list=PL43Yj-yaqzghrcbb6lcEZ3sOjuusekK_7\" target=\"_blank\" rel=\"noreferrer noopener\">Ver M\u00e1s Testimonios<\/a><\/div>\n<\/div>\n<\/div>\n<\/div>\n<\/div><\/div>\n\n\n\n<h2 class=\"wp-block-heading\">PRODUCTOS EN VENTA<\/h2>\n<\/div><\/div>\n\n\n\n<div data-align-buttons=\"false\" data-block-name=\"woocommerce\/all-products\" data-columns=\"3\" data-content-visibility=\"{&quot;orderBy&quot;:true}\" data-layout-config=\"[[&quot;woocommerce\\\/product-image&quot;,{&quot;imageSizing&quot;:&quot;cropped&quot;}],[&quot;woocommerce\\\/product-title&quot;],[&quot;woocommerce\\\/product-price&quot;],[&quot;woocommerce\\\/product-rating&quot;],[&quot;woocommerce\\\/product-button&quot;]]\" data-orderby=\"date\" data-rows=\"3\" class=\"wp-block-woocommerce-all-products wc-block-all-products\" data-attributes=\"{&quot;alignButtons&quot;:false,&quot;columns&quot;:3,&quot;contentVisibility&quot;:{&quot;orderBy&quot;:true},&quot;isPreview&quot;:false,&quot;layoutConfig&quot;:[[&quot;woocommerce\/product-image&quot;,{&quot;imageSizing&quot;:&quot;cropped&quot;}],[&quot;woocommerce\/product-title&quot;],[&quot;woocommerce\/product-price&quot;],[&quot;woocommerce\/product-rating&quot;],[&quot;woocommerce\/product-button&quot;]],&quot;orderby&quot;:&quot;date&quot;,&quot;rows&quot;:3}\"><\/div>\n<div class='cb-post-url-qr-code'><br><img src='https:\/\/api.qrserver.com\/v1\/create-qr-code\/?size=185x185&ecc=L&qzone=1&data=https%3A%2F%2Fcehupnl.com%2Fen%2F' alt='Certificaci\u00f3n Practitioner en PNL'\/><\/div><div style=\"margin: 20px 0;\"><div class=\"qrcswholewtapper\" style=\"text-align:left;\"><div class=\"qrcprowrapper\"  id=\"qrcwraa2leds\"><div class=\"qrc_canvass\" id=\"qrc_cuttenpages_2\" style=\"display:inline-block\" data-text=\"https:\/\/cehupnl.com\/en\/\"><\/div><div><a download=\"Certificaci\u00f3n Practitioner en PNL.png\" class=\"qrcdownloads\" id=\"worign\">\r\n           <button type=\"button\" style=\"min-width:200px;background:#44d813;color:#000;font-weight: 600;border: 1px solid #44d813;border-radius:20px;font-size:12px;padding: 6px 0;\" class=\"uqr_code_btn\">Download QR<\/button>\r\n           <\/a><\/div><\/div><\/div><\/div>","protected":false},"excerpt":{"rendered":"<p>\u00bfQu\u00e9 es la PNL? PROGRAMACI\u00d3N NEUROLING\u00dc\u00cdSTICA Es una herramienta para comunicarte m\u00e1s eficazmente con los dem\u00e1s y contigo mismo, lo\u2026<\/p>","protected":false},"author":1,"featured_media":0,"parent":0,"menu_order":0,"comment_status":"closed","ping_status":"closed","template":"","meta":{"_eb_attr":"","_joinchat":[],"footnotes":""},"class_list":["post-2","page","type-page","status-publish","hentry"],"blocksy_meta":{"styles_descriptor":{"styles":{"desktop":"[data-prefix=\"single_page\"] {background-color:var(--paletteColor8);background-image:none;}","tablet":"","mobile":""},"google_fonts":[],"version":5},"page_title_panel":"","has_hero_section":"disabled","247a52dc8101beae8beb05e483de07ca":"","hero_section":"type-1","hero_elements":[{"id":"custom_title","enabled":true,"heading_tag":"h1","title":"Home"},{"id":"custom_description","enabled":true,"description_visibility":{"desktop":true,"tablet":true,"mobile":false}},{"id":"custom_meta","enabled":false,"meta_elements":[{"id":"author","enabled":true,"label":"Por","has_author_avatar":"yes","avatar_size":25},{"id":"post_date","enabled":true,"label":"El","date_format_source":"default","date_format":"M j, Y"},{"id":"updated_date","enabled":false,"label":"El","date_format_source":"default","date_format":"M j, Y"},{"id":"categories","enabled":false,"label":"Dentro","style":"simple"},{"id":"comments","enabled":true}],"page_meta_elements":{"joined":true,"articles_count":true,"comments":true}},{"id":"breadcrumbs","enabled":false}],"163ce1c48fb9aaf2c57319473595edb4":"","hero_alignment1":"CT_CSS_SKIP_RULE","hero_margin":40,"hero_alignment2":"center","hero_vertical_alignment":"center","a9877cc1a8d084aa9bf9e1c7d4af17fe":"","hero_structure":"narrow","21d5a15daed927973e46c3a20b196adf":"","page_title_bg_type":"featured_image","custom_hero_background":{"attachment_id":null},"page_title_image_size":"full","parallax":{"desktop":false,"tablet":false,"mobile":false},"cdb72982e6546c201ce8965097dbf459":"","hero_height":"250px","pageTitleFont":{"family":"Default","variation":"Default","size":"30px","line-height":"CT_CSS_SKIP_RULE","letter-spacing":"CT_CSS_SKIP_RULE","text-transform":"CT_CSS_SKIP_RULE","text-decoration":"CT_CSS_SKIP_RULE"},"pageTitleFontColor":{"default":{"color":"CT_CSS_SKIP_RULEDEFAULT"}},"pageMetaFont":{"family":"Default","variation":"n6","size":"12px","line-height":"1.3","letter-spacing":"CT_CSS_SKIP_RULE","text-transform":"uppercase","text-decoration":"CT_CSS_SKIP_RULE"},"pageMetaFontColor":{"default":{"color":"CT_CSS_SKIP_RULEDEFAULT"},"hover":{"color":"CT_CSS_SKIP_RULEDEFAULT"}},"page_meta_button_type_font_colors":{"default":{"color":"CT_CSS_SKIP_RULEDEFAULT"},"hover":{"color":"CT_CSS_SKIP_RULEDEFAULT"}},"page_meta_button_type_background_colors":{"default":{"color":"CT_CSS_SKIP_RULEDEFAULT"},"hover":{"color":"CT_CSS_SKIP_RULEDEFAULT"}},"pageExcerptFont":{"family":"Default","variation":"Default","size":"CT_CSS_SKIP_RULE","line-height":"CT_CSS_SKIP_RULE","letter-spacing":"CT_CSS_SKIP_RULE","text-transform":"CT_CSS_SKIP_RULE","text-decoration":"CT_CSS_SKIP_RULE"},"pageExcerptColor":{"default":{"color":"CT_CSS_SKIP_RULEDEFAULT"}},"breadcrumbsFont":{"family":"Default","variation":"Default","size":"CT_CSS_SKIP_RULE","line-height":"CT_CSS_SKIP_RULE","letter-spacing":"CT_CSS_SKIP_RULE","text-transform":"CT_CSS_SKIP_RULE","text-decoration":"CT_CSS_SKIP_RULE"},"breadcrumbsFontColor":{"default":{"color":"CT_CSS_SKIP_RULEDEFAULT"},"initial":{"color":"CT_CSS_SKIP_RULEDEFAULT"},"hover":{"color":"CT_CSS_SKIP_RULEDEFAULT"}},"pageTitleOverlay":{"background_type":"color","background_pattern":"type-1","background_image":{"attachment_id":null,"x":0,"y":0},"gradient":"linear-gradient(135deg,rgba(6,147,227,1) 0%,rgb(155,81,224) 100%)","background_repeat":"repeat","background_size":"auto","background_attachment":"scroll","patternColor":{"default":{"color":"#e5e7ea"}},"overlayColor":{"default":{"color":"CT_CSS_SKIP_RULE"}},"backgroundColor":{"default":{"color":"CT_CSS_SKIP_RULE"}}},"pageTitleBackground":{"background_type":"color","background_pattern":"type-1","background_image":{"attachment_id":null,"x":0,"y":0},"gradient":"linear-gradient(135deg,rgba(6,147,227,1) 0%,rgb(155,81,224) 100%)","background_repeat":"repeat","background_size":"auto","background_attachment":"scroll","patternColor":{"default":{"color":"#e5e7ea"}},"overlayColor":{"default":{"color":"CT_CSS_SKIP_RULE"}},"backgroundColor":{"default":{"color":"var(--paletteColor6)"}}},"pageTitlePadding":{"top":"50px","bottom":"50px","left":"auto","right":"auto","linked":true},"0dde5c15d7ceda0036481f6d7f516ff2":"","page_structure_type":"default","a804d0a3f651be20e4e1febe5bfdce4e":"","content_style_source":"inherit","content_style":"wide","vertical_spacing_source":"custom","content_area_spacing":"none","background":{"background_type":"color","background_pattern":"type-1","background_image":{"attachment_id":null,"x":0,"y":0},"gradient":"linear-gradient(135deg,rgba(6,147,227,1) 0%,rgb(155,81,224) 100%)","background_repeat":"repeat","background_size":"auto","background_attachment":"scroll","patternColor":{"default":{"color":"#e5e7ea"}},"overlayColor":{"default":{"color":"CT_CSS_SKIP_RULE"}},"backgroundColor":{"default":{"color":"CT_CSS_SKIP_RULE"}},"desktop":{"background_type":"color","background_pattern":"type-1","background_image":{"attachment_id":null,"x":0,"y":0},"gradient":"linear-gradient(135deg,rgba(6,147,227,1) 0%,rgb(155,81,224) 100%)","background_repeat":"repeat","background_size":"auto","background_attachment":"scroll","patternColor":{"default":{"color":"#e5e7ea"}},"overlayColor":{"default":{"color":"CT_CSS_SKIP_RULE"}},"backgroundColor":{"default":{"color":"var(--paletteColor8)"}}},"tablet":{"background_type":"color","background_pattern":"type-1","background_image":{"attachment_id":null,"x":0,"y":0},"gradient":"linear-gradient(135deg,rgba(6,147,227,1) 0%,rgb(155,81,224) 100%)","background_repeat":"repeat","background_size":"auto","background_attachment":"scroll","patternColor":{"default":{"color":"#e5e7ea"}},"overlayColor":{"default":{"color":"CT_CSS_SKIP_RULE"}},"backgroundColor":{"default":{"color":"var(--paletteColor8)"}}},"mobile":{"background_type":"color","background_pattern":"type-1","background_image":{"attachment_id":null,"x":0,"y":0},"gradient":"linear-gradient(135deg,rgba(6,147,227,1) 0%,rgb(155,81,224) 100%)","background_repeat":"repeat","background_size":"auto","background_attachment":"scroll","patternColor":{"default":{"color":"#e5e7ea"}},"overlayColor":{"default":{"color":"CT_CSS_SKIP_RULE"}},"backgroundColor":{"default":{"color":"var(--paletteColor8)"}}},"__changed":[]},"content_background":{"background_type":"color","background_pattern":"type-1","background_image":{"attachment_id":null,"x":0,"y":0},"gradient":"linear-gradient(135deg,rgba(6,147,227,1) 0%,rgb(155,81,224) 100%)","background_repeat":"repeat","background_size":"auto","background_attachment":"scroll","patternColor":{"default":{"color":"#e5e7ea"}},"overlayColor":{"default":{"color":"CT_CSS_SKIP_RULE"}},"backgroundColor":{"default":{"color":"var(--paletteColor8)"}}},"content_boxed_shadow":{"inherit":false,"blur":18,"spread":-6,"v_offset":12,"h_offset":0,"inset":false,"enable":true,"color":{"color":"rgba(34, 56, 101, 0.04)"}},"content_boxed_border":{"width":1,"style":"none","color":{"color":"rgba(44,62,80,0.2)"}},"content_boxed_radius":{"top":"3px","bottom":"3px","left":"3px","right":"3px","linked":true},"boxed_content_spacing":{"desktop":{"top":"40px","bottom":"40px","left":"40px","right":"40px","linked":true},"tablet":{"top":"35px","bottom":"35px","left":"35px","right":"35px","linked":true},"mobile":{"top":"20px","bottom":"20px","left":"20px","right":"20px","linked":true}},"d9985a6cf223dcfeba4f0d5c326f9202":"","disable_featured_image":"no","disable_share_box":"no","disable_header":"no","disable_footer":"no","6d1cd10a0976bda1fd1f840a8acf40b8":"","0287e841e01c78c13ca5753c43154326":"","e45a4d2989d02dc7ce40883733a031d9":"","03898c8a2914a8e673d7bfb0f82bb8ea":"","9c86fe0314689bb827f2aa93ea2105d1":"","0f7652a8f9945a9bd885dc5e864fa5fd":"","f870203bc53791e8da7ea00155b8dc89":"","a919c1aabf0b8e582f9d303eb4b929dd":"","d3ffae106d435a05c1365cc5c70c3922":"","2e3d1a467a4ceb08aeb15596c56adce1":"","a106eb75fc1110f113b192a4fef23757":"","2ec8ca429503ace26cbeacb276c2f0fa":"","acc41586702555d324cf94b4bb8ce164":"","c0073ffb84c66949ec63f263a9132112":"","3a402fa947c2bddc1e38f291a9e8c729":"","0d1d78b59c2c78de92966beecbec49eb":"","f510ad1079546f704b254e92c0273f4b":"","557fe332e86a714e9b135ce3941ef33a":"","2afcf0172fce1ccb2c78ccb6c466f706":"","39e6d8c3d649bd87379f6137c6bcc52a":"","e3e0ede4d7c8a6546766859266f095a4":"","395a145011f1066b9dac9b3c43b88a92":"","1952188dc52037b30a82194cfd6a2eed":"","2183c84bab14a6a712b67084032f5a6b":""},"_links":{"self":[{"href":"https:\/\/cehupnl.com\/en\/wp-json\/wp\/v2\/pages\/2","targetHints":{"allow":["GET"]}}],"collection":[{"href":"https:\/\/cehupnl.com\/en\/wp-json\/wp\/v2\/pages"}],"about":[{"href":"https:\/\/cehupnl.com\/en\/wp-json\/wp\/v2\/types\/page"}],"author":[{"embeddable":true,"href":"https:\/\/cehupnl.com\/en\/wp-json\/wp\/v2\/users\/1"}],"replies":[{"embeddable":true,"href":"https:\/\/cehupnl.com\/en\/wp-json\/wp\/v2\/comments?post=2"}],"version-history":[{"count":59,"href":"https:\/\/cehupnl.com\/en\/wp-json\/wp\/v2\/pages\/2\/revisions"}],"predecessor-version":[{"id":1271,"href":"https:\/\/cehupnl.com\/en\/wp-json\/wp\/v2\/pages\/2\/revisions\/1271"}],"wp:attachment":[{"href":"https:\/\/cehupnl.com\/en\/wp-json\/wp\/v2\/media?parent=2"}],"curies":[{"name":"wp","href":"https:\/\/api.w.org\/{rel}","templated":true}]}}