{"id":22,"date":"2022-06-21T00:41:48","date_gmt":"2022-06-21T00:41:48","guid":{"rendered":"http:\/\/s914011192.onlinehome.mx\/?page_id=22"},"modified":"2022-07-06T20:03:27","modified_gmt":"2022-07-07T01:03:27","slug":"generaciones-de-dhnl","status":"publish","type":"page","link":"https:\/\/cehupnl.com\/en\/galeria-de-fotos\/generaciones-de-dhnl\/","title":{"rendered":"Generations of DHNL"},"content":{"rendered":"<div class=\"wp-block-media-text alignwide is-stacked-on-mobile has-palette-color-8-background-color has-background\"><figure class=\"wp-block-media-text__media\"><img fetchpriority=\"high\" decoding=\"async\" width=\"1024\" height=\"1024\" src=\"http:\/\/cehupnl.com\/wp-content\/uploads\/woocommerce-placeholder-1024x1024.png\" alt=\"\" class=\"wp-image-35 size-full\" srcset=\"https:\/\/cehupnl.com\/wp-content\/uploads\/woocommerce-placeholder-1024x1024.png 1024w, https:\/\/cehupnl.com\/wp-content\/uploads\/woocommerce-placeholder-100x100.png 100w, https:\/\/cehupnl.com\/wp-content\/uploads\/woocommerce-placeholder-600x600.png 600w, https:\/\/cehupnl.com\/wp-content\/uploads\/woocommerce-placeholder-300x300.png 300w, https:\/\/cehupnl.com\/wp-content\/uploads\/woocommerce-placeholder-150x150.png 150w, https:\/\/cehupnl.com\/wp-content\/uploads\/woocommerce-placeholder-768x768.png 768w, https:\/\/cehupnl.com\/wp-content\/uploads\/woocommerce-placeholder.png 1200w\" sizes=\"(max-width: 1024px) 100vw, 1024px\" \/><\/figure><div class=\"wp-block-media-text__content\">\n<h2 class=\"has-large-font-size wp-block-heading\">FIRST GENERATION<\/h2>\n\n\n\n<ul class=\"wp-block-list\"><li><strong>George Armando Rodriguez\u00a0<\/strong><\/li><li><strong>Griselda Bravo Ramirez\u00a0<\/strong><\/li><li><strong>Rebecca E. Dominguez\u00a0<\/strong><\/li><li><strong>Silvia Jimenez Jimenez\u00a0<\/strong><\/li><li><strong>Leticia Silva Rico\u00a0<\/strong><\/li><li><strong>Ricardo Arturo Morales\u00a0<\/strong><\/li><li><strong>Micaela Martinez Suchil\u00a0<\/strong><\/li><li><strong>Fabiola Arellano Hernandez\u00a0<\/strong><\/li><li><strong>Claudia Candelaria Ramirez Mendoza\u00a0<\/strong><\/li><li><strong>Ma. Guadalupe Robles Godinez<\/strong><\/li><\/ul>\n<\/div><\/div>\n\n\n\n<div class=\"wp-block-media-text alignwide is-stacked-on-mobile has-palette-color-8-background-color has-background\"><figure class=\"wp-block-media-text__media\"><img fetchpriority=\"high\" decoding=\"async\" width=\"1024\" height=\"1024\" src=\"http:\/\/cehupnl.com\/wp-content\/uploads\/woocommerce-placeholder-1024x1024.png\" alt=\"\" class=\"wp-image-35 size-full\" srcset=\"https:\/\/cehupnl.com\/wp-content\/uploads\/woocommerce-placeholder-1024x1024.png 1024w, https:\/\/cehupnl.com\/wp-content\/uploads\/woocommerce-placeholder-100x100.png 100w, https:\/\/cehupnl.com\/wp-content\/uploads\/woocommerce-placeholder-600x600.png 600w, https:\/\/cehupnl.com\/wp-content\/uploads\/woocommerce-placeholder-300x300.png 300w, https:\/\/cehupnl.com\/wp-content\/uploads\/woocommerce-placeholder-150x150.png 150w, https:\/\/cehupnl.com\/wp-content\/uploads\/woocommerce-placeholder-768x768.png 768w, https:\/\/cehupnl.com\/wp-content\/uploads\/woocommerce-placeholder.png 1200w\" sizes=\"(max-width: 1024px) 100vw, 1024px\" \/><\/figure><div class=\"wp-block-media-text__content\">\n<h2 class=\"has-large-font-size wp-block-heading\">SECOND GENERATION<\/h2>\n\n\n\n<ul class=\"wp-block-list\"><li><strong>Jose Manuel Morin Mendoza\u00a0<\/strong><\/li><li><strong>Jose Cruz Morales Olvera\u00a0<\/strong><\/li><li><strong>Hipolito Arellano\u00a0<\/strong><\/li><li><strong>Xochilt J. Reyes Camacho\u00a0<\/strong><\/li><li><strong>Jose Luis Uribe\u00a0<\/strong><\/li><li><strong>Roman Suarez\u00a0<\/strong><\/li><li><strong>Oscar Bautista Espinosa\u00a0<\/strong><\/li><li><strong>Alberto Arellano Hernandez\u00a0<\/strong><\/li><li><strong>Ma. Dolores Hernandez<\/strong><\/li><\/ul>\n<\/div><\/div>\n\n\n\n<div class=\"wp-block-media-text alignwide is-stacked-on-mobile has-palette-color-8-background-color has-background\"><figure class=\"wp-block-media-text__media\"><img fetchpriority=\"high\" decoding=\"async\" width=\"1024\" height=\"1024\" src=\"http:\/\/cehupnl.com\/wp-content\/uploads\/woocommerce-placeholder-1024x1024.png\" alt=\"\" class=\"wp-image-35 size-full\" srcset=\"https:\/\/cehupnl.com\/wp-content\/uploads\/woocommerce-placeholder-1024x1024.png 1024w, https:\/\/cehupnl.com\/wp-content\/uploads\/woocommerce-placeholder-100x100.png 100w, https:\/\/cehupnl.com\/wp-content\/uploads\/woocommerce-placeholder-600x600.png 600w, https:\/\/cehupnl.com\/wp-content\/uploads\/woocommerce-placeholder-300x300.png 300w, https:\/\/cehupnl.com\/wp-content\/uploads\/woocommerce-placeholder-150x150.png 150w, https:\/\/cehupnl.com\/wp-content\/uploads\/woocommerce-placeholder-768x768.png 768w, https:\/\/cehupnl.com\/wp-content\/uploads\/woocommerce-placeholder.png 1200w\" sizes=\"(max-width: 1024px) 100vw, 1024px\" \/><\/figure><div class=\"wp-block-media-text__content\">\n<h2 class=\"has-large-font-size wp-block-heading\">THIRD GENERATION<\/h2>\n\n\n\n<ul class=\"wp-block-list\"><li><strong>Miguel Angel Sanchez Arrollo\u00a0<\/strong><\/li><li><strong>Carmen Ruiz\u00a0<\/strong><\/li><li><strong>Sarah Ramirez Chavez\u00a0<\/strong><\/li><li><strong>Juan Jose Sanchez Beltran\u00a0<\/strong><\/li><li><strong>Maria Guadalupe Ojeda\u00a0<\/strong><\/li><li><strong>Jose Carlos Guerra Ibarra\u00a0<\/strong><\/li><li><strong>Ma. Elena Solis\u00a0<\/strong><\/li><li><strong>Jose Manuel Morin Mendoza\u00a0<\/strong><\/li><\/ul>\n<\/div><\/div>\n\n\n\n<div class=\"wp-block-media-text alignwide is-stacked-on-mobile has-palette-color-8-background-color has-background\"><figure class=\"wp-block-media-text__media\"><img fetchpriority=\"high\" decoding=\"async\" width=\"1024\" height=\"1024\" src=\"http:\/\/cehupnl.com\/wp-content\/uploads\/woocommerce-placeholder-1024x1024.png\" alt=\"\" class=\"wp-image-35 size-full\" srcset=\"https:\/\/cehupnl.com\/wp-content\/uploads\/woocommerce-placeholder-1024x1024.png 1024w, https:\/\/cehupnl.com\/wp-content\/uploads\/woocommerce-placeholder-100x100.png 100w, https:\/\/cehupnl.com\/wp-content\/uploads\/woocommerce-placeholder-600x600.png 600w, https:\/\/cehupnl.com\/wp-content\/uploads\/woocommerce-placeholder-300x300.png 300w, https:\/\/cehupnl.com\/wp-content\/uploads\/woocommerce-placeholder-150x150.png 150w, https:\/\/cehupnl.com\/wp-content\/uploads\/woocommerce-placeholder-768x768.png 768w, https:\/\/cehupnl.com\/wp-content\/uploads\/woocommerce-placeholder.png 1200w\" sizes=\"(max-width: 1024px) 100vw, 1024px\" \/><\/figure><div class=\"wp-block-media-text__content\">\n<h2 class=\"has-large-font-size wp-block-heading\">FOURTH GENERATION<\/h2>\n\n\n\n<ul class=\"wp-block-list\"><li>Jose Pedro Morin Morales<\/li><li>Javier Ramirez<\/li><li>M. Guadalupe Torres Villamar<\/li><li>Maria Guadalupe Tapia Morales<\/li><li>Oswaldo Garcia Cabral<\/li><li>Brenda Paredes Fernandez<\/li><li>Ma. Concepcion Vega Marquez<\/li><li>Gerardo Martinez Vega<\/li><li>Patricia Velasco Macias<\/li><li>Martha Torres Villamar<\/li><li>Lizbeth Paredes Fernandez<\/li><li>Angelica Jimenez<\/li><li>Emir Acosta<\/li><\/ul>\n<\/div><\/div>\n<div class='cb-post-url-qr-code'><br><img src='https:\/\/api.qrserver.com\/v1\/create-qr-code\/?size=185x185&ecc=L&qzone=1&data=https%3A%2F%2Fcehupnl.com%2Fen%2Fgaleria-de-fotos%2Fgeneraciones-de-dhnl%2F' alt='Generaciones de DHNL'\/><\/div><div style=\"margin: 20px 0;\"><div class=\"qrcswholewtapper\" style=\"text-align:left;\"><div class=\"qrcprowrapper\"  id=\"qrcwraa2leds\"><div class=\"qrc_canvass\" id=\"qrc_cuttenpages_2\" style=\"display:inline-block\" data-text=\"https:\/\/cehupnl.com\/en\/galeria-de-fotos\/generaciones-de-dhnl\/\"><\/div><div><a download=\"Generaciones de DHNL.png\" class=\"qrcdownloads\" id=\"worign\">\r\n           <button type=\"button\" style=\"min-width:200px;background:#44d813;color:#000;font-weight: 600;border: 1px solid #44d813;border-radius:20px;font-size:12px;padding: 6px 0;\" class=\"uqr_code_btn\">Download QR<\/button>\r\n           <\/a><\/div><\/div><\/div><\/div>","protected":false},"excerpt":{"rendered":"<p>FIRST GENERATION Jorge Armando Rodr\u00edguez Griselda Bravo Ram\u00edrez Rebeca E. Dominguez Silvia Jim\u00e9nez Jimenez Leticia Silva Rico Ricardo Arturo Morales Micaela Mart\u00ednez Suchil \u2026<\/p>","protected":false},"author":1,"featured_media":0,"parent":18,"menu_order":0,"comment_status":"closed","ping_status":"closed","template":"","meta":{"_eb_attr":"","_joinchat":[],"footnotes":""},"class_list":["post-22","page","type-page","status-publish","hentry"],"blocksy_meta":{"styles_descriptor":{"styles":{"desktop":"","tablet":"","mobile":""},"google_fonts":[],"version":5}},"_links":{"self":[{"href":"https:\/\/cehupnl.com\/en\/wp-json\/wp\/v2\/pages\/22","targetHints":{"allow":["GET"]}}],"collection":[{"href":"https:\/\/cehupnl.com\/en\/wp-json\/wp\/v2\/pages"}],"about":[{"href":"https:\/\/cehupnl.com\/en\/wp-json\/wp\/v2\/types\/page"}],"author":[{"embeddable":true,"href":"https:\/\/cehupnl.com\/en\/wp-json\/wp\/v2\/users\/1"}],"replies":[{"embeddable":true,"href":"https:\/\/cehupnl.com\/en\/wp-json\/wp\/v2\/comments?post=22"}],"version-history":[{"count":3,"href":"https:\/\/cehupnl.com\/en\/wp-json\/wp\/v2\/pages\/22\/revisions"}],"predecessor-version":[{"id":174,"href":"https:\/\/cehupnl.com\/en\/wp-json\/wp\/v2\/pages\/22\/revisions\/174"}],"up":[{"embeddable":true,"href":"https:\/\/cehupnl.com\/en\/wp-json\/wp\/v2\/pages\/18"}],"wp:attachment":[{"href":"https:\/\/cehupnl.com\/en\/wp-json\/wp\/v2\/media?parent=22"}],"curies":[{"name":"wp","href":"https:\/\/api.w.org\/{rel}","templated":true}]}}