{"id":24,"date":"2022-06-21T00:42:07","date_gmt":"2022-06-21T00:42:07","guid":{"rendered":"http:\/\/s914011192.onlinehome.mx\/?page_id=24"},"modified":"2022-07-06T20:12:27","modified_gmt":"2022-07-07T01:12:27","slug":"generaciones-de-coaching-con-pnl","status":"publish","type":"page","link":"https:\/\/cehupnl.com\/en\/galeria-de-fotos\/generaciones-de-coaching-con-pnl\/","title":{"rendered":"Generations of Coaching with NLP"},"content":{"rendered":"<div class=\"wp-block-media-text alignwide is-stacked-on-mobile has-palette-color-8-background-color has-background\"><figure class=\"wp-block-media-text__media\"><img fetchpriority=\"high\" decoding=\"async\" width=\"1024\" height=\"1024\" src=\"http:\/\/cehupnl.com\/wp-content\/uploads\/woocommerce-placeholder-1024x1024.png\" alt=\"\" class=\"wp-image-35 size-full\" srcset=\"https:\/\/cehupnl.com\/wp-content\/uploads\/woocommerce-placeholder-1024x1024.png 1024w, https:\/\/cehupnl.com\/wp-content\/uploads\/woocommerce-placeholder-100x100.png 100w, https:\/\/cehupnl.com\/wp-content\/uploads\/woocommerce-placeholder-600x600.png 600w, https:\/\/cehupnl.com\/wp-content\/uploads\/woocommerce-placeholder-300x300.png 300w, https:\/\/cehupnl.com\/wp-content\/uploads\/woocommerce-placeholder-150x150.png 150w, https:\/\/cehupnl.com\/wp-content\/uploads\/woocommerce-placeholder-768x768.png 768w, https:\/\/cehupnl.com\/wp-content\/uploads\/woocommerce-placeholder.png 1200w\" sizes=\"(max-width: 1024px) 100vw, 1024px\" \/><\/figure><div class=\"wp-block-media-text__content\">\n<h2 class=\"has-large-font-size wp-block-heading\">FIRST GENERATION<\/h2>\n\n\n\n<ul class=\"wp-block-list\"><li><strong>Victor Manuel Morin Salgado\u00a0<\/strong><\/li><li><strong>Jose Angel Ramirez Guerra\u00a0<\/strong><\/li><li><strong>Oscar Espinosa Bautista\u00a0<\/strong><\/li><li><strong>Rodolfo Perez Perez\u00a0<\/strong><\/li><li><strong>Raphael Lara Hernandez\u00a0<\/strong><\/li><li><strong>Ma. Guadalupe Robles Godinez\u00a0<\/strong><\/li><li><strong>Itzel Minerva\u00a0<\/strong><\/li><li><strong>Ma. de los Angeles Calderon Romero\u00a0<\/strong><\/li><li><strong>Ms. Guadalupe Rojas Vazquez\u00a0<\/strong><\/li><li><strong>Dolores Pico Moreno<\/strong><\/li><\/ul>\n<\/div><\/div>\n\n\n\n<div class=\"wp-block-media-text alignwide is-stacked-on-mobile has-palette-color-8-background-color has-background\"><figure class=\"wp-block-media-text__media\"><img fetchpriority=\"high\" decoding=\"async\" width=\"1024\" height=\"1024\" src=\"http:\/\/cehupnl.com\/wp-content\/uploads\/woocommerce-placeholder-1024x1024.png\" alt=\"\" class=\"wp-image-35 size-full\" srcset=\"https:\/\/cehupnl.com\/wp-content\/uploads\/woocommerce-placeholder-1024x1024.png 1024w, https:\/\/cehupnl.com\/wp-content\/uploads\/woocommerce-placeholder-100x100.png 100w, https:\/\/cehupnl.com\/wp-content\/uploads\/woocommerce-placeholder-600x600.png 600w, https:\/\/cehupnl.com\/wp-content\/uploads\/woocommerce-placeholder-300x300.png 300w, https:\/\/cehupnl.com\/wp-content\/uploads\/woocommerce-placeholder-150x150.png 150w, https:\/\/cehupnl.com\/wp-content\/uploads\/woocommerce-placeholder-768x768.png 768w, https:\/\/cehupnl.com\/wp-content\/uploads\/woocommerce-placeholder.png 1200w\" sizes=\"(max-width: 1024px) 100vw, 1024px\" \/><\/figure><div class=\"wp-block-media-text__content\">\n<h2 class=\"has-large-font-size wp-block-heading\">SECOND GENERATION<\/h2>\n\n\n\n<ul class=\"wp-block-list\"><li><strong>Inti Guzman\u00a0<\/strong><\/li><li><strong>Griselda Bravo Ramirez\u00a0<\/strong><\/li><li><strong>Gemma Tovar Olvera\u00a0<\/strong><\/li><li><strong>Sergio Rodriguez Barrientos\u00a0<\/strong><\/li><li><strong>Juan Jose Sanchez Beltran\u00a0<\/strong><\/li><li><strong>Leticia Hernandez Ortiz\u00a0<\/strong><\/li><li><strong>Karina Morin Salgado\u00a0<\/strong><\/li><li><strong>Beatriz Eugenia Lopez Montoya\u00a0<\/strong><\/li><li><strong>Imelda Juarez Calderon<\/strong><\/li><\/ul>\n<\/div><\/div>\n\n\n\n<div class=\"wp-block-media-text alignwide is-stacked-on-mobile has-palette-color-8-background-color has-background\"><figure class=\"wp-block-media-text__media\"><img fetchpriority=\"high\" decoding=\"async\" width=\"1024\" height=\"1024\" src=\"http:\/\/cehupnl.com\/wp-content\/uploads\/woocommerce-placeholder-1024x1024.png\" alt=\"\" class=\"wp-image-35 size-full\" srcset=\"https:\/\/cehupnl.com\/wp-content\/uploads\/woocommerce-placeholder-1024x1024.png 1024w, https:\/\/cehupnl.com\/wp-content\/uploads\/woocommerce-placeholder-100x100.png 100w, https:\/\/cehupnl.com\/wp-content\/uploads\/woocommerce-placeholder-600x600.png 600w, https:\/\/cehupnl.com\/wp-content\/uploads\/woocommerce-placeholder-300x300.png 300w, https:\/\/cehupnl.com\/wp-content\/uploads\/woocommerce-placeholder-150x150.png 150w, https:\/\/cehupnl.com\/wp-content\/uploads\/woocommerce-placeholder-768x768.png 768w, https:\/\/cehupnl.com\/wp-content\/uploads\/woocommerce-placeholder.png 1200w\" sizes=\"(max-width: 1024px) 100vw, 1024px\" \/><\/figure><div class=\"wp-block-media-text__content\">\n<h2 class=\"has-large-font-size wp-block-heading\">THIRD GENERATION<\/h2>\n\n\n\n<ul class=\"wp-block-list\"><li><strong>Inti Guzman\u00a0<\/strong><\/li><li><strong>Juan Jose Sanchez Beltran\u00a0<\/strong><\/li><li><strong>Jose Cruz Morales Olvera<\/strong><\/li><li><strong>Jose Angel Ramirez Guerra<\/strong><\/li><li><strong>Miguel Angel Sanchez Arrollo<\/strong><\/li><li><strong>Miguel Angel Mosqueda<\/strong><\/li><li><strong>Ms. Candelaria Ramirez<\/strong><\/li><li><strong>Martha Arizmendi<\/strong><\/li><li><strong>Ma. de los Angeles Calderon Romero<\/strong><\/li><li><strong>Rodolfo Perez<\/strong><\/li><li><strong>Gilberto Palafox Alcocer<\/strong><\/li><li><strong>Penelope Mexican<\/strong><\/li><\/ul>\n<\/div><\/div>\n\n\n\n<div class=\"wp-block-media-text alignwide is-stacked-on-mobile has-palette-color-8-background-color has-background\"><figure class=\"wp-block-media-text__media\"><img fetchpriority=\"high\" decoding=\"async\" width=\"1024\" height=\"1024\" src=\"http:\/\/cehupnl.com\/wp-content\/uploads\/woocommerce-placeholder-1024x1024.png\" alt=\"\" class=\"wp-image-35 size-full\" srcset=\"https:\/\/cehupnl.com\/wp-content\/uploads\/woocommerce-placeholder-1024x1024.png 1024w, https:\/\/cehupnl.com\/wp-content\/uploads\/woocommerce-placeholder-100x100.png 100w, https:\/\/cehupnl.com\/wp-content\/uploads\/woocommerce-placeholder-600x600.png 600w, https:\/\/cehupnl.com\/wp-content\/uploads\/woocommerce-placeholder-300x300.png 300w, https:\/\/cehupnl.com\/wp-content\/uploads\/woocommerce-placeholder-150x150.png 150w, https:\/\/cehupnl.com\/wp-content\/uploads\/woocommerce-placeholder-768x768.png 768w, https:\/\/cehupnl.com\/wp-content\/uploads\/woocommerce-placeholder.png 1200w\" sizes=\"(max-width: 1024px) 100vw, 1024px\" \/><\/figure><div class=\"wp-block-media-text__content\">\n<h2 class=\"has-large-font-size wp-block-heading\">FOURTH GENERATION<\/h2>\n\n\n\n<ul class=\"wp-block-list\"><li><strong>Noah Arellano Hernandez<\/strong><\/li><li><strong>America Balbuena\u00a0<\/strong><\/li><li><strong>Enrique\u00a0<\/strong><\/li><li><strong>Maria Ellen Solis\u00a0<\/strong><\/li><li><strong>Jorge Armando Rodriguez Orozco\u00a0<\/strong><\/li><li><strong>Fabiola Arellano Hernandez\u00a0<\/strong><\/li><li><strong>Jose Carlos Guerra Ibarra\u00a0<\/strong><\/li><li><strong>Jose Manuel Morin Mendoza<\/strong><\/li><\/ul>\n<\/div><\/div>\n\n\n\n<div class=\"wp-block-media-text alignwide is-stacked-on-mobile has-palette-color-8-background-color has-background\"><figure class=\"wp-block-media-text__media\"><img fetchpriority=\"high\" decoding=\"async\" width=\"1024\" height=\"1024\" src=\"http:\/\/cehupnl.com\/wp-content\/uploads\/woocommerce-placeholder-1024x1024.png\" alt=\"\" class=\"wp-image-35 size-full\" srcset=\"https:\/\/cehupnl.com\/wp-content\/uploads\/woocommerce-placeholder-1024x1024.png 1024w, https:\/\/cehupnl.com\/wp-content\/uploads\/woocommerce-placeholder-100x100.png 100w, https:\/\/cehupnl.com\/wp-content\/uploads\/woocommerce-placeholder-600x600.png 600w, https:\/\/cehupnl.com\/wp-content\/uploads\/woocommerce-placeholder-300x300.png 300w, https:\/\/cehupnl.com\/wp-content\/uploads\/woocommerce-placeholder-150x150.png 150w, https:\/\/cehupnl.com\/wp-content\/uploads\/woocommerce-placeholder-768x768.png 768w, https:\/\/cehupnl.com\/wp-content\/uploads\/woocommerce-placeholder.png 1200w\" sizes=\"(max-width: 1024px) 100vw, 1024px\" \/><\/figure><div class=\"wp-block-media-text__content\">\n<h2 class=\"has-large-font-size wp-block-heading\">FIFTH GENERATION<\/h2>\n\n\n\n<ul class=\"wp-block-list\"><li><strong>Jose Gerardo Rodriguez<\/strong><\/li><li><strong>Ma. Concepcion Vega Martinez\u00a0<\/strong><\/li><li><strong>Francisco G. Ponce Herrera<\/strong><\/li><li><strong>Brenda Paredes Fernandez\u00a0<\/strong><\/li><li><strong>Jorge Luis Calderon Reyes\u00a0<\/strong><\/li><li><strong>Lourdes Evelia Carrillo Gonzalez\u00a0<\/strong><\/li><li><strong>Jose Cruz Morales Olvera<\/strong><\/li><li><strong>Griselda Bravo Ramirez<\/strong><\/li><\/ul>\n<\/div><\/div>\n\n\n\n<div class=\"wp-block-media-text alignwide is-stacked-on-mobile has-palette-color-8-background-color has-background\"><figure class=\"wp-block-media-text__media\"><img fetchpriority=\"high\" decoding=\"async\" width=\"1024\" height=\"1024\" src=\"http:\/\/cehupnl.com\/wp-content\/uploads\/woocommerce-placeholder-1024x1024.png\" alt=\"\" class=\"wp-image-35 size-full\" srcset=\"https:\/\/cehupnl.com\/wp-content\/uploads\/woocommerce-placeholder-1024x1024.png 1024w, https:\/\/cehupnl.com\/wp-content\/uploads\/woocommerce-placeholder-100x100.png 100w, https:\/\/cehupnl.com\/wp-content\/uploads\/woocommerce-placeholder-600x600.png 600w, https:\/\/cehupnl.com\/wp-content\/uploads\/woocommerce-placeholder-300x300.png 300w, https:\/\/cehupnl.com\/wp-content\/uploads\/woocommerce-placeholder-150x150.png 150w, https:\/\/cehupnl.com\/wp-content\/uploads\/woocommerce-placeholder-768x768.png 768w, https:\/\/cehupnl.com\/wp-content\/uploads\/woocommerce-placeholder.png 1200w\" sizes=\"(max-width: 1024px) 100vw, 1024px\" \/><\/figure><div class=\"wp-block-media-text__content\">\n<h2 class=\"has-large-font-size wp-block-heading\">SIXTH GENERATION<\/h2>\n\n\n\n<ul class=\"wp-block-list\"><li><strong>Francis Ponce Herrera<\/strong><\/li><li><strong>Ms. Guadalupe Duran Castillo\u00a0<\/strong><\/li><li><strong>Salvador Ponce Herrera<\/strong><\/li><li><strong>Llerandila Tello Perez\u00a0<\/strong><\/li><li><strong>Jose Ignacio Renteria\u00a0<\/strong><\/li><li><strong>Maria Guadalupe Torres\u00a0<\/strong><\/li><li><strong>David Lopez Rodriguez<\/strong><\/li><li><strong>Ms. Guadalupe Karlota Ramirez\u00a0<\/strong><\/li><li><strong>Fernando Ponce-Herrera<\/strong><\/li><li><strong>Grizelda Velez\u00a0<\/strong><\/li><li><strong>Georgina Mares Baez<\/strong><\/li><li><strong>Mauro Hernandez Duran\u00a0<\/strong><\/li><li><strong>Bertha Moreno Alvarez<\/strong><\/li><li><strong>Sergio Avila<\/strong><\/li><li><strong>Gregory Ponce Herrera<\/strong><\/li><\/ul>\n<\/div><\/div>\n\n\n\n<div class=\"wp-block-media-text alignwide is-stacked-on-mobile has-palette-color-8-background-color has-background\"><figure class=\"wp-block-media-text__media\"><img fetchpriority=\"high\" decoding=\"async\" width=\"1024\" height=\"1024\" src=\"http:\/\/cehupnl.com\/wp-content\/uploads\/woocommerce-placeholder-1024x1024.png\" alt=\"\" class=\"wp-image-35 size-full\" srcset=\"https:\/\/cehupnl.com\/wp-content\/uploads\/woocommerce-placeholder-1024x1024.png 1024w, https:\/\/cehupnl.com\/wp-content\/uploads\/woocommerce-placeholder-100x100.png 100w, https:\/\/cehupnl.com\/wp-content\/uploads\/woocommerce-placeholder-600x600.png 600w, https:\/\/cehupnl.com\/wp-content\/uploads\/woocommerce-placeholder-300x300.png 300w, https:\/\/cehupnl.com\/wp-content\/uploads\/woocommerce-placeholder-150x150.png 150w, https:\/\/cehupnl.com\/wp-content\/uploads\/woocommerce-placeholder-768x768.png 768w, https:\/\/cehupnl.com\/wp-content\/uploads\/woocommerce-placeholder.png 1200w\" sizes=\"(max-width: 1024px) 100vw, 1024px\" \/><\/figure><div class=\"wp-block-media-text__content\">\n<h2 class=\"has-large-font-size wp-block-heading\">SEVENTH GENERATION<\/h2>\n\n\n\n<ul class=\"wp-block-list\"><li>Karen Raquel Oropeza Delgadillo<\/li><li>Anthony Romo<\/li><li>Rodrigo Maldonado Velasco<\/li><li>Carmen Gembe<\/li><li>Adilene Laina<\/li><li>J. Jesus Garcia Ortega<\/li><li>Ma. Leticia Granados Cruces<\/li><li>Jimena Ramirez<\/li><\/ul>\n<\/div><\/div>\n<div class='cb-post-url-qr-code'><br><img src='https:\/\/api.qrserver.com\/v1\/create-qr-code\/?size=185x185&ecc=L&qzone=1&data=https%3A%2F%2Fcehupnl.com%2Fen%2Fgaleria-de-fotos%2Fgeneraciones-de-coaching-con-pnl%2F' alt='Generaciones de Coaching con PNL'\/><\/div><div style=\"margin: 20px 0;\"><div class=\"qrcswholewtapper\" style=\"text-align:left;\"><div class=\"qrcprowrapper\"  id=\"qrcwraa2leds\"><div class=\"qrc_canvass\" id=\"qrc_cuttenpages_2\" style=\"display:inline-block\" data-text=\"https:\/\/cehupnl.com\/en\/galeria-de-fotos\/generaciones-de-coaching-con-pnl\/\"><\/div><div><a download=\"Generaciones de Coaching con PNL.png\" class=\"qrcdownloads\" id=\"worign\">\r\n           <button type=\"button\" style=\"min-width:200px;background:#44d813;color:#000;font-weight: 600;border: 1px solid #44d813;border-radius:20px;font-size:12px;padding: 6px 0;\" class=\"uqr_code_btn\">Download QR<\/button>\r\n           <\/a><\/div><\/div><\/div><\/div>","protected":false},"excerpt":{"rendered":"<p>FIRST GENERATION V\u00edctor Manuel Mor\u00edn Salgado Jos\u00e9 \u00c1ngel Ram\u00edrez Guerra \u00d3scar Espinosa Bautista Rodolfo P\u00e9rez P\u00e9rez Rafael Lara Hern\u00e1ndez Ma. Guadalupe\u2026<\/p>","protected":false},"author":1,"featured_media":0,"parent":18,"menu_order":0,"comment_status":"closed","ping_status":"closed","template":"","meta":{"_eb_attr":"","_joinchat":[],"footnotes":""},"class_list":["post-24","page","type-page","status-publish","hentry"],"blocksy_meta":{"styles_descriptor":{"styles":{"desktop":"","tablet":"","mobile":""},"google_fonts":[],"version":5}},"_links":{"self":[{"href":"https:\/\/cehupnl.com\/en\/wp-json\/wp\/v2\/pages\/24","targetHints":{"allow":["GET"]}}],"collection":[{"href":"https:\/\/cehupnl.com\/en\/wp-json\/wp\/v2\/pages"}],"about":[{"href":"https:\/\/cehupnl.com\/en\/wp-json\/wp\/v2\/types\/page"}],"author":[{"embeddable":true,"href":"https:\/\/cehupnl.com\/en\/wp-json\/wp\/v2\/users\/1"}],"replies":[{"embeddable":true,"href":"https:\/\/cehupnl.com\/en\/wp-json\/wp\/v2\/comments?post=24"}],"version-history":[{"count":3,"href":"https:\/\/cehupnl.com\/en\/wp-json\/wp\/v2\/pages\/24\/revisions"}],"predecessor-version":[{"id":180,"href":"https:\/\/cehupnl.com\/en\/wp-json\/wp\/v2\/pages\/24\/revisions\/180"}],"up":[{"embeddable":true,"href":"https:\/\/cehupnl.com\/en\/wp-json\/wp\/v2\/pages\/18"}],"wp:attachment":[{"href":"https:\/\/cehupnl.com\/en\/wp-json\/wp\/v2\/media?parent=24"}],"curies":[{"name":"wp","href":"https:\/\/api.w.org\/{rel}","templated":true}]}}