{"id":546,"date":"2022-07-13T18:38:21","date_gmt":"2022-07-13T23:38:21","guid":{"rendered":"http:\/\/cehupnl.com\/?page_id=546"},"modified":"2022-07-13T18:38:21","modified_gmt":"2022-07-13T23:38:21","slug":"generaciones-de-master-en-pnl","status":"publish","type":"page","link":"https:\/\/cehupnl.com\/en\/generaciones-de-master-en-pnl\/","title":{"rendered":"Generations of Master in NLP"},"content":{"rendered":"<div class=\"wp-block-media-text alignwide is-stacked-on-mobile has-palette-color-8-background-color has-background\"><figure class=\"wp-block-media-text__media\"><img fetchpriority=\"high\" decoding=\"async\" width=\"1024\" height=\"1024\" src=\"http:\/\/cehupnl.com\/wp-content\/uploads\/woocommerce-placeholder-1024x1024.png\" alt=\"\" class=\"wp-image-35 size-full\" srcset=\"https:\/\/cehupnl.com\/wp-content\/uploads\/woocommerce-placeholder-1024x1024.png 1024w, https:\/\/cehupnl.com\/wp-content\/uploads\/woocommerce-placeholder-100x100.png 100w, https:\/\/cehupnl.com\/wp-content\/uploads\/woocommerce-placeholder-600x600.png 600w, https:\/\/cehupnl.com\/wp-content\/uploads\/woocommerce-placeholder-300x300.png 300w, https:\/\/cehupnl.com\/wp-content\/uploads\/woocommerce-placeholder-150x150.png 150w, https:\/\/cehupnl.com\/wp-content\/uploads\/woocommerce-placeholder-768x768.png 768w, https:\/\/cehupnl.com\/wp-content\/uploads\/woocommerce-placeholder.png 1200w\" sizes=\"(max-width: 1024px) 100vw, 1024px\" \/><\/figure><div class=\"wp-block-media-text__content\">\n<h2 class=\"has-large-font-size wp-block-heading\">FIRST GENERATION<\/h2>\n\n\n\n<ul class=\"wp-block-list\"><li>George Armando Rodriguez<\/li><li>Griselda Bravo Ramirez<\/li><li>Jose Carlos Guerra Ibarra<\/li><li>Maria Guadalupe Ojeda<\/li><li>Juan Jose Sanchez Beltran<\/li><li>Carmen Ruiz<\/li><li>Ma. Dolores Hernandez<\/li><li>Miguel Angel Sanchez Arroyo<\/li><li>Penelope Mexican Market<\/li><li>Jose Gerardo Rodriguez<\/li><li>Oscar Bautista Espinosa<\/li><li>Ma. Elena Solis Gonz\u00e1lez<\/li><li>Jose Manuel Morin Mendoza<\/li><li>Noah Arellano Hernandez<\/li><\/ul>\n<\/div><\/div>\n\n\n\n<div class=\"wp-block-media-text alignwide is-stacked-on-mobile has-palette-color-8-background-color has-background\"><figure class=\"wp-block-media-text__media\"><img fetchpriority=\"high\" decoding=\"async\" width=\"1024\" height=\"1024\" src=\"http:\/\/cehupnl.com\/wp-content\/uploads\/woocommerce-placeholder-1024x1024.png\" alt=\"\" class=\"wp-image-35 size-full\" srcset=\"https:\/\/cehupnl.com\/wp-content\/uploads\/woocommerce-placeholder-1024x1024.png 1024w, https:\/\/cehupnl.com\/wp-content\/uploads\/woocommerce-placeholder-100x100.png 100w, https:\/\/cehupnl.com\/wp-content\/uploads\/woocommerce-placeholder-600x600.png 600w, https:\/\/cehupnl.com\/wp-content\/uploads\/woocommerce-placeholder-300x300.png 300w, https:\/\/cehupnl.com\/wp-content\/uploads\/woocommerce-placeholder-150x150.png 150w, https:\/\/cehupnl.com\/wp-content\/uploads\/woocommerce-placeholder-768x768.png 768w, https:\/\/cehupnl.com\/wp-content\/uploads\/woocommerce-placeholder.png 1200w\" sizes=\"(max-width: 1024px) 100vw, 1024px\" \/><\/figure><div class=\"wp-block-media-text__content\">\n<h2 class=\"has-large-font-size wp-block-heading\">SECOND GENERATION<\/h2>\n\n\n\n<ul class=\"wp-block-list\"><li>Estela Jimenez Juarez<\/li><li>Veronica Vazquez Navarro<\/li><\/ul>\n<\/div><\/div>\n\n\n\n<div class=\"wp-block-media-text alignwide is-stacked-on-mobile has-palette-color-8-background-color has-background\"><figure class=\"wp-block-media-text__media\"><img fetchpriority=\"high\" decoding=\"async\" width=\"1024\" height=\"1024\" src=\"http:\/\/cehupnl.com\/wp-content\/uploads\/woocommerce-placeholder-1024x1024.png\" alt=\"\" class=\"wp-image-35 size-full\" srcset=\"https:\/\/cehupnl.com\/wp-content\/uploads\/woocommerce-placeholder-1024x1024.png 1024w, https:\/\/cehupnl.com\/wp-content\/uploads\/woocommerce-placeholder-100x100.png 100w, https:\/\/cehupnl.com\/wp-content\/uploads\/woocommerce-placeholder-600x600.png 600w, https:\/\/cehupnl.com\/wp-content\/uploads\/woocommerce-placeholder-300x300.png 300w, https:\/\/cehupnl.com\/wp-content\/uploads\/woocommerce-placeholder-150x150.png 150w, https:\/\/cehupnl.com\/wp-content\/uploads\/woocommerce-placeholder-768x768.png 768w, https:\/\/cehupnl.com\/wp-content\/uploads\/woocommerce-placeholder.png 1200w\" sizes=\"(max-width: 1024px) 100vw, 1024px\" \/><\/figure><div class=\"wp-block-media-text__content\">\n<h2 class=\"has-large-font-size wp-block-heading\">THIRD GENERATION<\/h2>\n\n\n\n<ul class=\"wp-block-list\"><li>Gerardo Vega Martinez<\/li><li>Lourdes Evelia Carrillo Gonzalez<\/li><li>Salvador Ledesma Fuentes<\/li><li>Martha Elena Torres<\/li><li>Oswaldo Garcia Cabral<\/li><li>Maria Guadalupe Torres<\/li><li>Jose Cruz Morales Olvera<\/li><li>Mariana Ledesma Rubio<\/li><li>Jose Pedro Morin Morales<\/li><li>Ma. Concepcion Vega Marquez<\/li><li>Jorge Luis Calderon Reyes<\/li><\/ul>\n<\/div><\/div>\n\n\n\n<div class=\"wp-block-media-text alignwide is-stacked-on-mobile has-palette-color-8-background-color has-background\"><figure class=\"wp-block-media-text__media\"><img fetchpriority=\"high\" decoding=\"async\" width=\"1024\" height=\"1024\" src=\"http:\/\/cehupnl.com\/wp-content\/uploads\/woocommerce-placeholder-1024x1024.png\" alt=\"\" class=\"wp-image-35 size-full\" srcset=\"https:\/\/cehupnl.com\/wp-content\/uploads\/woocommerce-placeholder-1024x1024.png 1024w, https:\/\/cehupnl.com\/wp-content\/uploads\/woocommerce-placeholder-100x100.png 100w, https:\/\/cehupnl.com\/wp-content\/uploads\/woocommerce-placeholder-600x600.png 600w, https:\/\/cehupnl.com\/wp-content\/uploads\/woocommerce-placeholder-300x300.png 300w, https:\/\/cehupnl.com\/wp-content\/uploads\/woocommerce-placeholder-150x150.png 150w, https:\/\/cehupnl.com\/wp-content\/uploads\/woocommerce-placeholder-768x768.png 768w, https:\/\/cehupnl.com\/wp-content\/uploads\/woocommerce-placeholder.png 1200w\" sizes=\"(max-width: 1024px) 100vw, 1024px\" \/><\/figure><div class=\"wp-block-media-text__content\">\n<h2 class=\"has-large-font-size wp-block-heading\">FOURTH GENERATION<\/h2>\n\n\n\n<ul class=\"wp-block-list\"><li>J. Jesus Martin Garcia<\/li><li>Adilene Lilian Laina Diaz<\/li><li>Jose Luis Vazquez Cazares<\/li><li>Miriam Garcia<\/li><li>Emir Acosta<\/li><li>Rodrigo Maldonado Velasco<\/li><li>Aracely Vazquez Cazares<\/li><li>Anabel Yvonne Lopez<\/li><li>Samuel Eduardo Manzanarez<\/li><li>Jimena C. Ramirez<\/li><li>Ashley Cruz<\/li><li>R. Vianey Jacobel Moreno Gil<\/li><li>Lorraine Vega Cazares<\/li><\/ul>\n<\/div><\/div>\n\n\n\n<div class=\"wp-block-media-text alignwide is-stacked-on-mobile has-palette-color-8-background-color has-background\"><figure class=\"wp-block-media-text__media\"><img fetchpriority=\"high\" decoding=\"async\" width=\"1024\" height=\"1024\" src=\"http:\/\/cehupnl.com\/wp-content\/uploads\/woocommerce-placeholder-1024x1024.png\" alt=\"\" class=\"wp-image-35 size-full\" srcset=\"https:\/\/cehupnl.com\/wp-content\/uploads\/woocommerce-placeholder-1024x1024.png 1024w, https:\/\/cehupnl.com\/wp-content\/uploads\/woocommerce-placeholder-100x100.png 100w, https:\/\/cehupnl.com\/wp-content\/uploads\/woocommerce-placeholder-600x600.png 600w, https:\/\/cehupnl.com\/wp-content\/uploads\/woocommerce-placeholder-300x300.png 300w, https:\/\/cehupnl.com\/wp-content\/uploads\/woocommerce-placeholder-150x150.png 150w, https:\/\/cehupnl.com\/wp-content\/uploads\/woocommerce-placeholder-768x768.png 768w, https:\/\/cehupnl.com\/wp-content\/uploads\/woocommerce-placeholder.png 1200w\" sizes=\"(max-width: 1024px) 100vw, 1024px\" \/><\/figure><div class=\"wp-block-media-text__content\">\n<h2 class=\"has-large-font-size wp-block-heading\">FIFTH GENERATION<\/h2>\n\n\n\n<ul class=\"wp-block-list\"><li>Carmen Gembe<\/li><li>Bertha Moreno Alvarez<\/li><li>Karen Raquel Oropeza Delgadillo<\/li><li>Ma. Leticia Granado Cruces<\/li><li>Cesar Aguilar Camacho<\/li><li>Oscar Saucillo<\/li><li>Lorraine Arreguin<\/li><li>Carmen Padilla<\/li><\/ul>\n<\/div><\/div>\n\n\n\n<div class=\"wp-block-media-text alignwide is-stacked-on-mobile has-palette-color-8-background-color has-background\"><figure class=\"wp-block-media-text__media\"><img fetchpriority=\"high\" decoding=\"async\" width=\"1024\" height=\"1024\" src=\"http:\/\/cehupnl.com\/wp-content\/uploads\/woocommerce-placeholder-1024x1024.png\" alt=\"\" class=\"wp-image-35 size-full\" srcset=\"https:\/\/cehupnl.com\/wp-content\/uploads\/woocommerce-placeholder-1024x1024.png 1024w, https:\/\/cehupnl.com\/wp-content\/uploads\/woocommerce-placeholder-100x100.png 100w, https:\/\/cehupnl.com\/wp-content\/uploads\/woocommerce-placeholder-600x600.png 600w, https:\/\/cehupnl.com\/wp-content\/uploads\/woocommerce-placeholder-300x300.png 300w, https:\/\/cehupnl.com\/wp-content\/uploads\/woocommerce-placeholder-150x150.png 150w, https:\/\/cehupnl.com\/wp-content\/uploads\/woocommerce-placeholder-768x768.png 768w, https:\/\/cehupnl.com\/wp-content\/uploads\/woocommerce-placeholder.png 1200w\" sizes=\"(max-width: 1024px) 100vw, 1024px\" \/><\/figure><div class=\"wp-block-media-text__content\">\n<h2 class=\"has-large-font-size wp-block-heading\">SIXTH GENERATION<\/h2>\n\n\n\n<ul class=\"wp-block-list\"><li>Adriana Solorzano-Villanueva<\/li><li>Xochitl Martinez<\/li><li>Oscar Eduardo Saucillo Zuniga<\/li><li>Robert Garcia<\/li><\/ul>\n<\/div><\/div>\n<div class='cb-post-url-qr-code'><br><img src='https:\/\/api.qrserver.com\/v1\/create-qr-code\/?size=185x185&ecc=L&qzone=1&data=https%3A%2F%2Fcehupnl.com%2Fen%2Fgeneraciones-de-master-en-pnl%2F' alt='Generaciones de M\u00e1ster en PNL'\/><\/div><div style=\"margin: 20px 0;\"><div class=\"qrcswholewtapper\" style=\"text-align:left;\"><div class=\"qrcprowrapper\"  id=\"qrcwraa2leds\"><div class=\"qrc_canvass\" id=\"qrc_cuttenpages_2\" style=\"display:inline-block\" data-text=\"https:\/\/cehupnl.com\/en\/generaciones-de-master-en-pnl\/\"><\/div><div><a download=\"Generaciones de M\u00e1ster en PNL.png\" class=\"qrcdownloads\" id=\"worign\">\r\n           <button type=\"button\" style=\"min-width:200px;background:#44d813;color:#000;font-weight: 600;border: 1px solid #44d813;border-radius:20px;font-size:12px;padding: 6px 0;\" class=\"uqr_code_btn\">Download QR<\/button>\r\n           <\/a><\/div><\/div><\/div><\/div>","protected":false},"excerpt":{"rendered":"<p>FIRST GENERATION Jorge Armando Rodr\u00edguez Griselda Bravo Ram\u00edrez Jos\u00e9 Carlos Guerra Ibarra Ma. Guadalupe Ojeda Juan Jos\u00e9 S\u00e1nchez Beltr\u00e1n Ma.\u2026<\/p>","protected":false},"author":1,"featured_media":0,"parent":0,"menu_order":0,"comment_status":"closed","ping_status":"closed","template":"","meta":{"_eb_attr":"","_joinchat":[],"footnotes":""},"class_list":["post-546","page","type-page","status-publish","hentry"],"blocksy_meta":{"styles_descriptor":{"styles":{"desktop":"","tablet":"","mobile":""},"google_fonts":[],"version":5}},"_links":{"self":[{"href":"https:\/\/cehupnl.com\/en\/wp-json\/wp\/v2\/pages\/546","targetHints":{"allow":["GET"]}}],"collection":[{"href":"https:\/\/cehupnl.com\/en\/wp-json\/wp\/v2\/pages"}],"about":[{"href":"https:\/\/cehupnl.com\/en\/wp-json\/wp\/v2\/types\/page"}],"author":[{"embeddable":true,"href":"https:\/\/cehupnl.com\/en\/wp-json\/wp\/v2\/users\/1"}],"replies":[{"embeddable":true,"href":"https:\/\/cehupnl.com\/en\/wp-json\/wp\/v2\/comments?post=546"}],"version-history":[{"count":1,"href":"https:\/\/cehupnl.com\/en\/wp-json\/wp\/v2\/pages\/546\/revisions"}],"predecessor-version":[{"id":547,"href":"https:\/\/cehupnl.com\/en\/wp-json\/wp\/v2\/pages\/546\/revisions\/547"}],"wp:attachment":[{"href":"https:\/\/cehupnl.com\/en\/wp-json\/wp\/v2\/media?parent=546"}],"curies":[{"name":"wp","href":"https:\/\/api.w.org\/{rel}","templated":true}]}}