{"id":859,"date":"2022-08-24T12:23:40","date_gmt":"2022-08-24T17:23:40","guid":{"rendered":"http:\/\/cehupnl.com\/?page_id=859"},"modified":"2025-09-22T11:05:11","modified_gmt":"2025-09-22T17:05:11","slug":"certificacion-de-coaching","status":"publish","type":"page","link":"https:\/\/cehupnl.com\/en\/certificacion-de-coaching\/","title":{"rendered":"Coaching Certification"},"content":{"rendered":"<div class=\"wp-block-image\">\n<figure class=\"aligncenter size-large is-resized\"><img fetchpriority=\"high\" decoding=\"async\" width=\"621\" height=\"950\" src=\"https:\/\/cehupnl.com\/wp-content\/uploads\/2025\/08\/Coach-Oct25-621x950.jpg\" alt=\"\" class=\"wp-image-1569\" style=\"width:435px;height:auto\" srcset=\"https:\/\/cehupnl.com\/wp-content\/uploads\/2025\/08\/Coach-Oct25-621x950.jpg 621w, https:\/\/cehupnl.com\/wp-content\/uploads\/2025\/08\/Coach-Oct25-196x300.jpg 196w, https:\/\/cehupnl.com\/wp-content\/uploads\/2025\/08\/Coach-Oct25-768x1175.jpg 768w, https:\/\/cehupnl.com\/wp-content\/uploads\/2025\/08\/Coach-Oct25-1004x1536.jpg 1004w, https:\/\/cehupnl.com\/wp-content\/uploads\/2025\/08\/Coach-Oct25-1339x2048.jpg 1339w, https:\/\/cehupnl.com\/wp-content\/uploads\/2025\/08\/Coach-Oct25-600x918.jpg 600w, https:\/\/cehupnl.com\/wp-content\/uploads\/2025\/08\/Coach-Oct25.jpg 1666w\" sizes=\"(max-width: 621px) 100vw, 621px\" \/><\/figure>\n<\/div>\n\n\n<ul style=\"color:#010101\" class=\"wp-block-list has-text-color has-link-color wp-elements-bea3e099d413cf3c3910b271c49784d8\">\n<li class=\"has-medium-font-size\"><strong>Do you want a proven system to coach your clients, collaborators, children, students, etc.?<\/strong><\/li>\n\n\n\n<li class=\"has-medium-font-size\"><strong>Find out why you can&#039;t motivate the important people you&#039;ve wanted to help even though you&#039;ve studied and applied different motivation methods.<\/strong><\/li>\n\n\n\n<li class=\"has-medium-font-size\"><strong>Por fin disponible el proceso en 8 m\u00f3dulos que te ayudaran a hacer Sesiones de Coaching de manera pr\u00e1ctica y contundente, que siempre has deseado, ahorrando mucho tiempo y dinero.<\/strong><\/li>\n<\/ul>\n\n\n\n<p class=\"has-text-color has-link-color has-medium-font-size wp-elements-e4aad5e1de6793555274fcd8d2c4e61f\" style=\"color:#000000\"><strong>S\u00e9 que est\u00e1s leyendo esto porque es muy posible que no consigas impulsar a tus clientes, colaboradores, hijos, alumnos, etc,&nbsp; a mejorar su desempe\u00f1o o productividad y tambi\u00e9n s\u00e9 que sue\u00f1as con encontrar la manera de que tu empresa o negocio progresen para tener mejores ingresos.<\/strong><\/p>\n\n\n\n<p class=\"has-text-color has-link-color has-medium-font-size wp-elements-20f07a3cd847080276c79963f7fe1859\" style=\"color:#000000\"><strong>Sigue leyendo para mostrarte como t\u00fa tambi\u00e9n puedes lograr consolidarte como un Coach Profesional &nbsp;en tan solo 8 meses de entrenamiento.<\/strong><\/p>\n\n\n\n<p class=\"has-text-color has-link-color has-medium-font-size wp-elements-2c0607054b875b2609d7d15390904d99\" style=\"color:#000000\"><strong>Tal vez te has dado cuenta que, el principal problema de los empresarios, comerciantes, maestros, l\u00edderes, etc., es la comunicaci\u00f3n con sus colaboradores, seguidores o subalternos. El no saber c\u00f3mo comunicar y conectar con ellos, genera muchas p\u00e9rdidas econ\u00f3micas e insatisfacci\u00f3n porque no hay una metodolog\u00eda que los mueva hacia adelante para ser m\u00e1s productivos y felices.<\/strong><\/p>\n\n\n\n<p class=\"has-text-color has-link-color has-medium-font-size wp-elements-1b3e19e74f529ec916b6c868d40d7059\" style=\"color:#000000\"><strong>Si es tu caso, debo decirte con mucha pena que, si sigues haciendo lo mismo y comunic\u00e1ndote de la misma manera tendr\u00e1s los mismos resultados que hasta ahora has tenido, en el mejor de los casos.<\/strong><\/p>\n\n\n\n<p class=\"has-text-color has-link-color has-medium-font-size wp-elements-cba72d42cd8615ef9fbdb402d8f95424\" style=\"color:#000000\"><strong><em>Si de verdad quieres aprender Coaching en solo 8 meses,<\/em>&nbsp; aqu\u00ed tienes la oportunidad con este sistema paso a paso con demostraciones presenciales y practicas supervisadas que ya han demostrado funcionar a trav\u00e9s de m\u00e1s de <em>20 generaciones.<\/em><\/strong><\/p>\n\n\n\n<p class=\"has-text-color has-link-color has-medium-font-size wp-elements-ba8a16b182903e24c8987ec641f4c4fc\" style=\"color:#000000\"><strong>Puedes entrar a mi canal de <a href=\"https:\/\/www.youtube.com\/playlist?list=PL43Yj-yaqzghuqTf76kTFzqOC1Z4HsGFI\">youtube <\/a>para ver gran cantidad de testimonios que le dan solidez y confianza a esta certificaci\u00f3n.<\/strong><\/p>\n\n\n\n<figure class=\"wp-block-embed is-type-video is-provider-youtube wp-block-embed-youtube wp-embed-aspect-4-3 wp-has-aspect-ratio\"><div class=\"wp-block-embed__wrapper\">\n<iframe title=\"Testimony Coaching Certification with NLP\" width=\"1290\" height=\"968\" src=\"https:\/\/www.youtube.com\/embed\/En7EX8aF-zU?feature=oembed\" frameborder=\"0\" allow=\"accelerometer; autoplay; clipboard-write; encrypted-media; gyroscope; picture-in-picture; web-share\" referrerpolicy=\"strict-origin-when-cross-origin\" allowfullscreen><\/iframe>\n<\/div><\/figure>\n\n\n\n<p class=\"has-text-color has-link-color has-medium-font-size wp-elements-74bc8e6a0580fb4cedb484e80b7865b1\" style=\"color:#000000\"><strong>Ah\u00ed encontrar\u00e1s tambi\u00e9n parte de mi historia como <em>entrenador de Coaches Profesionales desde hace 20 a\u00f1os y 34 como Trainer Trainer\u00b4s PNL<\/em>.<\/strong><\/p>\n\n\n\n<p class=\"has-text-color has-link-color has-medium-font-size wp-elements-f47376c34ffa215c708b9c71d034722f\" style=\"color:#000000\"><strong>D\u00e9jame contarte brevemente: en mi adolescencia so\u00f1aba con estudiar&nbsp; alguna carrera que me permitiera ayudar a las personas y sobre todo a los ni\u00f1os. Estudi\u00e9 para maestro y le dedique 16 a\u00f1os a la escuela. Me retir\u00e9 para seguir en la industria del Desarrollo del Potencial Humano desde hace 33 a\u00f1os.<\/strong><\/p>\n\n\n\n<p class=\"has-text-color has-link-color has-medium-font-size wp-elements-ef42b249484d7123c60fba6a5610b12e\" style=\"color:#000000\"><strong>Me especialic\u00e9 en Programaci\u00f3n Neuroling\u00fc\u00edstica, Desarrollo de la Consciencia, Inteligencia Emocional, Inteligencia Financiera y Coaching.<\/strong><\/p>\n\n\n\n<p class=\"has-text-color has-link-color has-medium-font-size wp-elements-b58e626ac46b4a301dc9eafbb0ae2f51\" style=\"color:#000000\"><strong>Ahora estoy aqu\u00ed ofreci\u00e9ndote la oportunidad de ahorrarte mucho tiempo dinero y esfuerzo &nbsp;con este modelo probado, por m\u00e1s de 31 generaciones, que funciona perfecto. En&nbsp; solo 8 meses de entrenamiento te conviertes en un Coach Profesional.<\/strong><\/p>\n\n\n\n<p class=\"has-text-color has-link-color has-medium-font-size wp-elements-faf6a514791632c72e1185369005640f\" style=\"color:#000000\"><strong>What will you find in this certification?<\/strong><\/p>\n\n\n\n<ul style=\"color:#060606\" class=\"wp-block-list has-text-color has-link-color wp-elements-c240f58e67388eca804dfde85edf093a\">\n<li class=\"has-medium-font-size\"><strong>A fast and forceful way of communication and personal growth.<\/strong><\/li>\n<\/ul>\n\n\n\n<ul style=\"color:#000000\" class=\"wp-block-list has-text-color has-link-color wp-elements-7890331fcbff97906b4b1f4f8ab6b8a9\">\n<li class=\"has-medium-font-size\"><strong>Una manera organizada de impulsar el desarrollo del talento de tus clientes, alumnos, colaboradores, etc., para que sean m\u00e1s productivos y felices.<\/strong><\/li>\n<\/ul>\n\n\n\n<ul style=\"color:#050505\" class=\"wp-block-list has-text-color has-link-color wp-elements-35e82ad182eac1a6ed3e166a0723ad3d\">\n<li class=\"has-medium-font-size\"><strong>A step-by-step methodology that will help you form more effective and visionary work teams, bringing greater productivity and wealth to your company or business.<\/strong><\/li>\n<\/ul>\n\n\n\n<ul style=\"color:#000000\" class=\"wp-block-list has-text-color has-link-color wp-elements-2881130fa9d3a02694b280d84639a806\">\n<li class=\"has-medium-font-size\"><strong>How to save a lot of effort, time, money and avoid bankruptcy risks.<\/strong><\/li>\n<\/ul>\n\n\n\n<ul style=\"color:#010101\" class=\"wp-block-list has-text-color has-link-color wp-elements-91fac56348529210a4dfacf4cf4ef973\">\n<li class=\"has-medium-font-size\"><strong>Encontrar\u00e1s todo lo que he aprendido como empresario y Coach Profesional durante 33 a\u00f1os de trayectoria dedicados en cuerpo y alma y toda pasi\u00f3n, al Desarrollo del Talento Humano, invirtiendo miles y miles de d\u00f3lares en cursos, seminarios, talleres, certificaciones, libros, audios, videos y entrenamientos avanzados de alto costo.<\/strong><\/li>\n<\/ul>\n\n\n\n<p class=\"has-text-color has-link-color has-large-font-size wp-elements-38fc3c4e35c964b1f63add0c5d6eb0e5\" style=\"color:#000000\"><strong>TRAINING BENEFITS:<\/strong><\/p>\n\n\n\n<ul style=\"color:#000000\" class=\"wp-block-list has-text-color has-link-color wp-elements-13315b47af6984e0b851d86b29530229\">\n<li class=\"has-medium-font-size\" style=\"font-style:normal;font-weight:700\">You will know the process to carry out a successful Coaching session.<\/li>\n\n\n\n<li class=\"has-medium-font-size\" style=\"font-style:normal;font-weight:700\">You will learn to build an ecological relationship with your customers.<\/li>\n\n\n\n<li class=\"has-medium-font-size\" style=\"font-style:normal;font-weight:700\">You will learn to carry out a Coaching session with the entire structure and thus create productive Coaching relationships with your client.<\/li>\n\n\n\n<li class=\"has-medium-font-size\" style=\"font-style:normal;font-weight:700\">You will develop the ability to ask the right question at the right time to support your client moving forward.<\/li>\n\n\n\n<li class=\"has-medium-font-size\" style=\"font-style:normal;font-weight:700\">You will learn how to use Sponsorship to motivate your client to achieve their goals.<\/li>\n\n\n\n<li class=\"has-medium-font-size\" style=\"font-style:normal;font-weight:700\">You will learn how to make Coaching a very prosperous and profitable business.<\/li>\n\n\n\n<li class=\"has-medium-font-size\" style=\"font-style:normal;font-weight:700\">You will obtain your certificate endorsed by the SEP (optional).<\/li>\n<\/ul>\n\n\n\n<p class=\"has-text-align-center has-text-color has-link-color has-medium-font-size wp-elements-41cba3378090cfa5a063544c408591c2\" style=\"color:#870009\"><strong><em>&quot;We live trying to find answers to our lives, without asking ourselves the right questions&quot;<\/em><\/strong><\/p>\n\n\n\n<div class=\"wp-block-buttons is-content-justification-center is-layout-flex wp-container-core-buttons-is-layout-16018d1d wp-block-buttons-is-layout-flex\">\n<div class=\"wp-block-button has-custom-width wp-block-button__width-25\"><a class=\"wp-block-button__link wp-element-button\" href=\"https:\/\/api.whatsapp.com\/send?phone=+524151539079&amp;text=Quiero%20informaci%C3%B3n%20de%20Coaching%20para%20Desarrollar%20el%20Talento%20Humano\">       Information<\/a><\/div>\n<\/div>\n\n\n\n<p class=\"has-text-color has-link-color has-medium-font-size wp-elements-069b00fb1c720e18452d3abf3b92fee7\" style=\"color:#000000\"><strong>Tambi\u00e9n s\u00e9 que la mayor\u00eda de las personas no tienen la cultura de la capacitaci\u00f3n y el Desarrollo Personal. Prefieren invertir en tecnolog\u00edas, veh\u00edculos, equipos, maquinaria, mobiliario, uniformes, etc., que en su propio &nbsp;crecimiento de su propio talento, sin darse cuenta, que se quitan la oportunidad de crecer m\u00e1s r\u00e1pidamente.<\/strong><\/p>\n\n\n\n<p class=\"has-text-color has-link-color has-medium-font-size wp-elements-6c69f441c3f0b3903c0785f9b7ce6461\" style=\"color:#000000\"><strong>Si te atreves a inscribirte ahora mismo te regalo mi E-Book <em>\u201cEstrategias para cambiar la vida\u201d<\/em> que puedes bajar totalmente gratis con un solo clic al momento de inscribirte.<\/strong><\/p>\n\n\n\n<p class=\"has-text-color has-link-color has-medium-font-size wp-elements-ba58728210c06e2fffaa6632cc1c5285\" style=\"color:#080808\"><strong>Entonces, dec\u00eddete e inscr\u00edbete con $1,950.00 y recibir\u00e1s el descuento por pronto pago del 15% de descuento y en lugar de pagar $2,950.00 por modulo, solo pagar\u00edas $2,508.00 inscribi\u00e9ndote a m\u00e1s tardar el 15 de Febrero.<\/strong><\/p>\n\n\n\n<div class=\"wp-block-countdown-block-countdown\"><div class=\"eb-parent-wrapper eb-parent-eb-countdown-l35k1sz\"><div class=\"eb-countdown-l35k1sz eb-cd-wrapper default\"><div class=\"eb-cd-inner\" blockid=\"eb-countdown-l35k1sz\" data-deadline-time=\"1759384740000\" data-is-evergreen-time=\"false\" data-evergreen-time-hours=\"11\" data-evergreen-time-minutes=\"59\" data-evergreen-recurring=\"false\" data-evergreen-restart-time=\"0\" data-evergreen-deadline-time=\"1701904280057\"><div class=\"box cd-box-day\"><span class=\"eb-cd-digit\">00<\/span><span class=\"eb-cd-label\">D\u00edas<\/span><\/div><div class=\"box cd-box-hour\"><span class=\"eb-cd-digit\">00<\/span><span class=\"eb-cd-label\">Horas<\/span><\/div><div class=\"box cd-box-minute\"><span class=\"eb-cd-digit\">00<\/span><span class=\"eb-cd-label\">Minutos<\/span><\/div><div class=\"box cd-box-second\"><span class=\"eb-cd-digit\">00<\/span><span class=\"eb-cd-label\">Segundos<\/span><\/div><\/div><\/div><\/div><\/div>\n\n\n\n<p class=\"has-text-align-center has-text-color has-link-color has-large-font-size wp-elements-add4996be9e00ba7ac1cc2e3fe226a6c\" style=\"color:#060606\"><strong>Puedes inscribirte con solo $1,950.00 pesos que es el pago de la inscripci\u00f3n.<\/strong><\/p>\n\n\n\n<p class=\"has-text-color has-link-color has-medium-font-size wp-elements-e87a04f000bb85a302a951d9727b3b9b\" style=\"color:#000000\"><strong>All of the above said. Here is a solution for you to have excellent communication with your clients, collaborators, students, children, followers and with all those people you want to empower to be more productive, successful and happy.<\/strong><\/p>\n\n\n<div class=\"wp-block-image\">\n<figure class=\"aligncenter size-large is-resized\"><img decoding=\"async\" width=\"950\" height=\"715\" src=\"https:\/\/cehupnl.com\/wp-content\/uploads\/2025\/08\/Coach-24-950x715.jpg\" alt=\"\" class=\"wp-image-1570\" style=\"width:734px;height:auto\" srcset=\"https:\/\/cehupnl.com\/wp-content\/uploads\/2025\/08\/Coach-24-950x715.jpg 950w, https:\/\/cehupnl.com\/wp-content\/uploads\/2025\/08\/Coach-24-300x226.jpg 300w, https:\/\/cehupnl.com\/wp-content\/uploads\/2025\/08\/Coach-24-768x578.jpg 768w, https:\/\/cehupnl.com\/wp-content\/uploads\/2025\/08\/Coach-24-600x451.jpg 600w, https:\/\/cehupnl.com\/wp-content\/uploads\/2025\/08\/Coach-24.jpg 1533w\" sizes=\"(max-width: 950px) 100vw, 950px\" \/><\/figure>\n<\/div>\n\n\n<p class=\"has-text-align-center has-text-color has-link-color has-large-font-size wp-elements-915cd4ba4d9575bbe9455fc15e6b4045\" style=\"color:#010101\"><strong><em>Adem\u00e1s de tener una profesi\u00f3n alterna que te da un gran prestigio y excelentes ingresos.<\/em><\/strong><\/p>\n\n\n<div class=\"wp-block-image is-style-rounded\">\n<figure class=\"aligncenter size-full is-resized\"><img decoding=\"async\" width=\"1936\" height=\"1296\" src=\"http:\/\/cehupnl.com\/wp-content\/uploads\/2022\/07\/coach05.jpg\" alt=\"\" class=\"wp-image-535\" style=\"aspect-ratio:1.4944649446494465;width:560px;height:auto\" srcset=\"https:\/\/cehupnl.com\/wp-content\/uploads\/2022\/07\/coach05.jpg 1936w, https:\/\/cehupnl.com\/wp-content\/uploads\/2022\/07\/coach05-300x201.jpg 300w, https:\/\/cehupnl.com\/wp-content\/uploads\/2022\/07\/coach05-1024x685.jpg 1024w, https:\/\/cehupnl.com\/wp-content\/uploads\/2022\/07\/coach05-768x514.jpg 768w, https:\/\/cehupnl.com\/wp-content\/uploads\/2022\/07\/coach05-1536x1028.jpg 1536w, https:\/\/cehupnl.com\/wp-content\/uploads\/2022\/07\/coach05-600x402.jpg 600w\" sizes=\"(max-width: 1936px) 100vw, 1936px\" \/><\/figure>\n<\/div>\n\n\n<p class=\"has-text-align-center has-text-color has-link-color has-medium-font-size wp-elements-3210831f80aea3a20fef6ab6528407f3\" style=\"color:#870009\"><strong><em><mark style=\"background-color:rgba(0, 0, 0, 0)\" class=\"has-inline-color has-palette-color-2-color\">Who says you can&#039;t learn a new<br>profession and multiply your income?<\/mark><\/em><\/strong><\/p>\n\n\n\n<div class=\"wp-block-buttons is-content-justification-center is-layout-flex wp-container-core-buttons-is-layout-16018d1d wp-block-buttons-is-layout-flex\">\n<div class=\"wp-block-button\"><a class=\"wp-block-button__link wp-element-button\" href=\"https:\/\/api.whatsapp.com\/send?phone=+524151539079&amp;text=Quiero%20informaci%C3%B3n%20de%20Coaching%20para%20Desarrollar%20el%20Talento%20Humano\">Sign me up<\/a><\/div>\n<\/div>\n\n\n\n<p><\/p>\n\n\n\n<p class=\"has-text-color has-link-color has-medium-font-size wp-elements-c13a49f09ba2c0e96145f5d1354b26e6\" style=\"color:#000000\"><strong>PD. T\u00fa y yo sabemos c\u00f3mo empresarios que nuestra meta es hacer crecer nuestros negocios con la finalidad de tener mejores ingresos pero, eso solo se da paralelamente cuando crecemos nosotros.<\/strong><\/p>\n\n\n\n<p class=\"has-text-color has-link-color has-medium-font-size wp-elements-475e49fded1ac46184ea132c4904b356\" style=\"color:#000000\"><strong>The time has come to take the next step.<\/strong><\/p>\n\n\n\n<p class=\"has-text-align-center has-text-color has-link-color has-large-font-size wp-elements-34f7905eeddbb2f24cacef98bdd07d42\" style=\"color:#870009\"><strong>Sign up now and start your growth!<\/strong><\/p>\n\n\n\n<div class=\"wp-block-buttons is-content-justification-center is-layout-flex wp-container-core-buttons-is-layout-16018d1d wp-block-buttons-is-layout-flex\">\n<div class=\"wp-block-button\"><a class=\"wp-block-button__link wp-element-button\" href=\"https:\/\/api.whatsapp.com\/send?phone=+524151539079&amp;text=Quiero%20informaci%C3%B3n%20de%20Coaching%20para%20Desarrollar%20el%20Talento%20Humano\">sign up now<\/a><\/div>\n<\/div>\n\n\n<div class=\"wp-block-image\">\n<figure class=\"aligncenter\"><img loading=\"lazy\" decoding=\"async\" width=\"435\" height=\"336\" src=\"http:\/\/cehupnl.com\/wp-content\/uploads\/2022\/07\/coach01.jpg\" alt=\"\" class=\"wp-image-531\" srcset=\"https:\/\/cehupnl.com\/wp-content\/uploads\/2022\/07\/coach01.jpg 435w, https:\/\/cehupnl.com\/wp-content\/uploads\/2022\/07\/coach01-300x232.jpg 300w\" sizes=\"(max-width: 435px) 100vw, 435px\" \/><\/figure>\n<\/div>\n\n\n<p class=\"has-text-color has-link-color has-large-font-size wp-elements-89b4d26390615a8797051df24eed271b\" style=\"color:#000000\"><strong>WHO BENEFITS FROM THE TRAINING:<\/strong><\/p>\n\n\n\n<p class=\"has-text-color has-link-color has-medium-font-size wp-elements-ba04aabb6f167995caaaedf42baca0b8\" style=\"color:#000000\"><strong>Coaching is used in many professions.<\/strong><\/p>\n\n\n\n<p class=\"has-text-color has-link-color has-medium-font-size wp-elements-a3fc5fbc2603136673de5349b6687728\" style=\"color:#000000\"><strong>Gerentes, jefes y supervisores que utilizan el coaching para desarrollar a su personal y construyendo equipos fuertes y una estrategia de ventas m\u00e1s efectiva.<\/strong><\/p>\n\n\n\n<p class=\"has-text-color has-link-color has-medium-font-size wp-elements-53a740b44941874a2ae9157fb2986a77\" style=\"color:#000000\"><strong>Psic\u00f3logos, terapeutas y profesionales de la ayuda lo utilizan para enriquecer sus habilidades y competencias para hacer avanzar m\u00e1s r\u00e1pidamente a sus clientes.<\/strong><\/p>\n\n\n\n<p class=\"has-text-color has-link-color has-medium-font-size wp-elements-8c4138501ecd3f5d42bda886f37aa509\" style=\"color:#000000\"><strong>L\u00edderes lo utilizan para ayudar a profundizar en sus recursos y habilidades a sus seguidores, fortaleciendo su autoestima y desarrollando a la vez equipos de trabajo ganadores.<\/strong><\/p>\n\n\n\n<p class=\"has-text-color has-link-color has-medium-font-size wp-elements-389e1c0edca5ceb631aa95f3484d979c\" style=\"color:#000000\"><strong>Profesores y Padres de Familia utilizan el Coaching para ayudar a sus alumnos a tener mejores resultados.<\/strong><\/p>\n\n\n\n<p class=\"has-text-color has-link-color has-medium-font-size wp-elements-40a16a0fd019fe70aa4a4342cd952907\" style=\"color:#000000\"><strong>If you are working with people to develop and help them in some way, then Coaching is important to you.<br>It could be a valuable tool that would allow you to stretch your helping skills by enriching your processes.<\/strong><\/p>\n\n\n\n<p class=\"has-text-align-center has-text-color has-link-color has-medium-font-size wp-elements-a35779a68a1d1ddfeea24a6f07b20d25\" style=\"color:#000000\"><strong><em>Training methodology: You will learn to<br>through group presentations, demonstrations, supervised exercises in small groups, homework and individual coaching, open discussions and individual work projects. The training will be complete and clear. Everyone will learn fast while having fun.<\/em><\/strong><\/p>\n\n\n\n<div class=\"wp-block-buttons is-content-justification-center is-layout-flex wp-container-core-buttons-is-layout-16018d1d wp-block-buttons-is-layout-flex\">\n<div class=\"wp-block-button has-custom-width wp-block-button__width-25\"><a class=\"wp-block-button__link wp-element-button\" href=\"https:\/\/api.whatsapp.com\/send?phone=+524151539079&amp;text=Quiero%20informaci%C3%B3n%20de%20Coaching%20para%20Desarrollar%20el%20Talento%20Humano\">        Information<\/a><\/div>\n<\/div>\n<div class='cb-post-url-qr-code'><br><img src='https:\/\/api.qrserver.com\/v1\/create-qr-code\/?size=185x185&ecc=L&qzone=1&data=https%3A%2F%2Fcehupnl.com%2Fen%2Fcertificacion-de-coaching%2F' alt='Certificaci\u00f3n de Coaching'\/><\/div><div style=\"margin: 20px 0;\"><div class=\"qrcswholewtapper\" style=\"text-align:left;\"><div class=\"qrcprowrapper\"  id=\"qrcwraa2leds\"><div class=\"qrc_canvass\" id=\"qrc_cuttenpages_2\" style=\"display:inline-block\" data-text=\"https:\/\/cehupnl.com\/en\/certificacion-de-coaching\/\"><\/div><div><a download=\"Certificaci\u00f3n de Coaching.png\" class=\"qrcdownloads\" id=\"worign\">\r\n           <button type=\"button\" style=\"min-width:200px;background:#44d813;color:#000;font-weight: 600;border: 1px solid #44d813;border-radius:20px;font-size:12px;padding: 6px 0;\" class=\"uqr_code_btn\">Download QR<\/button>\r\n           <\/a><\/div><\/div><\/div><\/div>","protected":false},"excerpt":{"rendered":"<p>S\u00e9 que est\u00e1s leyendo esto porque es muy posible que no consigas impulsar a tus clientes, colaboradores, hijos, alumnos, etc,&nbsp;\u2026<\/p>","protected":false},"author":1,"featured_media":0,"parent":0,"menu_order":0,"comment_status":"closed","ping_status":"closed","template":"","meta":{"_eb_attr":"","_joinchat":[],"footnotes":""},"class_list":["post-859","page","type-page","status-publish","hentry"],"blocksy_meta":{"styles_descriptor":{"styles":{"desktop":"","tablet":"","mobile":""},"google_fonts":[],"version":5}},"_links":{"self":[{"href":"https:\/\/cehupnl.com\/en\/wp-json\/wp\/v2\/pages\/859","targetHints":{"allow":["GET"]}}],"collection":[{"href":"https:\/\/cehupnl.com\/en\/wp-json\/wp\/v2\/pages"}],"about":[{"href":"https:\/\/cehupnl.com\/en\/wp-json\/wp\/v2\/types\/page"}],"author":[{"embeddable":true,"href":"https:\/\/cehupnl.com\/en\/wp-json\/wp\/v2\/users\/1"}],"replies":[{"embeddable":true,"href":"https:\/\/cehupnl.com\/en\/wp-json\/wp\/v2\/comments?post=859"}],"version-history":[{"count":30,"href":"https:\/\/cehupnl.com\/en\/wp-json\/wp\/v2\/pages\/859\/revisions"}],"predecessor-version":[{"id":1574,"href":"https:\/\/cehupnl.com\/en\/wp-json\/wp\/v2\/pages\/859\/revisions\/1574"}],"wp:attachment":[{"href":"https:\/\/cehupnl.com\/en\/wp-json\/wp\/v2\/media?parent=859"}],"curies":[{"name":"wp","href":"https:\/\/api.w.org\/{rel}","templated":true}]}}