{"id":997,"date":"2023-03-08T19:42:03","date_gmt":"2023-03-09T01:42:03","guid":{"rendered":"http:\/\/cehupnl.com\/?page_id=997"},"modified":"2023-03-09T10:56:13","modified_gmt":"2023-03-09T16:56:13","slug":"conferencistas-expertos","status":"publish","type":"page","link":"https:\/\/cehupnl.com\/en\/conferencistas-expertos\/","title":{"rendered":"CONFERENCISTAS Y ORADORES PROFESIONALES"},"content":{"rendered":"<div class=\"wp-block-image\">\n<figure class=\"aligncenter size-large is-resized\"><img fetchpriority=\"high\" decoding=\"async\" src=\"http:\/\/cehupnl.com\/wp-content\/uploads\/2023\/03\/Promo-confer23-879x950.png\" alt=\"\" class=\"wp-image-999\" width=\"679\" height=\"733\" srcset=\"https:\/\/cehupnl.com\/wp-content\/uploads\/2023\/03\/Promo-confer23-879x950.png 879w, https:\/\/cehupnl.com\/wp-content\/uploads\/2023\/03\/Promo-confer23-277x300.png 277w, https:\/\/cehupnl.com\/wp-content\/uploads\/2023\/03\/Promo-confer23-768x830.png 768w, https:\/\/cehupnl.com\/wp-content\/uploads\/2023\/03\/Promo-confer23-1421x1536.png 1421w, https:\/\/cehupnl.com\/wp-content\/uploads\/2023\/03\/Promo-confer23-1894x2048.png 1894w, https:\/\/cehupnl.com\/wp-content\/uploads\/2023\/03\/Promo-confer23-11x12.png 11w, https:\/\/cehupnl.com\/wp-content\/uploads\/2023\/03\/Promo-confer23-600x649.png 600w\" sizes=\"(max-width: 679px) 100vw, 679px\" \/><\/figure>\n<\/div>\n\n\n<p class=\"has-black-color has-text-color has-medium-font-size\">Me imagino que est\u00e1s leyendo esto porque tal vez, te pase lo mismo que a m\u00ed en mi infancia. Por mucho <em>tiempo fui un ni\u00f1o t\u00edmido que me daba miedo hablar porque cre\u00eda que no sabr\u00eda que decir, o que se reir\u00edan de m\u00ed<\/em>. Esa creencia y conducta, me trajeron muchos problemas de todo tipo pero, especialmente en mi desempe\u00f1o y rendimiento, en mis resultados que eran muy mediocres y eso me hac\u00eda invisible&nbsp; tanto en la escuela, como en el trabajo y dem\u00e1s \u00e1mbitos de mi vida ordinaria.<\/p>\n\n\n\n<p class=\"has-black-color has-text-color has-medium-font-size\"><strong>La gota que derram\u00f3 el vaso<\/strong> y dispar\u00f3 todo lo anterior fue cuando estaba en cuarto a\u00f1o de primaria. <strong>Quise declamar en el festival del d\u00eda de las madres. A pesar de mi dedicaci\u00f3n en los ensayos y esfuerzo, todo se derrumb\u00f3 al salir al escenario. <\/strong>Me paralic\u00e9 de miedo, no sab\u00eda que decir, todo se me olvid\u00f3 y m\u00e1s, cuando vi la pena de mi madre. Sal\u00ed del escenario y no pod\u00eda parar de llorar por la verg\u00fcenza. Esto, marc\u00f3 mi vida para siempre. <strong>Lo sufr\u00ed en silencio por muchos a\u00f1os.<\/strong><\/p>\n\n\n\n<p class=\"has-black-color has-text-color has-medium-font-size\">Pas\u00f3 el tiempo y ya en mi adultez, me di cuenta que <strong>mi mejor revancha ser\u00eda aprender a hablar en p\u00fablico<\/strong> y comenc\u00e9 a leer decenas de &nbsp;libros que ten\u00edan que ver con el poder de las palabras, la oratoria, c\u00f3mo hablar en p\u00fablico. Observaba a grandes oradores tratando de encontrar sus estrategias para implementarlas al expresarme. Todo fue en vano, yo cre\u00eda que la facilidad de palabra me llevar\u00eda a hablar en p\u00fablico con gran <strong>agilidad verbal<\/strong> como un gran orador. <strong>Hablaba mucho y dec\u00eda poco o nada, era puro rollo.<\/strong><\/p>\n\n\n\n<p class=\"has-black-color has-text-color has-medium-font-size\">As\u00ed que,&nbsp; como maestro que soy, me lance a dar clases pero, yo percib\u00eda que <strong>algo me faltaba: no lograba persuadir<\/strong> con eficacia, tampoco ve\u00eda el poder motivador de mis palabras, no sent\u00eda que mis discursos tuvieran <strong>una estructura y me perd\u00eda f\u00e1cilmente. <\/strong>No ten\u00eda estrategias, ni <strong>UN M\u00c9TODO.<\/strong><\/p>\n\n\n\n<p class=\"has-black-color has-text-color has-medium-font-size\">Entonces comenc\u00e9 a <strong>estudiar a profundidad<\/strong> todo lo anterior, a <strong>modelar a oradores<\/strong> profesionales de renombre, a estudiar <strong>cursos de oratoria <\/strong>y decid\u00ed <strong>estructurar<\/strong> este <strong>M\u00c9TODO PROBADO E&nbsp; INFALIBLE<\/strong> que integra todo lo que un Conferencista u Orador Profesional debe saber y dominar para hacer presentaciones exitosas. Gracias a esos grandes y elocuentes personajes, que han cambiado el rumbo de la historia&nbsp; con sus discursos de quienes <strong><em>\u201cme he nutrido y modelado\u201d<\/em><\/strong><\/p>\n\n\n\n<p class=\"has-black-color has-text-color has-medium-font-size\">Ahora. Han pasado 30 a\u00f1os dedic\u00e1ndome a la Industria del Desarrollo Humano.<\/p>\n\n\n<div class=\"wp-block-image\">\n<figure class=\"aligncenter size-large is-resized\"><img decoding=\"async\" src=\"http:\/\/cehupnl.com\/wp-content\/uploads\/2023\/03\/logo-cehupnl-new-950x457.png\" alt=\"\" class=\"wp-image-998\" width=\"343\" height=\"164\" srcset=\"https:\/\/cehupnl.com\/wp-content\/uploads\/2023\/03\/logo-cehupnl-new-950x457.png 950w, https:\/\/cehupnl.com\/wp-content\/uploads\/2023\/03\/logo-cehupnl-new-300x144.png 300w, https:\/\/cehupnl.com\/wp-content\/uploads\/2023\/03\/logo-cehupnl-new-768x370.png 768w, https:\/\/cehupnl.com\/wp-content\/uploads\/2023\/03\/logo-cehupnl-new-18x9.png 18w, https:\/\/cehupnl.com\/wp-content\/uploads\/2023\/03\/logo-cehupnl-new-600x289.png 600w, https:\/\/cehupnl.com\/wp-content\/uploads\/2023\/03\/logo-cehupnl-new.png 1380w\" sizes=\"(max-width: 343px) 100vw, 343px\" \/><\/figure>\n<\/div>\n\n\n<p><\/p>\n\n\n\n<p class=\"has-text-color has-medium-font-size\" style=\"color:#030303\">Me especialic\u00e9 en varios temas y fund\u00e9 el <strong>Humanist Center for Neurolinguistic Programming<\/strong>, he certificado muchas generaciones de Practicantes, Masters, Facilitadores de PNL, Coaches y Conferencistas y Oradores Profesionales, he escrito 7 libros sobre el Desarrollo del Potencial Humano<strong>&nbsp;<\/strong>y dise\u00f1ado este<strong> ENTRENAMIENTO INTEGRAL PARA ORADORES Y CONFERENCISTAS PROFESIONALES,<\/strong> etc.<\/p>\n\n\n\n<p class=\"has-text-color has-medium-font-size\" style=\"color:#030303\"><strong>Mira los testimonios:<\/strong><\/p>\n\n\n\n<figure class=\"wp-block-embed is-type-video is-provider-youtube wp-block-embed-youtube wp-embed-aspect-16-9 wp-has-aspect-ratio\"><div class=\"wp-block-embed__wrapper\">\n<iframe title=\"Ale Testimony\" width=\"1290\" height=\"726\" src=\"https:\/\/www.youtube.com\/embed\/yJxeN8PtTSI?feature=oembed\" frameborder=\"0\" allow=\"accelerometer; autoplay; clipboard-write; encrypted-media; gyroscope; picture-in-picture; web-share\" allowfullscreen><\/iframe>\n<\/div><\/figure>\n\n\n\n<figure class=\"wp-block-embed is-type-video is-provider-youtube wp-block-embed-youtube wp-embed-aspect-16-9 wp-has-aspect-ratio\"><div class=\"wp-block-embed__wrapper\">\n<iframe title=\"Serge Testimony\" width=\"1290\" height=\"726\" src=\"https:\/\/www.youtube.com\/embed\/Yt7prZH0SFE?feature=oembed\" frameborder=\"0\" allow=\"accelerometer; autoplay; clipboard-write; encrypted-media; gyroscope; picture-in-picture; web-share\" allowfullscreen><\/iframe>\n<\/div><\/figure>\n\n\n\n<p class=\"has-text-color has-medium-font-size\" style=\"color:#030303\"><em>S\u00e9 que as\u00ed como yo, hoy en d\u00eda, hay personas que no pueden avanzar porque tienen miedo a expresarse o pedir lo que necesitan por no sentirse merecedores o tener las palabras adecuadas.<\/em><\/p>\n\n\n\n<p class=\"has-text-color has-medium-font-size\" style=\"color:#030303\">Entonces, si de verdad quieres romper y vencer todas esas barreras, aqu\u00ed estoy, &nbsp;aqu\u00ed tienes la soluci\u00f3n con el: <strong>ENTRENAMIENTO INTEGRAL PARA ORADORES Y CONFERENCISTAS PROFESIONALES <\/strong>que consta de 4 fines de semana, uno cada mes.<strong> Comenzando el 25 de Marzo.<\/strong><\/p>\n\n\n\n<p class=\"has-text-color has-medium-font-size\" style=\"color:#fb0202\"><strong>\u00bfQU\u00c9 VAS A ENCONTRAR EN ESTE ENTRENAMIENTO?<\/strong><\/p>\n\n\n\n<ul class=\"has-black-color has-text-color has-medium-font-size wp-block-list\">\n<li><em>Un m\u00e9todo probado y actualizado que te ahorrar\u00e1 mucho tiempo, dinero, errores y esfuerzo para que te conviertas en un gran expositor en esta Era del Talento Aplicado.<\/em><\/li>\n\n\n\n<li><em>Un entrenamiento personalizado que te asegure que tu inversi\u00f3n est\u00e1 bien hecha.<\/em><\/li>\n\n\n\n<li><em>Descubrir\u00e1s y aprender\u00e1s un m\u00e9todo para empoderarte y evitar el miedo paralizante por no tener una estrategia para hablar frente al p\u00fablico.<\/em><\/li>\n\n\n\n<li><em>Te entregar\u00e9 formatos y metodolog\u00edas explicitas, paso a paso, para que dise\u00f1es tus conferencias o presentaciones perfectas que te revisar\u00e9 personalmente.<\/em><\/li>\n\n\n\n<li><em>Te entregar\u00e9 un formato poderoso de la estructura de una presentaci\u00f3n o conferencia que convence&nbsp; por su planificaci\u00f3n, estructura, dise\u00f1o y exposici\u00f3n.<\/em><\/li>\n\n\n\n<li><em>Recibir\u00e1s una carpeta con los materiales correspondientes a cada m\u00f3dulo con lecturas y practicas complementarias.<\/em><\/li>\n\n\n\n<li><em>Te dar\u00e9 un vocabulario de palabras poderosas de gran impacto que te ayudar\u00e1n persuadir y multiplicar tus ventas.<\/em><\/li>\n\n\n\n<li><em>Te entrenar\u00e9 para que aprendas a&nbsp; lidiar con grupos dif\u00edciles y c\u00f3mo dividir y manejar el escenario.<\/em><\/li>\n\n\n\n<li><em>Te revelar\u00e9 como elegir un tema poderoso y tambi\u00e9n &nbsp;cu\u00e1les son los temas que tienen una gran demanda.<\/em><\/li>\n\n\n\n<li><em>Te compartir\u00e9 las maneras c\u00f3mo puedes monetizar tus servicios y productos pero sobre todo, como cobrar y administrar tus eventos.<\/em><\/li>\n<\/ul>\n\n\n\n<div class=\"wp-block-buttons is-layout-flex wp-block-buttons-is-layout-flex\">\n<div class=\"wp-block-button aligncenter has-custom-width wp-block-button__width-50 has-custom-font-size has-large-font-size\"><a class=\"wp-block-button__link has-text-color has-background wp-element-button\" href=\"https:\/\/bit.ly\/3ZFyGtx\" style=\"border-radius:33px;color:#f80000;background-color:#0bfc07\"><strong>Lo quiero ahora<\/strong><\/a><\/div>\n<\/div>\n\n\n\n<p class=\"has-black-color has-text-color has-medium-font-size\">Ahora, s\u00e9 que pagar por este tipo de adiestramientos, para muchos, puede parecer una locura pero en el <strong>ENTRENAMIENTO INTEGRAL PARA ORADORES Y CONFERENCISTAS PROFESIONALES <\/strong>encontrar\u00e1s todo lo que he aprendido acerca de la <strong>Oratoria Profesional<\/strong> durante 30 a\u00f1os, invirtiendo miles de d\u00f3lares en mi preparaci\u00f3n, miles de horas de trabajo e investigaci\u00f3n, cursos, libros, audios, videos, viajes, desgaste f\u00edsico, etc. <strong>T\u00da TE LOS VAS A AHORRAR.<\/strong><\/p>\n\n\n\n<p class=\"has-black-color has-text-color has-medium-font-size\">Tambi\u00e9n s\u00e9, que <strong>ESTA INVERSI\u00d3N<\/strong> puede abrirte las puertas de la abundancia y la satisfacci\u00f3n de dedicarte a la ayuda profesional o llenarte los bolsillos con tus ventas. <strong>CON UNA CONFERENCIA BIEN VENDIDA, PUEDES RECUPERAR LA INVERSI\u00d3N Y TE QUEDA LA GANANCIA DE TU APRENDIZAJE PARA SIEMPRE Y PARA QUE MULTIPLIQUES INCONTABLES VECES TU INVERSI\u00d3N.<\/strong><\/p>\n\n\n\n<ul class=\"has-text-color has-medium-font-size wp-block-list\" style=\"color:#030303\">\n<li><strong><em>Eso no es todo, con tu pago adelantado, recibir\u00e1s un link para que descargues mi libro digital \u201cLos Resultados son Inevitables\u201d GRATIS.<\/em><\/strong>\n<ul class=\"wp-block-list\">\n<li><\/li>\n<\/ul>\n<\/li>\n\n\n\n<li><strong><em>Si pagas TU INSCRIPCI\u00d3N A M\u00c1S TARDAR EL 15 DE MARZO de 2.450.00&nbsp; recibir\u00e1s un descuento del 20% en tus mensualidades&nbsp; de 3.490.00 Ahorrar\u00e1s 698.00 y solo pagar\u00e1s 2.792.00 mensual. <\/em><\/strong><em><\/em><\/li>\n<\/ul>\n\n\n<div class=\"wp-block-image\">\n<figure class=\"aligncenter size-medium\"><img decoding=\"async\" width=\"223\" height=\"300\" src=\"http:\/\/cehupnl.com\/wp-content\/uploads\/2023\/03\/Libro-Resultados-223x300.jpg\" alt=\"\" class=\"wp-image-1015\" srcset=\"https:\/\/cehupnl.com\/wp-content\/uploads\/2023\/03\/Libro-Resultados-223x300.jpg 223w, https:\/\/cehupnl.com\/wp-content\/uploads\/2023\/03\/Libro-Resultados-705x950.jpg 705w, https:\/\/cehupnl.com\/wp-content\/uploads\/2023\/03\/Libro-Resultados-768x1034.jpg 768w, https:\/\/cehupnl.com\/wp-content\/uploads\/2023\/03\/Libro-Resultados-1140x1536.jpg 1140w, https:\/\/cehupnl.com\/wp-content\/uploads\/2023\/03\/Libro-Resultados-1521x2048.jpg 1521w, https:\/\/cehupnl.com\/wp-content\/uploads\/2023\/03\/Libro-Resultados-9x12.jpg 9w, https:\/\/cehupnl.com\/wp-content\/uploads\/2023\/03\/Libro-Resultados-600x808.jpg 600w, https:\/\/cehupnl.com\/wp-content\/uploads\/2023\/03\/Libro-Resultados.jpg 1684w\" sizes=\"(max-width: 223px) 100vw, 223px\" \/><\/figure>\n<\/div>\n\n\n<figure class=\"wp-block-image size-large\"><img loading=\"lazy\" decoding=\"async\" width=\"950\" height=\"479\" src=\"http:\/\/cehupnl.com\/wp-content\/uploads\/2023\/03\/ofertas-950x479.png\" alt=\"\" class=\"wp-image-1016\" srcset=\"https:\/\/cehupnl.com\/wp-content\/uploads\/2023\/03\/ofertas-950x479.png 950w, https:\/\/cehupnl.com\/wp-content\/uploads\/2023\/03\/ofertas-300x151.png 300w, https:\/\/cehupnl.com\/wp-content\/uploads\/2023\/03\/ofertas-768x387.png 768w, https:\/\/cehupnl.com\/wp-content\/uploads\/2023\/03\/ofertas-18x9.png 18w, https:\/\/cehupnl.com\/wp-content\/uploads\/2023\/03\/ofertas-600x302.png 600w, https:\/\/cehupnl.com\/wp-content\/uploads\/2023\/03\/ofertas.png 1405w\" sizes=\"(max-width: 950px) 100vw, 950px\" \/><\/figure>\n\n\n\n<div class=\"wp-block-countdown-block-countdown\"><div class=\"eb-parent-wrapper eb-parent-eb-countdown-ripq5lc\"><div class=\"eb-countdown-ripq5lc eb-cd-wrapper\"><div class=\"eb-cd-inner\" blockid=\"eb-countdown-ripq5lc\" data-deadline-time=\"1678946340000\" data-is-evergreen-time=\"false\" data-evergreen-time-hours=\"11\" data-evergreen-time-minutes=\"59\" data-evergreen-recurring=\"false\" data-evergreen-restart-time=\"0\" data-evergreen-deadline-time=\"1678931055633\"><div class=\"box cd-box-day\"><span class=\"eb-cd-digit\">00<\/span><span class=\"eb-cd-label\">days<\/span><\/div><div class=\"box cd-box-hour\"><span class=\"eb-cd-digit\">00<\/span><span class=\"eb-cd-label\">hours<\/span><\/div><div class=\"box cd-box-minute\"><span class=\"eb-cd-digit\">00<\/span><span class=\"eb-cd-label\">minutes<\/span><\/div><div class=\"box cd-box-second\"><span class=\"eb-cd-digit\">00<\/span><span class=\"eb-cd-label\">seconds<\/span><\/div><\/div><\/div><\/div><\/div>\n\n\n\n<p><\/p>\n\n\n\n<p class=\"has-black-color has-text-color has-medium-font-size\"><strong>QU\u00c9 ESPERAS APRES\u00daRATE E INSCR\u00cdBETE Y RECIBE LOS BENEFICIOS QUE TE OFREZCO.<\/strong><\/p>\n\n\n\n<div class=\"wp-block-buttons is-layout-flex wp-block-buttons-is-layout-flex\">\n<div class=\"wp-block-button aligncenter has-custom-width wp-block-button__width-50 has-custom-font-size has-large-font-size\"><a class=\"wp-block-button__link has-text-color has-background wp-element-button\" href=\"https:\/\/bit.ly\/3ZFyGtx\" style=\"border-radius:22px;color:#ff0000;background-color:#0bfc07\"><strong>Quiero inscribirme<\/strong><\/a><\/div>\n<\/div>\n\n\n\n<p class=\"has-black-color has-text-color has-medium-font-size\">Si le\u00edste hasta aqu\u00ed, s\u00e9 que tu coraz\u00f3n y tu inteligencia infinita sintieron un impulso que, por un momento te acerc\u00f3 a buscar algo mejor para tu vida. <strong>\u00a1HAZLE CASO A TU INTUICION!<\/strong><\/p>\n\n\n\n<div class=\"wp-block-buttons is-layout-flex wp-block-buttons-is-layout-flex\">\n<div class=\"wp-block-button aligncenter has-custom-width wp-block-button__width-50 has-custom-font-size has-large-font-size\"><a class=\"wp-block-button__link has-text-color has-background wp-element-button\" href=\"https:\/\/bit.ly\/3ZFyGtx\" style=\"border-radius:22px;color:#fe0000;background-color:#0bfc07\"><strong>Sent\u00ed el impulso y quiero inscribirme<\/strong><strong style=\"font-family: var(--buttonFontFamily, var(--fontFamily)); font-size: var(--buttonFontSize); font-style: var(--buttonFontStyle); letter-spacing: var(--buttonLetterSpacing); text-transform: var(--buttonTextTransform); display: inline !important;\"><\/strong><\/a><\/div>\n<\/div>\n\n\n\n<ul class=\"has-black-color has-text-color has-medium-font-size wp-block-list\">\n<li><strong><em>Si&nbsp; el miedo te paraliza<\/em><\/strong><\/li>\n\n\n\n<li><strong><em>Si te pones nervioso<\/em><\/strong><\/li>\n\n\n\n<li><strong><em>Si te sudan las manos<\/em><\/strong><\/li>\n\n\n\n<li><strong><em>Si te falta la respiraci\u00f3n<\/em><\/strong><\/li>\n\n\n\n<li><strong><em>Si te trabas y no sabes que hacer,&nbsp; al hablar frente a otras personas.<\/em><\/strong><\/li>\n<\/ul>\n\n\n\n<h2 class=\"has-text-align-center has-text-color wp-block-heading\" style=\"color:#f90101\">\u00a1\u00a1\u00a1AQU\u00cd ESTA LA SOLUCION!!!<\/h2>\n\n\n\n<p class=\"has-black-color has-text-color has-medium-font-size\">Ahora <strong>t\u00fa decides si contin\u00faas<\/strong> con las limitaciones que te han impedido lograr tus objetivos econ\u00f3micos, familiares, profesionales, relacionales y espirituales <strong>o darte una oportunidad<\/strong> como \u00e9sta de trascender a tu tiempo siendo m\u00e1s rico, sabio y feliz.<\/p>\n\n\n\n<div class=\"wp-block-buttons is-layout-flex wp-block-buttons-is-layout-flex\">\n<div class=\"wp-block-button aligncenter has-custom-width wp-block-button__width-50 has-custom-font-size has-large-font-size\"><a class=\"wp-block-button__link has-text-color has-background wp-element-button\" href=\"https:\/\/bit.ly\/3ZFyGtx\" style=\"border-radius:22px;color:#ff0000;background-color:#0bfc07\"><strong>sign up now<\/strong><\/a><\/div>\n<\/div>\n\n\n\n<p class=\"has-black-color has-text-color has-medium-font-size\">P.D. T\u00fa y yo sabemos que est\u00e1s interesado en mejorar tu nivel de vida y ganar m\u00e1s dinero estructurando conferencias y presentaciones, motivadoras, persuasivas, poderosas y transformadoras, por eso, has llegado hasta aqu\u00ed. Este es el momento de dar el siguiente paso inscribi\u00e9ndote ahora mismo.<\/p>\n\n\n\n<p class=\"has-black-color has-text-color has-medium-font-size\"><strong>Da el paso ahora!<\/strong><\/p>\n\n\n\n<div class=\"wp-block-buttons is-layout-flex wp-block-buttons-is-layout-flex\">\n<div class=\"wp-block-button aligncenter has-custom-width wp-block-button__width-50 has-custom-font-size has-large-font-size\"><a class=\"wp-block-button__link has-text-color has-background wp-element-button\" href=\"https:\/\/bit.ly\/3ZFyGtx\" style=\"border-radius:22px;color:#f80000;background-color:#0bfc07\"><strong>sign up now<\/strong><\/a><\/div>\n<\/div>\n\n\n\n<p class=\"has-black-color has-text-color has-medium-font-size\"><\/p>\n<div class='cb-post-url-qr-code'><br><img src='https:\/\/api.qrserver.com\/v1\/create-qr-code\/?size=185x185&ecc=L&qzone=1&data=https%3A%2F%2Fcehupnl.com%2Fen%2Fconferencistas-expertos%2F' alt='CONFERENCISTAS Y ORADORES PROFESIONALES'\/><\/div><div style=\"margin: 20px 0;\"><div class=\"qrcswholewtapper\" style=\"text-align:left;\"><div class=\"qrcprowrapper\"  id=\"qrcwraa2leds\"><div class=\"qrc_canvass\" id=\"qrc_cuttenpages_2\" style=\"display:inline-block\" data-text=\"https:\/\/cehupnl.com\/en\/conferencistas-expertos\/\"><\/div><div><a download=\"CONFERENCISTAS Y ORADORES PROFESIONALES.png\" class=\"qrcdownloads\" id=\"worign\">\r\n           <button type=\"button\" style=\"min-width:200px;background:#44d813;color:#000;font-weight: 600;border: 1px solid #44d813;border-radius:20px;font-size:12px;padding: 6px 0;\" class=\"uqr_code_btn\">Download QR<\/button>\r\n           <\/a><\/div><\/div><\/div><\/div>","protected":false},"excerpt":{"rendered":"<p>Me imagino que est\u00e1s leyendo esto porque tal vez, te pase lo mismo que a m\u00ed en mi infancia. Por\u2026<\/p>","protected":false},"author":1,"featured_media":0,"parent":0,"menu_order":0,"comment_status":"closed","ping_status":"closed","template":"","meta":{"_eb_attr":"","_joinchat":[],"footnotes":""},"class_list":["post-997","page","type-page","status-publish","hentry"],"blocksy_meta":{"styles_descriptor":{"styles":{"desktop":"","tablet":"","mobile":""},"google_fonts":[],"version":5}},"_links":{"self":[{"href":"https:\/\/cehupnl.com\/en\/wp-json\/wp\/v2\/pages\/997","targetHints":{"allow":["GET"]}}],"collection":[{"href":"https:\/\/cehupnl.com\/en\/wp-json\/wp\/v2\/pages"}],"about":[{"href":"https:\/\/cehupnl.com\/en\/wp-json\/wp\/v2\/types\/page"}],"author":[{"embeddable":true,"href":"https:\/\/cehupnl.com\/en\/wp-json\/wp\/v2\/users\/1"}],"replies":[{"embeddable":true,"href":"https:\/\/cehupnl.com\/en\/wp-json\/wp\/v2\/comments?post=997"}],"version-history":[{"count":25,"href":"https:\/\/cehupnl.com\/en\/wp-json\/wp\/v2\/pages\/997\/revisions"}],"predecessor-version":[{"id":1030,"href":"https:\/\/cehupnl.com\/en\/wp-json\/wp\/v2\/pages\/997\/revisions\/1030"}],"wp:attachment":[{"href":"https:\/\/cehupnl.com\/en\/wp-json\/wp\/v2\/media?parent=997"}],"curies":[{"name":"wp","href":"https:\/\/api.w.org\/{rel}","templated":true}]}}